{"id":16,"date":"2011-09-16T00:25:32","date_gmt":"2011-09-15T22:25:32","guid":{"rendered":"http:\/\/parroquiaanunciacion.com\/adorar\/?page_id=16"},"modified":"2016-04-29T10:55:12","modified_gmt":"2016-04-29T08:55:12","slug":"adorar-en-directo","status":"publish","type":"page","link":"https:\/\/parroquiaanunciacion.com\/adorar\/adorar-en-directo\/","title":{"rendered":"ADORAR en Livestream"},"content":{"rendered":"<blockquote>\n<h5 style=\"text-align: left;\"><span style=\"color: #ff0000;\">Utiliza el chat que tienes a tu derecha para hacer tus intenciones de oraci\u00f3n y el grupo de j\u00f3venes que anima la adoraci\u00f3n colocar\u00e1 una vela por ellas.<\/span><\/h5>\n<h6 style=\"text-align: justify;\"><em>DISCULPAD LOS ANUNCIOS, POR EL MOMENTO NO HEMOS ENCONTRADO SERVIDORES GRATUITOS SIN ELLOS. Pod\u00e9is cerrar los anuncios inferiores pulsando la \u00abx\u00bb.<\/em><\/h6>\n<\/blockquote>\n<p align=\"center\"><iframe loading=\"lazy\" style=\"border: 0; outline: 0;\" src=\"http:\/\/cdn.livestream.com\/embed\/preparadorar?layout=4&amp;height=340&amp;width=560&amp;autoplay=true\" width=\"560\" height=\"340\" frameborder=\"0\" scrolling=\"no\"><\/iframe><\/p>\n<div style=\"font-size: 11px; padding-top: 10px; text-align: center; width: 560px;\"><\/div>\n<p><em>La emisi\u00f3n en directo y el chat estar\u00e1n activos cada jueves entre las 20:30h. y las 23:00h. Desde octubre hasta junio.<\/em><\/p>\n","protected":false},"excerpt":{"rendered":"<p>Utiliza el chat que tienes a tu derecha para hacer tus intenciones de oraci\u00f3n y el grupo de j\u00f3venes que anima la adoraci\u00f3n colocar\u00e1 una vela por ellas. DISCULPAD LOS ANUNCIOS, POR EL MOMENTO NO HEMOS ENCONTRADO SERVIDORES GRATUITOS SIN ELLOS. Pod\u00e9is cerrar los anuncios inferiores pulsando la \u00abx\u00bb. La emisi\u00f3n en directo y el [&hellip;]<\/p>\n","protected":false},"author":1,"featured_media":0,"parent":0,"menu_order":5,"comment_status":"open","ping_status":"closed","template":"","meta":{"_et_pb_use_builder":"","_et_pb_old_content":"","_et_gb_content_width":"","jetpack_post_was_ever_published":false,"footnotes":""},"class_list":["post-16","page","type-page","status-publish","hentry"],"jetpack_shortlink":"https:\/\/wp.me\/P1XqF3-g","jetpack_sharing_enabled":true,"_links":{"self":[{"href":"https:\/\/parroquiaanunciacion.com\/adorar\/wp-json\/wp\/v2\/pages\/16","targetHints":{"allow":["GET"]}}],"collection":[{"href":"https:\/\/parroquiaanunciacion.com\/adorar\/wp-json\/wp\/v2\/pages"}],"about":[{"href":"https:\/\/parroquiaanunciacion.com\/adorar\/wp-json\/wp\/v2\/types\/page"}],"author":[{"embeddable":true,"href":"https:\/\/parroquiaanunciacion.com\/adorar\/wp-json\/wp\/v2\/users\/1"}],"replies":[{"embeddable":true,"href":"https:\/\/parroquiaanunciacion.com\/adorar\/wp-json\/wp\/v2\/comments?post=16"}],"version-history":[{"count":64,"href":"https:\/\/parroquiaanunciacion.com\/adorar\/wp-json\/wp\/v2\/pages\/16\/revisions"}],"predecessor-version":[{"id":1879,"href":"https:\/\/parroquiaanunciacion.com\/adorar\/wp-json\/wp\/v2\/pages\/16\/revisions\/1879"}],"wp:attachment":[{"href":"https:\/\/parroquiaanunciacion.com\/adorar\/wp-json\/wp\/v2\/media?parent=16"}],"curies":[{"name":"wp","href":"https:\/\/api.w.org\/{rel}","templated":true}]}}