{"id":2344,"date":"2020-03-27T09:27:29","date_gmt":"2020-03-27T08:27:29","guid":{"rendered":"http:\/\/parroquiaanunciacion.com\/adorar\/?page_id=2344"},"modified":"2024-12-27T10:28:37","modified_gmt":"2024-12-27T09:28:37","slug":"oracion-desde-el-vaticano","status":"publish","type":"page","link":"https:\/\/parroquiaanunciacion.com\/adorar\/","title":{"rendered":"Home"},"content":{"rendered":"<p>[et_pb_section fb_built=\u00bb1&#8243; disabled_on=\u00bboff|off|off\u00bb _builder_version=\u00bb4.24.0&#8243; _module_preset=\u00bbdefault\u00bb custom_margin=\u00bb-43px|||||\u00bb global_colors_info=\u00bb{}\u00bb][et_pb_row disabled_on=\u00bbon|on|on\u00bb _builder_version=\u00bb4.27.2&#8243; _module_preset=\u00bbdefault\u00bb disabled=\u00bbon\u00bb global_colors_info=\u00bb{}\u00bb][et_pb_column type=\u00bb4_4&#8243; _builder_version=\u00bb4.21.0&#8243; _module_preset=\u00bbdefault\u00bb global_colors_info=\u00bb{}\u00bb][et_pb_text _builder_version=\u00bb4.21.0&#8243; _module_preset=\u00bbdefault\u00bb global_colors_info=\u00bb{}\u00bb]<\/p>\n<h2 style=\"text-align: center;\"><strong>VOLVEMOS EN OCTUBRE<\/strong><\/h2>\n<h2 style=\"text-align: center;\"><img loading=\"lazy\" decoding=\"async\" data-attachment-id=\"803\" data-permalink=\"https:\/\/parroquiaanunciacion.com\/adorar\/cargando-las-pilas\/img_boletin_005_carga_pila\/\" data-orig-file=\"https:\/\/parroquiaanunciacion.com\/adorar\/wp-content\/uploads\/2012\/07\/Img_Boletin_005_Carga_Pila.gif\" data-orig-size=\"760,280\" data-comments-opened=\"1\" data-image-meta=\"{&quot;aperture&quot;:&quot;0&quot;,&quot;credit&quot;:&quot;&quot;,&quot;camera&quot;:&quot;&quot;,&quot;caption&quot;:&quot;&quot;,&quot;created_timestamp&quot;:&quot;0&quot;,&quot;copyright&quot;:&quot;&quot;,&quot;focal_length&quot;:&quot;0&quot;,&quot;iso&quot;:&quot;0&quot;,&quot;shutter_speed&quot;:&quot;0&quot;,&quot;title&quot;:&quot;&quot;}\" data-image-title=\"Img_Boletin_005_Carga_Pila\" data-image-description=\"\" data-image-caption=\"\" data-medium-file=\"https:\/\/parroquiaanunciacion.com\/adorar\/wp-content\/uploads\/2012\/07\/Img_Boletin_005_Carga_Pila-300x110.gif\" data-large-file=\"https:\/\/parroquiaanunciacion.com\/adorar\/wp-content\/uploads\/2012\/07\/Img_Boletin_005_Carga_Pila.gif\" class=\"aligncenter size-full wp-image-803\" src=\"https:\/\/parroquiaanunciacion.com\/adorar\/wp-content\/uploads\/2012\/07\/Img_Boletin_005_Carga_Pila.gif\" alt=\"\" width=\"760\" height=\"280\" srcset=\"https:\/\/parroquiaanunciacion.com\/adorar\/wp-content\/uploads\/2012\/07\/Img_Boletin_005_Carga_Pila.gif 760w, https:\/\/parroquiaanunciacion.com\/adorar\/wp-content\/uploads\/2012\/07\/Img_Boletin_005_Carga_Pila-300x110.gif 300w\" sizes=\"(max-width: 760px) 100vw, 760px\" \/><\/h2>\n<h2 style=\"text-align: center;\">Cargando las pilas&#8230;<\/h2>\n<p>[\/et_pb_text][\/et_pb_column][\/et_pb_row][et_pb_row disabled_on=\u00bbon|on|on\u00bb _builder_version=\u00bb4.27.4&#8243; _module_preset=\u00bbdefault\u00bb custom_margin=\u00bb|24px||auto||\u00bb disabled=\u00bbon\u00bb global_colors_info=\u00bb{}\u00bb][et_pb_column type=\u00bb4_4&#8243; _builder_version=\u00bb4.25.0&#8243; _module_preset=\u00bbdefault\u00bb global_colors_info=\u00bb{}\u00bb][et_pb_blurb title=\u00bbPOR DIFICULTADES T\u00c9CNICAS HOY NO HABR\u00c1 EMISI\u00d3N\u00bb use_icon=\u00bbon\u00bb font_icon=\u00bb&#xf071;||fa||900&#8243; _builder_version=\u00bb4.25.0&#8243; _module_preset=\u00bbdefault\u00bb global_colors_info=\u00bb{}\u00bb]<\/p>\n<p>Disculpen las molestias<\/p>\n<p>[\/et_pb_blurb][\/et_pb_column][\/et_pb_row][et_pb_row column_structure=\u00bb3_5,2_5&#8243; _builder_version=\u00bb4.27.4&#8243; _module_preset=\u00bbdefault\u00bb global_colors_info=\u00bb{}\u00bb][et_pb_column type=\u00bb3_5&#8243; _builder_version=\u00bb4.27.4&#8243; _module_preset=\u00bbdefault\u00bb global_colors_info=\u00bb{}\u00bb][et_pb_blurb title=\u00bb#YoAdoroLosJueves\u00bb url=\u00bbhttps:\/\/www.youtube.com\/user\/preparadorar\u00bb use_icon=\u00bbon\u00bb font_icon=\u00bb&#xf684;||fa||900&#8243; _builder_version=\u00bb4.27.2&#8243; _module_preset=\u00bbdefault\u00bb background_enable_image=\u00bboff\u00bb link_option_url=\u00bbhttps:\/\/www.youtube.com\/user\/preparadorar\u00bb global_colors_info=\u00bb{}\u00bb]<\/p>\n<p>Cada jueves una luz se enciende en el centro de Santander. En la Parroquia de la Anunciaci\u00f3n el Se\u00f1or te espera sobre el altar: a las 20:30h. celebraremos la Eucarist\u00eda y esta quedar\u00e1 expuesta hasta las 23:00h.<\/p>\n<p>Tambi\u00e9n puedes seguir online la adoraci\u00f3n:<a href=\"https:\/\/www.youtube.com\/user\/preparadorar\" target=\"_blank\" rel=\"noopener noreferrer\"> \u00a1suscr\u00edbete a nuestro canal de YouTube!<\/a><\/p>\n<p>&nbsp;<\/p>\n<p>[\/et_pb_blurb][et_pb_video src=\u00bbhttps:\/\/youtu.be\/UZVJ2HVww68?si=DS2SzPyQsVuKnKT1&#8243; _builder_version=\u00bb4.27.2&#8243; _module_preset=\u00bbdefault\u00bb global_colors_info=\u00bb{}\u00bb][\/et_pb_video][\/et_pb_column][et_pb_column type=\u00bb2_5&#8243; _builder_version=\u00bb4.27.4&#8243; _module_preset=\u00bbdefault\u00bb global_colors_info=\u00bb{}\u00bb][et_pb_blurb title=\u00bbADORAR en directo\u00bb url=\u00bbhttps:\/\/www.youtube.com\/preparadorar\/live\u00bb url_new_window=\u00bbon\u00bb use_icon=\u00bbon\u00bb font_icon=\u00bb&#x49;||divi||400&#8243; icon_placement=\u00bbleft\u00bb _builder_version=\u00bb4.27.4&#8243; _module_preset=\u00bbdefault\u00bb global_colors_info=\u00bb{}\u00bb]<\/p>\n<p><a href=\"https:\/\/www.youtube.com\/preparadorar\/live\" target=\"_blank\" rel=\"noopener\"><img loading=\"lazy\" decoding=\"async\" data-attachment-id=\"3292\" data-permalink=\"https:\/\/parroquiaanunciacion.com\/adorar\/img_1614\/\" data-orig-file=\"https:\/\/parroquiaanunciacion.com\/adorar\/wp-content\/uploads\/2024\/12\/IMG_1614.jpeg\" data-orig-size=\"1080,1080\" data-comments-opened=\"1\" data-image-meta=\"{&quot;aperture&quot;:&quot;0&quot;,&quot;credit&quot;:&quot;&quot;,&quot;camera&quot;:&quot;&quot;,&quot;caption&quot;:&quot;&quot;,&quot;created_timestamp&quot;:&quot;0&quot;,&quot;copyright&quot;:&quot;&quot;,&quot;focal_length&quot;:&quot;0&quot;,&quot;iso&quot;:&quot;0&quot;,&quot;shutter_speed&quot;:&quot;0&quot;,&quot;title&quot;:&quot;&quot;,&quot;orientation&quot;:&quot;1&quot;}\" data-image-title=\"IMG_1614\" data-image-description=\"\" data-image-caption=\"\" data-medium-file=\"https:\/\/parroquiaanunciacion.com\/adorar\/wp-content\/uploads\/2024\/12\/IMG_1614-300x300.jpeg\" data-large-file=\"https:\/\/parroquiaanunciacion.com\/adorar\/wp-content\/uploads\/2024\/12\/IMG_1614-1024x1024.jpeg\" src=\"https:\/\/parroquiaanunciacion.com\/adorar\/wp-content\/uploads\/2024\/12\/IMG_1614-1024x1024.jpeg\" width=\"1024\" height=\"1024\" alt=\"\" class=\"wp-image-3292 aligncenter size-large\" srcset=\"https:\/\/parroquiaanunciacion.com\/adorar\/wp-content\/uploads\/2024\/12\/IMG_1614-1024x1024.jpeg 1024w, https:\/\/parroquiaanunciacion.com\/adorar\/wp-content\/uploads\/2024\/12\/IMG_1614-980x980.jpeg 980w, https:\/\/parroquiaanunciacion.com\/adorar\/wp-content\/uploads\/2024\/12\/IMG_1614-480x480.jpeg 480w\" sizes=\"(min-width: 0px) and (max-width: 480px) 480px, (min-width: 481px) and (max-width: 980px) 980px, (min-width: 981px) 1024px, 100vw\" \/><\/a><br \/><em>El directo estar\u00e1 activo los jueves de 20:30h. a 23:00h. (Hora espa\u00f1ola). Desde octubre hasta junio, incluidos. <\/em><\/p>\n<p>[\/et_pb_blurb][\/et_pb_column][\/et_pb_row][et_pb_row column_structure=\u00bb1_4,1_2,1_4&#8243; _builder_version=\u00bb4.27.2&#8243; _module_preset=\u00bbdefault\u00bb global_colors_info=\u00bb{}\u00bb][et_pb_column type=\u00bb1_4&#8243; _builder_version=\u00bb4.27.2&#8243; _module_preset=\u00bbdefault\u00bb global_colors_info=\u00bb{}\u00bb][\/et_pb_column][et_pb_column type=\u00bb1_2&#8243; _builder_version=\u00bb4.27.2&#8243; _module_preset=\u00bbdefault\u00bb global_colors_info=\u00bb{}\u00bb][et_pb_image src=\u00bbhttps:\/\/parroquiaanunciacion.com\/adorar\/wp-content\/uploads\/2024\/10\/publi-ADORAR-2024-2025.png\u00bb title_text=\u00bbpubli ADORAR 2024-2025&#8243; _builder_version=\u00bb4.27.2&#8243; _module_preset=\u00bbdefault\u00bb global_colors_info=\u00bb{}\u00bb][\/et_pb_image][\/et_pb_column][et_pb_column type=\u00bb1_4&#8243; _builder_version=\u00bb4.27.2&#8243; _module_preset=\u00bbdefault\u00bb global_colors_info=\u00bb{}\u00bb][\/et_pb_column][\/et_pb_row][\/et_pb_section][et_pb_section fb_built=\u00bb1&#8243; _builder_version=\u00bb4.16&#8243; _module_preset=\u00bbdefault\u00bb background_color=\u00bbrgba(0,0,0,0)\u00bb global_colors_info=\u00bb{}\u00bb][et_pb_row _builder_version=\u00bb4.16&#8243; _module_preset=\u00bbdefault\u00bb global_colors_info=\u00bb{}\u00bb][et_pb_column type=\u00bb4_4&#8243; _builder_version=\u00bb4.16&#8243; _module_preset=\u00bbdefault\u00bb global_colors_info=\u00bb{}\u00bb][et_pb_text _builder_version=\u00bb4.16&#8243; _module_preset=\u00bbdefault\u00bb text_font=\u00bbArchivo Black||||||||\u00bb text_font_size=\u00bb15px\u00bb global_colors_info=\u00bb{}\u00bb]<\/p>\n<h1 style=\"text-align: center;\">Bienvenido a ADORAR<\/h1>\n<p>[\/et_pb_text][\/et_pb_column][\/et_pb_row][\/et_pb_section][et_pb_section fb_built=\u00bb1&#8243; _builder_version=\u00bb4.16&#8243; _module_preset=\u00bbdefault\u00bb background_color=\u00bbrgba(0,0,0,0)\u00bb global_colors_info=\u00bb{}\u00bb][\/et_pb_section]<\/p>\n","protected":false},"excerpt":{"rendered":"<p>VOLVEMOS EN OCTUBRE Cargando las pilas&#8230;Disculpen las molestiasCada jueves una luz se enciende en el centro de Santander. En la Parroquia de la Anunciaci\u00f3n el Se\u00f1or te espera sobre el altar: a las 20:30h. celebraremos la Eucarist\u00eda y esta quedar\u00e1 expuesta hasta las 23:00h. Tambi\u00e9n puedes seguir online la adoraci\u00f3n: \u00a1suscr\u00edbete a nuestro canal de [&hellip;]<\/p>\n","protected":false},"author":1,"featured_media":0,"parent":0,"menu_order":0,"comment_status":"closed","ping_status":"closed","template":"","meta":{"_et_pb_use_builder":"on","_et_pb_old_content":"<!-- wp:separator -->\n<hr class=\"wp-block-separator\"\/>\n<!-- \/wp:separator -->\n\n<!-- wp:core-embed\/youtube {\"url\":\"https:\/\/youtu.be\/3NoLUOlSshY\",\"type\":\"video\",\"providerNameSlug\":\"youtube\",\"className\":\"wp-embed-aspect-4-3 wp-has-aspect-ratio\"} -->\n<figure class=\"wp-block-embed-youtube wp-block-embed is-type-video is-provider-youtube wp-embed-aspect-4-3 wp-has-aspect-ratio\"><div class=\"wp-block-embed__wrapper\">\nhttps:\/\/youtu.be\/3NoLUOlSshY\n<\/div><\/figure>\n<!-- \/wp:core-embed\/youtube -->","_et_gb_content_width":"1080","jetpack_post_was_ever_published":false,"footnotes":""},"class_list":["post-2344","page","type-page","status-publish","hentry"],"jetpack_shortlink":"https:\/\/wp.me\/P1XqF3-BO","jetpack_sharing_enabled":true,"_links":{"self":[{"href":"https:\/\/parroquiaanunciacion.com\/adorar\/wp-json\/wp\/v2\/pages\/2344","targetHints":{"allow":["GET"]}}],"collection":[{"href":"https:\/\/parroquiaanunciacion.com\/adorar\/wp-json\/wp\/v2\/pages"}],"about":[{"href":"https:\/\/parroquiaanunciacion.com\/adorar\/wp-json\/wp\/v2\/types\/page"}],"author":[{"embeddable":true,"href":"https:\/\/parroquiaanunciacion.com\/adorar\/wp-json\/wp\/v2\/users\/1"}],"replies":[{"embeddable":true,"href":"https:\/\/parroquiaanunciacion.com\/adorar\/wp-json\/wp\/v2\/comments?post=2344"}],"version-history":[{"count":337,"href":"https:\/\/parroquiaanunciacion.com\/adorar\/wp-json\/wp\/v2\/pages\/2344\/revisions"}],"predecessor-version":[{"id":3295,"href":"https:\/\/parroquiaanunciacion.com\/adorar\/wp-json\/wp\/v2\/pages\/2344\/revisions\/3295"}],"wp:attachment":[{"href":"https:\/\/parroquiaanunciacion.com\/adorar\/wp-json\/wp\/v2\/media?parent=2344"}],"curies":[{"name":"wp","href":"https:\/\/api.w.org\/{rel}","templated":true}]}}