{"id":39,"date":"2011-09-16T02:50:06","date_gmt":"2011-09-16T00:50:06","guid":{"rendered":"http:\/\/parroquiaanunciacion.com\/adorar\/?page_id=39"},"modified":"2016-04-29T10:46:39","modified_gmt":"2016-04-29T08:46:39","slug":"%c2%bfque-hacemos","status":"publish","type":"page","link":"https:\/\/parroquiaanunciacion.com\/adorar\/%c2%bfque-hacemos\/","title":{"rendered":"\u00bfQu\u00e9 hacemos?"},"content":{"rendered":"<h3><span style=\"color: #ffffff;\"><a href=\"http:\/\/parroquiaanunciacion.com\/adorar\/wp-content\/uploads\/2011\/09\/20080411_jornada-oracion-vocaciones2008_108.jpg\"><img loading=\"lazy\" decoding=\"async\" data-attachment-id=\"86\" data-permalink=\"https:\/\/parroquiaanunciacion.com\/adorar\/%c2%bfque-hacemos\/20080411_jornada-oracion-vocaciones2008_108\/\" data-orig-file=\"https:\/\/parroquiaanunciacion.com\/adorar\/wp-content\/uploads\/2011\/09\/20080411_jornada-oracion-vocaciones2008_108.jpg\" data-orig-size=\"640,427\" data-comments-opened=\"0\" data-image-meta=\"{&quot;aperture&quot;:&quot;5.6&quot;,&quot;credit&quot;:&quot;&quot;,&quot;camera&quot;:&quot;Canon EOS 400D DIGITAL&quot;,&quot;caption&quot;:&quot;&quot;,&quot;created_timestamp&quot;:&quot;1207951555&quot;,&quot;copyright&quot;:&quot;&quot;,&quot;focal_length&quot;:&quot;300&quot;,&quot;iso&quot;:&quot;400&quot;,&quot;shutter_speed&quot;:&quot;0.16666666666667&quot;,&quot;title&quot;:&quot;&quot;}\" data-image-title=\"custodia\" data-image-description=\"\" data-image-caption=\"\" data-medium-file=\"https:\/\/parroquiaanunciacion.com\/adorar\/wp-content\/uploads\/2011\/09\/20080411_jornada-oracion-vocaciones2008_108-300x200.jpg\" data-large-file=\"https:\/\/parroquiaanunciacion.com\/adorar\/wp-content\/uploads\/2011\/09\/20080411_jornada-oracion-vocaciones2008_108.jpg\" class=\"alignleft size-medium wp-image-86\" title=\"custodia\" src=\"http:\/\/parroquiaanunciacion.com\/adorar\/wp-content\/uploads\/2011\/09\/20080411_jornada-oracion-vocaciones2008_108-300x200.jpg\" alt=\"\" width=\"300\" height=\"200\" srcset=\"https:\/\/parroquiaanunciacion.com\/adorar\/wp-content\/uploads\/2011\/09\/20080411_jornada-oracion-vocaciones2008_108-300x200.jpg 300w, https:\/\/parroquiaanunciacion.com\/adorar\/wp-content\/uploads\/2011\/09\/20080411_jornada-oracion-vocaciones2008_108.jpg 640w\" sizes=\"(max-width: 300px) 100vw, 300px\" \/><\/a>.<\/span><\/h3>\n<h3>Los encuentros ADORAR tienen lugar todos los jueves en la Parroquia de la Anunciaci\u00f3n de Santander. Se desarrollar\u00e1n de la siguiente manera:<\/h3>\n<h3>\u00a0 \u00a0 \u00a0 \u00a0 \u00a0 <strong>20:30h. Celebraci\u00f3n de la Eucarist\u00eda<\/strong>,<\/h3>\n<h3>\u00a0 \u00a0 \u00a0 \u00a0 \u00a0 con una peque\u00f1a predicaci\u00f3n, presidida por sacerdotes de distintas\u00a0realidades de la Iglesia.<\/h3>\n<h3>\u00a0 \u00a0 \u00a0 \u00a0 \u00a0 <strong>21:00h. Adoraci\u00f3n Eucar\u00edstica<\/strong><\/h3>\n<h3>\u00a0 \u00a0 \u00a0 \u00a0 \u00a0 acompa\u00f1ado de una oraci\u00f3n animada con textos meditativos,\u00a0cantos, tiempos de silencio&#8230;<\/h3>\n<h3>\u00a0 \u00a0 \u00a0 \u00a0 \u00a0 <strong>23:00h. Bendici\u00f3n con el Sant\u00edsimo Sacramento y reserva.<\/strong><\/h3>\n<h3>Durante la oraci\u00f3n, las puertas de la Parroquia permanecer\u00e1n abiertas e iluminadas como testimonio de lo que sucede en el interior. Tambi\u00e9n habr\u00e1 elementos que invitar\u00e1n a entrar para orar. No tienes por qu\u00e9 quedarte las dos horas de adoraci\u00f3n, ni asistir a la Eucarist\u00eda previa: dedica el tiempo que puedas y quieras, \u00a1ven cinco minutos o qu\u00e9date las dos horas, pero no faltes a la cita!<\/h3>\n<h3>Una luz se enciende en la noche de los jueves en Santander. Ven, ac\u00e9rcate, no podemos cont\u00e1rtelo todo porque ser\u00e1 una sorpresa cada vez. <a href=\"https:\/\/youtu.be\/LeGT2jTUlR8\" target=\"_blank\">Tambi\u00e9n podr\u00e1s seguirnos en directo<\/a>.<\/h3>\n<blockquote>\n<h3 style=\"text-align: center;\">\u00bfPreparado para ADORAR?<\/h3>\n<\/blockquote>\n","protected":false},"excerpt":{"rendered":"<p>. Los encuentros ADORAR tienen lugar todos los jueves en la Parroquia de la Anunciaci\u00f3n de Santander. Se desarrollar\u00e1n de la siguiente manera: \u00a0 \u00a0 \u00a0 \u00a0 \u00a0 20:30h. Celebraci\u00f3n de la Eucarist\u00eda, \u00a0 \u00a0 \u00a0 \u00a0 \u00a0 con una peque\u00f1a predicaci\u00f3n, presidida por sacerdotes de distintas\u00a0realidades de la Iglesia. \u00a0 \u00a0 \u00a0 \u00a0 \u00a0 [&hellip;]<\/p>\n","protected":false},"author":1,"featured_media":0,"parent":0,"menu_order":2,"comment_status":"closed","ping_status":"closed","template":"page-c1.php","meta":{"_et_pb_use_builder":"","_et_pb_old_content":"","_et_gb_content_width":"","jetpack_post_was_ever_published":false,"footnotes":""},"class_list":["post-39","page","type-page","status-publish","hentry"],"jetpack_shortlink":"https:\/\/wp.me\/P1XqF3-D","jetpack_sharing_enabled":true,"_links":{"self":[{"href":"https:\/\/parroquiaanunciacion.com\/adorar\/wp-json\/wp\/v2\/pages\/39","targetHints":{"allow":["GET"]}}],"collection":[{"href":"https:\/\/parroquiaanunciacion.com\/adorar\/wp-json\/wp\/v2\/pages"}],"about":[{"href":"https:\/\/parroquiaanunciacion.com\/adorar\/wp-json\/wp\/v2\/types\/page"}],"author":[{"embeddable":true,"href":"https:\/\/parroquiaanunciacion.com\/adorar\/wp-json\/wp\/v2\/users\/1"}],"replies":[{"embeddable":true,"href":"https:\/\/parroquiaanunciacion.com\/adorar\/wp-json\/wp\/v2\/comments?post=39"}],"version-history":[{"count":12,"href":"https:\/\/parroquiaanunciacion.com\/adorar\/wp-json\/wp\/v2\/pages\/39\/revisions"}],"predecessor-version":[{"id":1876,"href":"https:\/\/parroquiaanunciacion.com\/adorar\/wp-json\/wp\/v2\/pages\/39\/revisions\/1876"}],"wp:attachment":[{"href":"https:\/\/parroquiaanunciacion.com\/adorar\/wp-json\/wp\/v2\/media?parent=39"}],"curies":[{"name":"wp","href":"https:\/\/api.w.org\/{rel}","templated":true}]}}