{"id":7,"date":"2011-09-06T00:43:08","date_gmt":"2011-09-05T22:43:08","guid":{"rendered":"http:\/\/estoypreparado.wordpress.com\/?page_id=7"},"modified":"2012-01-26T22:03:45","modified_gmt":"2012-01-26T21:03:45","slug":"%c2%bfque-es-adorar","status":"publish","type":"page","link":"https:\/\/parroquiaanunciacion.com\/adorar\/%c2%bfque-es-adorar\/","title":{"rendered":"\u00bfQu\u00e9 es &#8216;ADORAR&#8217;?"},"content":{"rendered":"<h4 style=\"text-align: justify;\"><span style=\"color: #ffffff;\"><a href=\"http:\/\/parroquiaanunciacion.com\/adorar\/wp-content\/uploads\/2011\/09\/eucharist-adoration1.jpg\"><img loading=\"lazy\" decoding=\"async\" data-attachment-id=\"81\" data-permalink=\"https:\/\/parroquiaanunciacion.com\/adorar\/%c2%bfque-es-adorar\/eucharist-adoration1\/\" data-orig-file=\"https:\/\/parroquiaanunciacion.com\/adorar\/wp-content\/uploads\/2011\/09\/eucharist-adoration1.jpg\" data-orig-size=\"300,247\" data-comments-opened=\"0\" data-image-meta=\"{&quot;aperture&quot;:&quot;0&quot;,&quot;credit&quot;:&quot;&quot;,&quot;camera&quot;:&quot;&quot;,&quot;caption&quot;:&quot;&quot;,&quot;created_timestamp&quot;:&quot;0&quot;,&quot;copyright&quot;:&quot;&quot;,&quot;focal_length&quot;:&quot;0&quot;,&quot;iso&quot;:&quot;0&quot;,&quot;shutter_speed&quot;:&quot;0&quot;,&quot;title&quot;:&quot;&quot;}\" data-image-title=\"eucharist-adoration1\" data-image-description=\"\" data-image-caption=\"\" data-medium-file=\"https:\/\/parroquiaanunciacion.com\/adorar\/wp-content\/uploads\/2011\/09\/eucharist-adoration1.jpg\" data-large-file=\"https:\/\/parroquiaanunciacion.com\/adorar\/wp-content\/uploads\/2011\/09\/eucharist-adoration1.jpg\" class=\"alignleft size-full wp-image-81\" title=\"eucharist-adoration1\" src=\"http:\/\/parroquiaanunciacion.com\/adorar\/wp-content\/uploads\/2011\/09\/eucharist-adoration1.jpg\" alt=\"\" width=\"300\" height=\"247\" \/><\/a>.<\/span><\/h4>\n<h4 style=\"text-align: justify;\"><span class=\"Apple-style-span\" style=\"font-size: 20px; font-weight: normal;\">\u00a0Adorar, ante todo, es un verbo que en espa\u00f1ol tiene <a href=\"http:\/\/buscon.rae.es\/draeI\/SrvltConsulta?TIPO_BUS=3&amp;LEMA=adorar\" target=\"_blank\">varios significados<\/a>, sumando todos ellos podemos llegar a tener una peque\u00f1a noci\u00f3n de lo que nos traemos entre manos. Adorar es: \u00abamar con extremo\u00bb, \u00abhacer oraci\u00f3n\u00bb, \u00abgustar de algo extremadamente\u00bb&#8230;<\/span><\/h4>\n<h3 style=\"text-align: justify; padding-left: 30px;\"><\/h3>\n<h3 style=\"text-align: justify; padding-left: 30px;\">Adorar, hablando en cristiano es \u00abrendir culto o reverencia Dios\u00bb. Es un verbo, s\u00ed, pero que no indica tanto una acci\u00f3n como una actitud del coraz\u00f3n.<\/h3>\n<h3 style=\"text-align: justify; padding-left: 30px;\"><\/h3>\n<h3 style=\"text-align: justify; padding-left: 30px;\"><\/h3>\n<blockquote>\n<h3 style=\"text-align: justify; padding-left: 30px;\"><strong><span style=\"color: #ff0000;\">ADORAR, sin embargo es algo nuevo cada vez, una experiencia que transforma la vida, que nos pone a la escucha directa con JES\u00daS, nos ponemos en su presencia. Es una LUZ que se enciende en el centro de Santander los jueves por la noche:<\/span><\/strong><\/h3>\n<\/blockquote>\n<h1 style=\"text-align: justify; padding-left: 90px;\">ORACI\u00d3N<\/h1>\n<h1 style=\"text-align: justify; padding-left: 90px;\">\u00a0 \u00a0 \u00a0PALABRA<\/h1>\n<h1 style=\"text-align: justify; padding-left: 90px;\">\u00a0 \u00a0 \u00a0 \u00a0 \u00a0\u00a0ESCUCHA<\/h1>\n<h1 style=\"text-align: justify; padding-left: 90px;\">\u00a0 \u00a0\u00a0 \u00a0 \u00a0\u00a0 \u00a0 \u00a0 \u00a0SILENCIO<\/h1>\n<h1 style=\"text-align: justify; padding-left: 90px;\">\u00a0 \u00a0 \u00a0\u00a0 \u00a0 \u00a0\u00a0 \u00a0 \u00a0\u00a0 \u00a0 \u00a0M\u00daSICA<\/h1>\n<h1 style=\"text-align: justify; padding-left: 90px;\">\u00a0\u00a0 \u00a0 \u00a0 \u00a0\u00a0 \u00a0 \u00a0\u00a0 \u00a0 \u00a0\u00a0 \u00a0 \u00a0 \u00a0J\u00d3VENES<\/h1>\n<h1 style=\"text-align: justify; padding-left: 90px;\">\u00a0 \u00a0 \u00a0\u00a0 \u00a0 \u00a0\u00a0 \u00a0 \u00a0\u00a0 \u00a0 \u00a0\u00a0 \u00a0 \u00a0\u00a0 \u00a0 \u00a0ADULTOS<\/h1>\n<h1 style=\"text-align: justify; padding-left: 90px;\">\u00a0 \u00a0 \u00a0\u00a0 \u00a0 \u00a0\u00a0 \u00a0 \u00a0\u00a0 \u00a0 \u00a0\u00a0 \u00a0 \u00a0\u00a0 \u00a0 \u00a0\u00a0 \u00a0 \u00a0PREGUNTAS<\/h1>\n<h1 style=\"text-align: justify; padding-left: 90px;\">\u00a0 \u00a0 \u00a0\u00a0 \u00a0 \u00a0\u00a0 \u00a0 \u00a0\u00a0 \u00a0 \u00a0\u00a0 \u00a0 \u00a0\u00a0 \u00a0 \u00a0\u00a0 \u00a0 \u00a0\u00a0 \u00a0 \u00a0RESPUESTAS<\/h1>\n<h1 style=\"text-align: justify; padding-left: 90px;\">\u00a0 \u00a0 \u00a0\u00a0 \u00a0 \u00a0\u00a0 \u00a0 \u00a0\u00a0 \u00a0 \u00a0\u00a0 \u00a0 \u00a0\u00a0 \u00a0 \u00a0\u00a0 \u00a0 \u00a0\u00a0 \u00a0 \u00a0\u00a0 \u00a0 \u00a0ENCUENTRO&#8230;<\/h1>\n<h4 style=\"text-align: justify; padding-left: 30px;\">Todo esto y mucho m\u00e1s si cruzas la puerta de la Parroquia de la Anunciaci\u00f3n y te pones ante JES\u00daS en la EUCARIST\u00cdA. Deja que su presencia te transforme cada noche de jueves. Reg\u00e1lale tu tiempo, pues \u00c9l te regala el suyo. Pon en sus manos tu vida&#8230;<\/h4>\n<blockquote>\n<h3 style=\"text-align: center;\"><strong>\u00bfPreparado para ADORAR?<\/strong><\/h3>\n<\/blockquote>\n","protected":false},"excerpt":{"rendered":"<p>. \u00a0Adorar, ante todo, es un verbo que en espa\u00f1ol tiene varios significados, sumando todos ellos podemos llegar a tener una peque\u00f1a noci\u00f3n de lo que nos traemos entre manos. Adorar es: \u00abamar con extremo\u00bb, \u00abhacer oraci\u00f3n\u00bb, \u00abgustar de algo extremadamente\u00bb&#8230; Adorar, hablando en cristiano es \u00abrendir culto o reverencia Dios\u00bb. Es un verbo, s\u00ed, [&hellip;]<\/p>\n","protected":false},"author":1,"featured_media":0,"parent":0,"menu_order":1,"comment_status":"open","ping_status":"closed","template":"page-c1.php","meta":{"_et_pb_use_builder":"","_et_pb_old_content":"","_et_gb_content_width":"","jetpack_post_was_ever_published":false,"footnotes":""},"class_list":["post-7","page","type-page","status-publish","hentry"],"jetpack_shortlink":"https:\/\/wp.me\/P1XqF3-7","jetpack_sharing_enabled":true,"_links":{"self":[{"href":"https:\/\/parroquiaanunciacion.com\/adorar\/wp-json\/wp\/v2\/pages\/7","targetHints":{"allow":["GET"]}}],"collection":[{"href":"https:\/\/parroquiaanunciacion.com\/adorar\/wp-json\/wp\/v2\/pages"}],"about":[{"href":"https:\/\/parroquiaanunciacion.com\/adorar\/wp-json\/wp\/v2\/types\/page"}],"author":[{"embeddable":true,"href":"https:\/\/parroquiaanunciacion.com\/adorar\/wp-json\/wp\/v2\/users\/1"}],"replies":[{"embeddable":true,"href":"https:\/\/parroquiaanunciacion.com\/adorar\/wp-json\/wp\/v2\/comments?post=7"}],"version-history":[{"count":26,"href":"https:\/\/parroquiaanunciacion.com\/adorar\/wp-json\/wp\/v2\/pages\/7\/revisions"}],"predecessor-version":[{"id":664,"href":"https:\/\/parroquiaanunciacion.com\/adorar\/wp-json\/wp\/v2\/pages\/7\/revisions\/664"}],"wp:attachment":[{"href":"https:\/\/parroquiaanunciacion.com\/adorar\/wp-json\/wp\/v2\/media?parent=7"}],"curies":[{"name":"wp","href":"https:\/\/api.w.org\/{rel}","templated":true}]}}