{"id":88,"date":"2011-09-30T18:11:10","date_gmt":"2011-09-30T16:11:10","guid":{"rendered":"http:\/\/parroquiaanunciacion.com\/adorar\/?page_id=88"},"modified":"2012-03-14T00:55:35","modified_gmt":"2012-03-13T23:55:35","slug":"material","status":"publish","type":"page","link":"https:\/\/parroquiaanunciacion.com\/adorar\/material\/","title":{"rendered":"Material"},"content":{"rendered":"<h2>\u00a0Desde aqu\u00ed puedes descargar el material gr\u00e1fico e informativo que hemos elaborado. Puedes usarlo libremente en tu web o distribuirlo a trav\u00e9s de cualquier medio.<\/h2>\n<p>&nbsp;<\/p>\n<h3 style=\"text-align: center;\"><\/h3>\n<h3 style=\"text-align: center;\"><a href=\"http:\/\/parroquiaanunciacion.com\/adorar\/wp-content\/uploads\/2011\/10\/cartel_adorar.pdf\"><img loading=\"lazy\" decoding=\"async\" data-attachment-id=\"101\" data-permalink=\"https:\/\/parroquiaanunciacion.com\/adorar\/empezamos-el-13-de-octubre\/cartel_adorar-2\/\" data-orig-file=\"https:\/\/parroquiaanunciacion.com\/adorar\/wp-content\/uploads\/2011\/10\/cartel_adorar.png\" data-orig-size=\"1191,842\" data-comments-opened=\"0\" data-image-meta=\"{&quot;aperture&quot;:&quot;0&quot;,&quot;credit&quot;:&quot;&quot;,&quot;camera&quot;:&quot;&quot;,&quot;caption&quot;:&quot;&quot;,&quot;created_timestamp&quot;:&quot;0&quot;,&quot;copyright&quot;:&quot;&quot;,&quot;focal_length&quot;:&quot;0&quot;,&quot;iso&quot;:&quot;0&quot;,&quot;shutter_speed&quot;:&quot;0&quot;,&quot;title&quot;:&quot;&quot;}\" data-image-title=\"Cartel\" data-image-description=\"\" data-image-caption=\"\" data-medium-file=\"https:\/\/parroquiaanunciacion.com\/adorar\/wp-content\/uploads\/2011\/10\/cartel_adorar-300x212.png\" data-large-file=\"https:\/\/parroquiaanunciacion.com\/adorar\/wp-content\/uploads\/2011\/10\/cartel_adorar-1024x723.png\" class=\"aligncenter size-medium wp-image-101\" title=\"Cartel\" src=\"http:\/\/parroquiaanunciacion.com\/adorar\/wp-content\/uploads\/2011\/10\/cartel_adorar-300x212.png\" alt=\"\" width=\"300\" height=\"212\" srcset=\"https:\/\/parroquiaanunciacion.com\/adorar\/wp-content\/uploads\/2011\/10\/cartel_adorar-300x212.png 300w, https:\/\/parroquiaanunciacion.com\/adorar\/wp-content\/uploads\/2011\/10\/cartel_adorar-1024x723.png 1024w, https:\/\/parroquiaanunciacion.com\/adorar\/wp-content\/uploads\/2011\/10\/cartel_adorar.png 1191w\" sizes=\"(max-width: 300px) 100vw, 300px\" \/><\/a><a href=\"http:\/\/parroquiaanunciacion.com\/adorar\/wp-content\/uploads\/2011\/10\/cartel_adorar.pdf\" target=\"_blank\">Cartel publicitario (tama\u00f1o A3)<\/a><\/h3>\n<p>&nbsp;<\/p>\n<p style=\"text-align: center;\"><img loading=\"lazy\" decoding=\"async\" data-attachment-id=\"702\" data-permalink=\"https:\/\/parroquiaanunciacion.com\/adorar\/material\/flyer-2\/\" data-orig-file=\"https:\/\/parroquiaanunciacion.com\/adorar\/wp-content\/uploads\/2011\/09\/flyer.png\" data-orig-size=\"590,1240\" data-comments-opened=\"1\" data-image-meta=\"{&quot;aperture&quot;:&quot;0&quot;,&quot;credit&quot;:&quot;&quot;,&quot;camera&quot;:&quot;&quot;,&quot;caption&quot;:&quot;&quot;,&quot;created_timestamp&quot;:&quot;0&quot;,&quot;copyright&quot;:&quot;&quot;,&quot;focal_length&quot;:&quot;0&quot;,&quot;iso&quot;:&quot;0&quot;,&quot;shutter_speed&quot;:&quot;0&quot;,&quot;title&quot;:&quot;&quot;}\" data-image-title=\"flyer\" data-image-description=\"\" data-image-caption=\"\" data-medium-file=\"https:\/\/parroquiaanunciacion.com\/adorar\/wp-content\/uploads\/2011\/09\/flyer-142x300.png\" data-large-file=\"https:\/\/parroquiaanunciacion.com\/adorar\/wp-content\/uploads\/2011\/09\/flyer-487x1024.png\" class=\"size-medium wp-image-702 aligncenter\" title=\"flyer\" src=\"http:\/\/parroquiaanunciacion.com\/adorar\/wp-content\/uploads\/2011\/09\/flyer-142x300.png\" alt=\"\" width=\"142\" height=\"300\" srcset=\"https:\/\/parroquiaanunciacion.com\/adorar\/wp-content\/uploads\/2011\/09\/flyer-142x300.png 142w, https:\/\/parroquiaanunciacion.com\/adorar\/wp-content\/uploads\/2011\/09\/flyer-487x1024.png 487w\" sizes=\"(max-width: 142px) 100vw, 142px\" \/><\/p>\n<h3 style=\"text-align: center;\"><a href=\"http:\/\/parroquiaanunciacion.com\/adorar\/wp-content\/uploads\/2011\/09\/flyer.pdf\" target=\"_blank\">Flyer \/ Folleto informativo (tama\u00f1o 10&#215;21 cm)<\/a><\/h3>\n<h3 style=\"text-align: center;\"><\/h3>\n<p style=\"text-align: center;\"><img loading=\"lazy\" decoding=\"async\" data-attachment-id=\"75\" data-permalink=\"https:\/\/parroquiaanunciacion.com\/adorar\/empezamos-el-13-de-octubre\/logo-copia\/\" data-orig-file=\"https:\/\/parroquiaanunciacion.com\/adorar\/wp-content\/uploads\/2011\/09\/logo-copia1.png\" data-orig-size=\"201,210\" data-comments-opened=\"0\" data-image-meta=\"{&quot;aperture&quot;:&quot;0&quot;,&quot;credit&quot;:&quot;&quot;,&quot;camera&quot;:&quot;&quot;,&quot;caption&quot;:&quot;&quot;,&quot;created_timestamp&quot;:&quot;0&quot;,&quot;copyright&quot;:&quot;&quot;,&quot;focal_length&quot;:&quot;0&quot;,&quot;iso&quot;:&quot;0&quot;,&quot;shutter_speed&quot;:&quot;0&quot;,&quot;title&quot;:&quot;&quot;}\" data-image-title=\"Logo\" data-image-description=\"\" data-image-caption=\"\" data-medium-file=\"https:\/\/parroquiaanunciacion.com\/adorar\/wp-content\/uploads\/2011\/09\/logo-copia1.png\" data-large-file=\"https:\/\/parroquiaanunciacion.com\/adorar\/wp-content\/uploads\/2011\/09\/logo-copia1.png\" class=\"size-full wp-image-75\" title=\"Logo\" src=\"http:\/\/parroquiaanunciacion.com\/adorar\/wp-content\/uploads\/2011\/09\/logo-copia1.png\" alt=\"\" width=\"201\" height=\"210\" \/><\/p>\n<h3 style=\"text-align: center;\"><a href=\"http:\/\/parroquiaanunciacion.com\/adorar\/wp-content\/uploads\/2011\/09\/logo-copia1.png\" target=\"_blank\">Logotipo transparente (archivo PNG)<\/a><\/h3>\n<p>&nbsp;<\/p>\n<p style=\"text-align: center;\"><a href=\"http:\/\/parroquiaanunciacion.com\/adorar\/wp-content\/uploads\/2011\/09\/cami_bn.png\"><img loading=\"lazy\" decoding=\"async\" data-attachment-id=\"700\" data-permalink=\"https:\/\/parroquiaanunciacion.com\/adorar\/material\/cami_bn\/\" data-orig-file=\"https:\/\/parroquiaanunciacion.com\/adorar\/wp-content\/uploads\/2011\/09\/cami_bn.png\" data-orig-size=\"595,842\" data-comments-opened=\"1\" data-image-meta=\"{&quot;aperture&quot;:&quot;0&quot;,&quot;credit&quot;:&quot;&quot;,&quot;camera&quot;:&quot;&quot;,&quot;caption&quot;:&quot;&quot;,&quot;created_timestamp&quot;:&quot;0&quot;,&quot;copyright&quot;:&quot;&quot;,&quot;focal_length&quot;:&quot;0&quot;,&quot;iso&quot;:&quot;0&quot;,&quot;shutter_speed&quot;:&quot;0&quot;,&quot;title&quot;:&quot;&quot;}\" data-image-title=\"cami_bn\" data-image-description=\"\" data-image-caption=\"\" data-medium-file=\"https:\/\/parroquiaanunciacion.com\/adorar\/wp-content\/uploads\/2011\/09\/cami_bn-211x300.png\" data-large-file=\"https:\/\/parroquiaanunciacion.com\/adorar\/wp-content\/uploads\/2011\/09\/cami_bn.png\" class=\"size-medium wp-image-700 aligncenter\" title=\"cami_bn\" src=\"http:\/\/parroquiaanunciacion.com\/adorar\/wp-content\/uploads\/2011\/09\/cami_bn-211x300.png\" alt=\"\" width=\"211\" height=\"300\" srcset=\"https:\/\/parroquiaanunciacion.com\/adorar\/wp-content\/uploads\/2011\/09\/cami_bn-211x300.png 211w, https:\/\/parroquiaanunciacion.com\/adorar\/wp-content\/uploads\/2011\/09\/cami_bn.png 595w\" sizes=\"(max-width: 211px) 100vw, 211px\" \/><\/a><\/p>\n<h3 style=\"text-align: center;\"><a href=\"http:\/\/parroquiaanunciacion.com\/adorar\/wp-content\/uploads\/2011\/09\/logo_completo_bn.pdf\" target=\"_blank\">Logo para camiseta en B\/N<\/a><\/h3>\n<p>&nbsp;<\/p>\n<p><a href=\"http:\/\/parroquiaanunciacion.com\/adorar\/wp-content\/uploads\/2011\/09\/cami_bnr.png\"><img loading=\"lazy\" decoding=\"async\" data-attachment-id=\"699\" data-permalink=\"https:\/\/parroquiaanunciacion.com\/adorar\/material\/cami_bnr\/\" data-orig-file=\"https:\/\/parroquiaanunciacion.com\/adorar\/wp-content\/uploads\/2011\/09\/cami_bnr.png\" data-orig-size=\"595,842\" data-comments-opened=\"1\" data-image-meta=\"{&quot;aperture&quot;:&quot;0&quot;,&quot;credit&quot;:&quot;&quot;,&quot;camera&quot;:&quot;&quot;,&quot;caption&quot;:&quot;&quot;,&quot;created_timestamp&quot;:&quot;0&quot;,&quot;copyright&quot;:&quot;&quot;,&quot;focal_length&quot;:&quot;0&quot;,&quot;iso&quot;:&quot;0&quot;,&quot;shutter_speed&quot;:&quot;0&quot;,&quot;title&quot;:&quot;&quot;}\" data-image-title=\"cami_bnr\" data-image-description=\"\" data-image-caption=\"\" data-medium-file=\"https:\/\/parroquiaanunciacion.com\/adorar\/wp-content\/uploads\/2011\/09\/cami_bnr-211x300.png\" data-large-file=\"https:\/\/parroquiaanunciacion.com\/adorar\/wp-content\/uploads\/2011\/09\/cami_bnr.png\" class=\"aligncenter size-medium wp-image-699\" title=\"cami_bnr\" src=\"http:\/\/parroquiaanunciacion.com\/adorar\/wp-content\/uploads\/2011\/09\/cami_bnr-211x300.png\" alt=\"\" width=\"211\" height=\"300\" srcset=\"https:\/\/parroquiaanunciacion.com\/adorar\/wp-content\/uploads\/2011\/09\/cami_bnr-211x300.png 211w, https:\/\/parroquiaanunciacion.com\/adorar\/wp-content\/uploads\/2011\/09\/cami_bnr.png 595w\" sizes=\"(max-width: 211px) 100vw, 211px\" \/><\/a><\/p>\n<h3 style=\"text-align: center;\"><a href=\"http:\/\/parroquiaanunciacion.com\/adorar\/wp-content\/uploads\/2011\/09\/logo_dos_colores.pdf\" target=\"_blank\">Logo para camiseta en Colores<\/a><\/h3>\n<h3 style=\"text-align: center;\"><\/h3>\n<p style=\"text-align: center;\"><img loading=\"lazy\" decoding=\"async\" data-attachment-id=\"94\" data-permalink=\"https:\/\/parroquiaanunciacion.com\/adorar\/material\/qr-link\/\" data-orig-file=\"https:\/\/parroquiaanunciacion.com\/adorar\/wp-content\/uploads\/2011\/10\/qr-link.png\" data-orig-size=\"420,420\" data-comments-opened=\"0\" data-image-meta=\"{&quot;aperture&quot;:&quot;0&quot;,&quot;credit&quot;:&quot;&quot;,&quot;camera&quot;:&quot;&quot;,&quot;caption&quot;:&quot;&quot;,&quot;created_timestamp&quot;:&quot;0&quot;,&quot;copyright&quot;:&quot;&quot;,&quot;focal_length&quot;:&quot;0&quot;,&quot;iso&quot;:&quot;0&quot;,&quot;shutter_speed&quot;:&quot;0&quot;,&quot;title&quot;:&quot;&quot;}\" data-image-title=\"qr-link\" data-image-description=\"\" data-image-caption=\"\" data-medium-file=\"https:\/\/parroquiaanunciacion.com\/adorar\/wp-content\/uploads\/2011\/10\/qr-link-300x300.png\" data-large-file=\"https:\/\/parroquiaanunciacion.com\/adorar\/wp-content\/uploads\/2011\/10\/qr-link.png\" class=\"size-medium wp-image-94\" title=\"qr-link\" src=\"http:\/\/parroquiaanunciacion.com\/adorar\/wp-content\/uploads\/2011\/10\/qr-link-300x300.png\" alt=\"\" width=\"180\" height=\"180\" srcset=\"https:\/\/parroquiaanunciacion.com\/adorar\/wp-content\/uploads\/2011\/10\/qr-link-300x300.png 300w, https:\/\/parroquiaanunciacion.com\/adorar\/wp-content\/uploads\/2011\/10\/qr-link-150x150.png 150w, https:\/\/parroquiaanunciacion.com\/adorar\/wp-content\/uploads\/2011\/10\/qr-link-60x60.png 60w, https:\/\/parroquiaanunciacion.com\/adorar\/wp-content\/uploads\/2011\/10\/qr-link.png 420w\" sizes=\"(max-width: 180px) 100vw, 180px\" \/><\/p>\n<h3 style=\"text-align: center;\"><a href=\"http:\/\/parroquiaanunciacion.com\/adorar\/wp-content\/uploads\/2011\/10\/qr-link.png\" target=\"_blank\">C\u00f3digo BIDI con la direcci\u00f3n web de ADORAR<\/a><\/h3>\n<p>&nbsp;<\/p>\n<h3 style=\"text-align: center;\"><\/h3>\n<h3 style=\"text-align: center;\"><a href=\"http:\/\/parroquiaanunciacion.com\/adorar\/wp-content\/uploads\/2011\/10\/BANNER1.png\"><img loading=\"lazy\" decoding=\"async\" data-attachment-id=\"105\" data-permalink=\"https:\/\/parroquiaanunciacion.com\/adorar\/material\/banner\/\" data-orig-file=\"https:\/\/parroquiaanunciacion.com\/adorar\/wp-content\/uploads\/2011\/10\/BANNER1.png\" data-orig-size=\"940,200\" data-comments-opened=\"0\" data-image-meta=\"{&quot;aperture&quot;:&quot;0&quot;,&quot;credit&quot;:&quot;&quot;,&quot;camera&quot;:&quot;&quot;,&quot;caption&quot;:&quot;&quot;,&quot;created_timestamp&quot;:&quot;0&quot;,&quot;copyright&quot;:&quot;&quot;,&quot;focal_length&quot;:&quot;0&quot;,&quot;iso&quot;:&quot;0&quot;,&quot;shutter_speed&quot;:&quot;0&quot;,&quot;title&quot;:&quot;&quot;}\" data-image-title=\"BANNER\" data-image-description=\"\" data-image-caption=\"\" data-medium-file=\"https:\/\/parroquiaanunciacion.com\/adorar\/wp-content\/uploads\/2011\/10\/BANNER1-300x63.png\" data-large-file=\"https:\/\/parroquiaanunciacion.com\/adorar\/wp-content\/uploads\/2011\/10\/BANNER1.png\" class=\"aligncenter size-medium wp-image-105\" title=\"BANNER\" src=\"http:\/\/parroquiaanunciacion.com\/adorar\/wp-content\/uploads\/2011\/10\/BANNER1-300x63.png\" alt=\"\" width=\"300\" height=\"63\" srcset=\"https:\/\/parroquiaanunciacion.com\/adorar\/wp-content\/uploads\/2011\/10\/BANNER1-300x63.png 300w, https:\/\/parroquiaanunciacion.com\/adorar\/wp-content\/uploads\/2011\/10\/BANNER1.png 940w\" sizes=\"(max-width: 300px) 100vw, 300px\" \/><\/a><a href=\"http:\/\/parroquiaanunciacion.com\/adorar\/wp-content\/uploads\/2011\/10\/BANNER1.png\" target=\"_blank\">Banner transparente para sitio web (archivo PNG)<\/a><\/h3>\n<p>&nbsp;<\/p>\n<p>&nbsp;<\/p>\n<p>&nbsp;<\/p>\n<p>&nbsp;<\/p>\n<p>&nbsp;<\/p>\n","protected":false},"excerpt":{"rendered":"<p>\u00a0Desde aqu\u00ed puedes descargar el material gr\u00e1fico e informativo que hemos elaborado. Puedes usarlo libremente en tu web o distribuirlo a trav\u00e9s de cualquier medio. &nbsp; Cartel publicitario (tama\u00f1o A3) &nbsp; Flyer \/ Folleto informativo (tama\u00f1o 10&#215;21 cm) Logotipo transparente (archivo PNG) &nbsp; Logo para camiseta en B\/N &nbsp; Logo para camiseta en Colores C\u00f3digo [&hellip;]<\/p>\n","protected":false},"author":1,"featured_media":0,"parent":0,"menu_order":3,"comment_status":"closed","ping_status":"open","template":"","meta":{"_et_pb_use_builder":"","_et_pb_old_content":"","_et_gb_content_width":"","jetpack_post_was_ever_published":false,"footnotes":""},"class_list":["post-88","page","type-page","status-publish","hentry"],"jetpack_shortlink":"https:\/\/wp.me\/P1XqF3-1q","jetpack_sharing_enabled":true,"_links":{"self":[{"href":"https:\/\/parroquiaanunciacion.com\/adorar\/wp-json\/wp\/v2\/pages\/88","targetHints":{"allow":["GET"]}}],"collection":[{"href":"https:\/\/parroquiaanunciacion.com\/adorar\/wp-json\/wp\/v2\/pages"}],"about":[{"href":"https:\/\/parroquiaanunciacion.com\/adorar\/wp-json\/wp\/v2\/types\/page"}],"author":[{"embeddable":true,"href":"https:\/\/parroquiaanunciacion.com\/adorar\/wp-json\/wp\/v2\/users\/1"}],"replies":[{"embeddable":true,"href":"https:\/\/parroquiaanunciacion.com\/adorar\/wp-json\/wp\/v2\/comments?post=88"}],"version-history":[{"count":10,"href":"https:\/\/parroquiaanunciacion.com\/adorar\/wp-json\/wp\/v2\/pages\/88\/revisions"}],"predecessor-version":[{"id":95,"href":"https:\/\/parroquiaanunciacion.com\/adorar\/wp-json\/wp\/v2\/pages\/88\/revisions\/95"}],"wp:attachment":[{"href":"https:\/\/parroquiaanunciacion.com\/adorar\/wp-json\/wp\/v2\/media?parent=88"}],"curies":[{"name":"wp","href":"https:\/\/api.w.org\/{rel}","templated":true}]}}