{"id":907,"date":"2012-12-16T17:42:44","date_gmt":"2012-12-16T16:42:44","guid":{"rendered":"http:\/\/parroquiaanunciacion.com\/adorar\/?page_id=907"},"modified":"2013-01-03T00:55:07","modified_gmt":"2013-01-02T23:55:07","slug":"donde-estamos","status":"publish","type":"page","link":"https:\/\/parroquiaanunciacion.com\/adorar\/donde-estamos\/","title":{"rendered":"Contacto"},"content":{"rendered":"<h5>\u00bfQuieres ayudarnos en el Proyecto ADORAR? Necesitamos colaboradores para:<\/h5>\n<h5>&#8211; La difusi\u00f3n de esta acci\u00f3n evangelizadora a trav\u00e9s de redes sociales, correo electr\u00f3nico, boca a boca\u2026 \u00a1Las cosas buenas hay que compartirlas! \u00a1Cu\u00e9ntaselo a todo el mundo!<\/h5>\n<h5>&#8211; La animaci\u00f3n musical<\/h5>\n<h5>&#8211; La lectura de los textos durante la oraci\u00f3n<\/h5>\n<h5>&#8211; La gesti\u00f3n de las peticiones on-line<\/h5>\n<h5>&#8211; La difusi\u00f3n en las calles y la invitaci\u00f3n personal a participar en la oraci\u00f3n<\/h5>\n<h5>&#8211; La acogida de las personas que entran de la calle por primera vez<\/h5>\n<h5>&#8211; La oraci\u00f3n de intercesi\u00f3n por aquellos que est\u00e1n en la calle haciendo la invitaci\u00f3n<\/h5>\n<h5>Si te apetece colaborar con cualquiera de estas acciones ponte en contacto con nosotros haciendo un comentario en la web, a trav\u00e9s de twitter (<a href=\"http:\/\/twitter.com\/#!\/preparadorar\" target=\"_blank\">@preparadorar<\/a>), de\u00a0<a href=\"https:\/\/www.facebook.com\/preparadorar\" target=\"_blank\">facebook<\/a>, del correo electr\u00f3nico (<a href=\"mailto:preparadorar@gmail.com\" target=\"_blank\">preparadorar@gmail.com<\/a>) o acerc\u00e1ndote directamente a la parroquia a eso de las 19h.<\/h5>\n<h5>\u00a1Ven! Te esperamos.<\/h5>\n<p>&nbsp;<\/p>\n<p align=\"center\"><iframe loading=\"lazy\" src=\"https:\/\/maps.google.com\/maps?f=q&amp;source=s_q&amp;hl=es&amp;geocode=&amp;q=Parroquia+de+la+Anunciaci%C3%B3n,+Calle+Juan+de+Herrera,+Santander,+Espa%C3%B1a&amp;aq=0&amp;oq=Parroquia+de+la+Anunciaci%C3%B3n+Santander&amp;sll=37.0625,-95.677068&amp;sspn=38.638819,67.236328&amp;ie=UTF8&amp;hq=Parroquia+de+la+Anunciaci%C3%B3n,&amp;hnear=Calle+Juan+de+Herrera,+39002+Santander,+Cantabria,+Espa%C3%B1a&amp;t=m&amp;cid=9719633806195827574&amp;ll=43.467746,-3.807449&amp;spn=0.0299,0.054932&amp;z=14&amp;iwloc=A&amp;output=embed\" height=\"480\" width=\"640\" frameborder=\"0\" marginwidth=\"0\" marginheight=\"0\" scrolling=\"no\"><\/iframe><br \/>\n<small><a style=\"color: #0000ff; text-align: left;\" href=\"https:\/\/maps.google.com\/maps?f=q&amp;source=embed&amp;hl=es&amp;geocode=&amp;q=Parroquia+de+la+Anunciaci%C3%B3n,+Calle+Juan+de+Herrera,+Santander,+Espa%C3%B1a&amp;aq=0&amp;oq=Parroquia+de+la+Anunciaci%C3%B3n+Santander&amp;sll=37.0625,-95.677068&amp;sspn=38.638819,67.236328&amp;ie=UTF8&amp;hq=Parroquia+de+la+Anunciaci%C3%B3n,&amp;hnear=Calle+Juan+de+Herrera,+39002+Santander,+Cantabria,+Espa%C3%B1a&amp;t=m&amp;cid=9719633806195827574&amp;ll=43.467746,-3.807449&amp;spn=0.0299,0.054932&amp;z=14&amp;iwloc=A\">Ver mapa m\u00e1s grande<\/a><\/small><\/p>\n","protected":false},"excerpt":{"rendered":"<p>\u00bfQuieres ayudarnos en el Proyecto ADORAR? Necesitamos colaboradores para: &#8211; La difusi\u00f3n de esta acci\u00f3n evangelizadora a trav\u00e9s de redes sociales, correo electr\u00f3nico, boca a boca\u2026 \u00a1Las cosas buenas hay que compartirlas! \u00a1Cu\u00e9ntaselo a todo el mundo! &#8211; La animaci\u00f3n musical &#8211; La lectura de los textos durante la oraci\u00f3n &#8211; La gesti\u00f3n de las [&hellip;]<\/p>\n","protected":false},"author":1,"featured_media":0,"parent":0,"menu_order":0,"comment_status":"open","ping_status":"closed","template":"page-c1.php","meta":{"_et_pb_use_builder":"","_et_pb_old_content":"","_et_gb_content_width":"","jetpack_post_was_ever_published":false,"footnotes":""},"class_list":["post-907","page","type-page","status-publish","hentry"],"jetpack_shortlink":"https:\/\/wp.me\/P1XqF3-eD","jetpack_sharing_enabled":true,"_links":{"self":[{"href":"https:\/\/parroquiaanunciacion.com\/adorar\/wp-json\/wp\/v2\/pages\/907","targetHints":{"allow":["GET"]}}],"collection":[{"href":"https:\/\/parroquiaanunciacion.com\/adorar\/wp-json\/wp\/v2\/pages"}],"about":[{"href":"https:\/\/parroquiaanunciacion.com\/adorar\/wp-json\/wp\/v2\/types\/page"}],"author":[{"embeddable":true,"href":"https:\/\/parroquiaanunciacion.com\/adorar\/wp-json\/wp\/v2\/users\/1"}],"replies":[{"embeddable":true,"href":"https:\/\/parroquiaanunciacion.com\/adorar\/wp-json\/wp\/v2\/comments?post=907"}],"version-history":[{"count":7,"href":"https:\/\/parroquiaanunciacion.com\/adorar\/wp-json\/wp\/v2\/pages\/907\/revisions"}],"predecessor-version":[{"id":918,"href":"https:\/\/parroquiaanunciacion.com\/adorar\/wp-json\/wp\/v2\/pages\/907\/revisions\/918"}],"wp:attachment":[{"href":"https:\/\/parroquiaanunciacion.com\/adorar\/wp-json\/wp\/v2\/media?parent=907"}],"curies":[{"name":"wp","href":"https:\/\/api.w.org\/{rel}","templated":true}]}}