{"id":12,"date":"2012-03-01T11:59:41","date_gmt":"2012-03-01T10:59:41","guid":{"rendered":"http:\/\/parroquiaanunciacion.com\/colegio\/?page_id=12"},"modified":"2017-12-13T12:39:58","modified_gmt":"2017-12-13T11:39:58","slug":"ideario","status":"publish","type":"page","link":"https:\/\/parroquiaanunciacion.com\/colegio\/nuestro-colegio\/ideario\/","title":{"rendered":"Ideario"},"content":{"rendered":"<p style=\"text-align: justify;\">El <strong>Colegio La Anunciaci\u00f3n<\/strong> es un colegio concertado de iniciativa parroquial.<\/p>\n<p style=\"text-align: justify;\">La Parroquia de la Anunciaci\u00f3n sostiene y dirige esta escuela que tiene como objetivo principal la formaci\u00f3n personal, religiosa, acad\u00e9mica y social de los alumnos que en ella estudian. Toda la comunidad educativa: profesores, alumnos, padres y personal no docente trabajan, desde un humanismo cristiano, en la promoci\u00f3n de los ni\u00f1os desde una educaci\u00f3n integral que haga crecer la persona en todas sus dimensiones.<\/p>\n<p style=\"text-align: justify;\">El <strong>Colegio La Anunciaci\u00f3n<\/strong>, desde los valores del Evangelio, promueve una educaci\u00f3n para:<\/p>\n<ul>\n<li style=\"text-align: justify;\"><strong>Construir<\/strong> un mundo m\u00e1s justo y m\u00e1s humano, con una educaci\u00f3n liberadora, donde la solidaridad, la convivencia, la paz y la justicia, sean permanentes.<\/li>\n<li style=\"text-align: justify;\"><strong>Favorecer<\/strong> el di\u00e1logo, con una actitud de acogida constante, sin discriminaci\u00f3n de ning\u00fan alumno por razones econ\u00f3micas, culturales y de creencias religiosas.<\/li>\n<li style=\"text-align: justify;\"><strong>Desarrollar<\/strong> las aptitudes personales e intelectuales del alumno. Una ense\u00f1anza de calidad, personalizada, activa y din\u00e1mica y en constante revisi\u00f3n.<\/li>\n<\/ul>\n","protected":false},"excerpt":{"rendered":"<p>El Colegio La Anunciaci\u00f3n es un colegio concertado de iniciativa parroquial. La Parroquia de la Anunciaci\u00f3n sostiene y dirige esta escuela que tiene como objetivo principal la formaci\u00f3n personal, religiosa, acad\u00e9mica y social de los alumnos que en ella estudian. Toda la comunidad educativa: profesores, alumnos, padres y personal no docente trabajan, desde un humanismo [&hellip;]<\/p>\n","protected":false},"author":1,"featured_media":0,"parent":1310,"menu_order":2,"comment_status":"open","ping_status":"closed","template":"","meta":{"_et_pb_use_builder":"","_et_pb_old_content":"","_et_gb_content_width":"","jetpack_post_was_ever_published":false,"footnotes":""},"class_list":["post-12","page","type-page","status-publish","hentry"],"jetpack_sharing_enabled":true,"jetpack_shortlink":"https:\/\/wp.me\/P2dxaQ-c","_links":{"self":[{"href":"https:\/\/parroquiaanunciacion.com\/colegio\/wp-json\/wp\/v2\/pages\/12","targetHints":{"allow":["GET"]}}],"collection":[{"href":"https:\/\/parroquiaanunciacion.com\/colegio\/wp-json\/wp\/v2\/pages"}],"about":[{"href":"https:\/\/parroquiaanunciacion.com\/colegio\/wp-json\/wp\/v2\/types\/page"}],"author":[{"embeddable":true,"href":"https:\/\/parroquiaanunciacion.com\/colegio\/wp-json\/wp\/v2\/users\/1"}],"replies":[{"embeddable":true,"href":"https:\/\/parroquiaanunciacion.com\/colegio\/wp-json\/wp\/v2\/comments?post=12"}],"version-history":[{"count":10,"href":"https:\/\/parroquiaanunciacion.com\/colegio\/wp-json\/wp\/v2\/pages\/12\/revisions"}],"predecessor-version":[{"id":2879,"href":"https:\/\/parroquiaanunciacion.com\/colegio\/wp-json\/wp\/v2\/pages\/12\/revisions\/2879"}],"up":[{"embeddable":true,"href":"https:\/\/parroquiaanunciacion.com\/colegio\/wp-json\/wp\/v2\/pages\/1310"}],"wp:attachment":[{"href":"https:\/\/parroquiaanunciacion.com\/colegio\/wp-json\/wp\/v2\/media?parent=12"}],"curies":[{"name":"wp","href":"https:\/\/api.w.org\/{rel}","templated":true}]}}