{"id":1238,"date":"2015-06-06T20:10:49","date_gmt":"2015-06-06T18:10:49","guid":{"rendered":"http:\/\/parroquiaanunciacion.com\/colegio\/?page_id=1238"},"modified":"2023-04-27T17:41:15","modified_gmt":"2023-04-27T15:41:15","slug":"contacto-3","status":"publish","type":"page","link":"https:\/\/parroquiaanunciacion.com\/colegio\/contacto-3\/","title":{"rendered":"Contacto"},"content":{"rendered":"<p>[et_pb_section fb_built=\u00bb1&#8243; admin_label=\u00bbsection\u00bb _builder_version=\u00bb4.16&#8243; global_colors_info=\u00bb{}\u00bb][et_pb_row admin_label=\u00bbrow\u00bb _builder_version=\u00bb4.16&#8243; background_size=\u00bbinitial\u00bb background_position=\u00bbtop_left\u00bb background_repeat=\u00bbrepeat\u00bb global_colors_info=\u00bb{}\u00bb][et_pb_column type=\u00bb4_4&#8243; _builder_version=\u00bb4.16&#8243; custom_padding=\u00bb|||\u00bb global_colors_info=\u00bb{}\u00bb custom_padding__hover=\u00bb|||\u00bb][et_pb_text admin_label=\u00bbText\u00bb _builder_version=\u00bb4.16&#8243; background_size=\u00bbinitial\u00bb background_position=\u00bbtop_left\u00bb background_repeat=\u00bbrepeat\u00bb global_colors_info=\u00bb{}\u00bb]<\/p>\n<p><strong>Colegio La Anunciaci\u00f3n<\/strong><\/p>\n<p>C\/ San Celedonio 8, 39001 Santander<\/p>\n<p>Tel: 942 22 19 90\/681 10 63 03 &#8211; Fax 942 22 19 90<\/p>\n<p><strong>Informaci\u00f3n y consultas: <\/strong><a href=\"mailto:colegio@colegioanunciacion.com\">colegio@colegioanunciacion.com<\/a><\/p>\n<p><strong><\/strong><\/p>\n<p><strong>Trabaja con nosotros:<\/strong> <span> <\/span><a href=\"mailto:curriculum@colegioanunciacion.com\" class=\"\">curriculum@colegioanunciacion.com<\/a><strong><\/strong><\/p>\n<p><strong><\/strong><\/p>\n<p><strong>Horario recepci\u00f3n, secretar\u00eda y administraci\u00f3n:<\/strong><\/p>\n<p>D\u00edas Lectivos: desde las 9:00h. hasta las 11:00 h.<\/p>\n<p>Navidad, Carnaval y Semana Santa: cerradas.<\/p>\n<p>Mes de julio: desde las 9:00h. hasta las 13:00h.<\/p>\n<p>&nbsp;<\/p>\n<p>&nbsp;<\/p>\n<p>[\/et_pb_text][\/et_pb_column][\/et_pb_row][\/et_pb_section]<\/p>\n","protected":false},"excerpt":{"rendered":"<p>Colegio La Anunciaci\u00f3n C\/ San Celedonio 8, 39001 Santander Tel: 942 22 19 90\/681 10 63 03 &#8211; Fax 942 22 19 90 Informaci\u00f3n y consultas: colegio@colegioanunciacion.com Trabaja con nosotros: curriculum@colegioanunciacion.com Horario recepci\u00f3n, secretar\u00eda y administraci\u00f3n: D\u00edas Lectivos: desde las 9:00h. hasta las 11:00 h. Navidad, Carnaval y Semana Santa: cerradas. Mes de julio: desde [&hellip;]<\/p>\n","protected":false},"author":6,"featured_media":0,"parent":0,"menu_order":6,"comment_status":"open","ping_status":"closed","template":"","meta":{"_et_pb_use_builder":"on","_et_pb_old_content":"<strong>Colegio La Anunciaci\u00f3n<\/strong>\r\n\r\nC\/ San Celedonio 8, 39001 Santander\r\n\r\nTel: 942 22 19 90\/681 10 63 03 - Fax 942 22 19 90\r\n\r\n<strong>colegio@colegioanunciacion.com<\/strong>\r\n\r\nHorario recepci\u00f3n, secretar\u00eda y administraci\u00f3n.\r\n\r\nRECEPCI\u00d3N:\r\n\r\nD\u00edas lectivos: desde las 9:30 horas hasta las 12:30 y desde las 15 horas hasta las 18 horas.\r\n\r\nNavidad, Carnaval y Semana Santa: cerrada.\r\n\r\nVerano: desde las 9:30 hasta 13:30 horas.\r\n\r\nSECRETAR\u00cdA\/ADMINISTRACI\u00d3N:\r\n\r\nD\u00edas Lectivos: desde las 9:15 horas hasta las 11:15 horas.\r\n\r\nNavidades, Carnaval y Semana Santa: cerradas.\r\n\r\nMes de julio: desde las 9:30 horas hasta las 13:00 horas.\r\n\r\n&nbsp;\r\n\r\n&nbsp;","_et_gb_content_width":"","jetpack_post_was_ever_published":false,"footnotes":""},"class_list":["post-1238","page","type-page","status-publish","hentry"],"jetpack_sharing_enabled":true,"jetpack_shortlink":"https:\/\/wp.me\/P2dxaQ-jY","_links":{"self":[{"href":"https:\/\/parroquiaanunciacion.com\/colegio\/wp-json\/wp\/v2\/pages\/1238","targetHints":{"allow":["GET"]}}],"collection":[{"href":"https:\/\/parroquiaanunciacion.com\/colegio\/wp-json\/wp\/v2\/pages"}],"about":[{"href":"https:\/\/parroquiaanunciacion.com\/colegio\/wp-json\/wp\/v2\/types\/page"}],"author":[{"embeddable":true,"href":"https:\/\/parroquiaanunciacion.com\/colegio\/wp-json\/wp\/v2\/users\/6"}],"replies":[{"embeddable":true,"href":"https:\/\/parroquiaanunciacion.com\/colegio\/wp-json\/wp\/v2\/comments?post=1238"}],"version-history":[{"count":9,"href":"https:\/\/parroquiaanunciacion.com\/colegio\/wp-json\/wp\/v2\/pages\/1238\/revisions"}],"predecessor-version":[{"id":3819,"href":"https:\/\/parroquiaanunciacion.com\/colegio\/wp-json\/wp\/v2\/pages\/1238\/revisions\/3819"}],"wp:attachment":[{"href":"https:\/\/parroquiaanunciacion.com\/colegio\/wp-json\/wp\/v2\/media?parent=1238"}],"curies":[{"name":"wp","href":"https:\/\/api.w.org\/{rel}","templated":true}]}}