{"id":1327,"date":"2015-09-06T21:20:11","date_gmt":"2015-09-06T19:20:11","guid":{"rendered":"http:\/\/parroquiaanunciacion.com\/colegio\/?page_id=1327"},"modified":"2017-02-05T14:45:33","modified_gmt":"2017-02-05T13:45:33","slug":"quienes-somos","status":"publish","type":"page","link":"https:\/\/parroquiaanunciacion.com\/colegio\/nuestro-colegio\/quienes-somos\/","title":{"rendered":"Qui\u00e9nes somos"},"content":{"rendered":"<p style=\"text-align: justify;\">El Colegio La Anunciaci\u00f3n es un centro <strong>concertado, cat\u00f3lico, mixto, Montessori <\/strong>en sus<strong> principios pedag\u00f3gicos <\/strong>y con profundo <strong>respeto<\/strong> a la<strong> diferencia <\/strong>y a la<strong> singularidad <\/strong>de los alumnos,<strong>\u00a0 <\/strong>que ofrece ense\u00f1anzas de <strong>Educaci\u00f3n Infantil (primer y segundo ciclo) <\/strong>y de<strong> Educaci\u00f3n Primaria<\/strong>. Todos los niveles est\u00e1n concertados excepto el\u00a0 primer ciclo de Infantil que es privado. El colegio est\u00e1 adscrito a los <strong>IES Santa Clara y Villajunco,<\/strong> por lo que los alumnos escolarizados en el centro, al finalizar sexto de Primaria, si lo desean tienen directamente plaza adjudicada en cualquiera de estos dos institutos.<\/p>\n<p style=\"text-align: justify;\">El Colegio La Anunciaci\u00f3n es uno de los tres <strong>colegios Diocesanos de Santander<\/strong>, considerado como <strong>Centro de Educaci\u00f3n Cat\u00f3lica<\/strong> de Iniciativa Social que pretende prestar un importante servicio a la sociedad. Desde su origen, es u<a href=\"http:\/\/parroquiaanunciacion.com\/colegio\/wp-content\/uploads\/2015\/09\/Colegio-la-Anunciacio\u0301n-e1484854381835.jpg\"><img loading=\"lazy\" decoding=\"async\" data-attachment-id=\"2521\" data-permalink=\"https:\/\/parroquiaanunciacion.com\/colegio\/nuestro-colegio\/quienes-somos\/colegio-la-anunciacion-2\/\" data-orig-file=\"https:\/\/parroquiaanunciacion.com\/colegio\/wp-content\/uploads\/2015\/09\/Colegio-la-Anunciacio\u0301n-e1484854381835.jpg\" data-orig-size=\"2592,3872\" data-comments-opened=\"0\" data-image-meta=\"{&quot;aperture&quot;:&quot;10&quot;,&quot;credit&quot;:&quot;&quot;,&quot;camera&quot;:&quot;NIKON D3000&quot;,&quot;caption&quot;:&quot;&quot;,&quot;created_timestamp&quot;:&quot;1429537890&quot;,&quot;copyright&quot;:&quot;&quot;,&quot;focal_length&quot;:&quot;135&quot;,&quot;iso&quot;:&quot;100&quot;,&quot;shutter_speed&quot;:&quot;0.003125&quot;,&quot;title&quot;:&quot;&quot;,&quot;orientation&quot;:&quot;8&quot;}\" data-image-title=\"Colegio la Anunciacio\u0301n\" data-image-description=\"\" data-image-caption=\"\" data-medium-file=\"https:\/\/parroquiaanunciacion.com\/colegio\/wp-content\/uploads\/2015\/09\/Colegio-la-Anunciacio\u0301n-e1484854381835-201x300.jpg\" data-large-file=\"https:\/\/parroquiaanunciacion.com\/colegio\/wp-content\/uploads\/2015\/09\/Colegio-la-Anunciacio\u0301n-e1484854381835-685x1024.jpg\" class=\" wp-image-2521 alignleft\" src=\"http:\/\/parroquiaanunciacion.com\/colegio\/wp-content\/uploads\/2015\/09\/Colegio-la-Anunciacio\u0301n-e1484854381835-201x300.jpg\" alt=\"Colegio la Anunciacio\u0301n\" width=\"290\" height=\"433\" srcset=\"https:\/\/parroquiaanunciacion.com\/colegio\/wp-content\/uploads\/2015\/09\/Colegio-la-Anunciacio\u0301n-e1484854381835-201x300.jpg 201w, https:\/\/parroquiaanunciacion.com\/colegio\/wp-content\/uploads\/2015\/09\/Colegio-la-Anunciacio\u0301n-e1484854381835-685x1024.jpg 685w\" sizes=\"(max-width: 290px) 100vw, 290px\" \/><\/a>n centro sensible a las realidades de su entorno y abierto a todos.<\/p>\n<p style=\"text-align: justify;\">El pluralismo de nuestra sociedad actual se traduce en una gran diversidad de ofertas educativas. Los Colegio Diocesanos ofrecen una ense\u00f1anza de calidad abierta a todas las clases sociales, como respuesta de la preocupaci\u00f3n de la Iglesia Diocesana por la educaci\u00f3n.<\/p>\n<p style=\"text-align: justify;\">Nuestro centro nace en virtud de la necesidad de escolarizaci\u00f3n que se hac\u00eda sentir antiguamente en la Di\u00f3cesis, y por la inquietud de la Comunidad Parroquial de educar y \u201ceducar en cristiano\u201d.<\/p>\n<p style=\"text-align: justify;\">La <strong>Titularidad<\/strong> del colegio la ostenta el <strong>Obispado de Santander<\/strong>, a trav\u00e9s de la <strong>Parroquia de La<\/strong> <strong>Anunciaci\u00f3n,<\/strong> que sostiene y dirige esta escuela cuyo objetivo principal es la formaci\u00f3n personal, religiosa, acad\u00e9mica y social de los alumnos que en ella estudian. Toda la Comunidad Educativa: profesores, alumnos, padres y personal no docente trabajan, desde un humanismo cristiano, en la promoci\u00f3n de los ni\u00f1os desde una <strong>educaci\u00f3n integral<\/strong> que haga crecer la persona en todas sus dimensiones.<\/p>\n<p>&nbsp;<\/p>\n<div style=\"width: 640px;\" class=\"wp-video\"><video class=\"wp-video-shortcode\" id=\"video-1327-1\" width=\"640\" height=\"360\" preload=\"metadata\" controls=\"controls\"><source type=\"video\/mp4\" src=\"http:\/\/parroquiaanunciacion.com\/colegio\/wp-content\/uploads\/2016\/02\/Mi-peli\u0301cula-6.mp4?_=1\" \/><a href=\"http:\/\/parroquiaanunciacion.com\/colegio\/wp-content\/uploads\/2016\/02\/Mi-peli\u0301cula-6.mp4\">http:\/\/parroquiaanunciacion.com\/colegio\/wp-content\/uploads\/2016\/02\/Mi-peli\u0301cula-6.mp4<\/a><\/video><\/div>\n<p>&nbsp;<\/p>\n<p>&nbsp;<\/p>\n<p>&nbsp;<\/p>\n","protected":false},"excerpt":{"rendered":"<p>El Colegio La Anunciaci\u00f3n es un centro concertado, cat\u00f3lico, mixto, Montessori en sus principios pedag\u00f3gicos y con profundo respeto a la diferencia y a la singularidad de los alumnos,\u00a0 que ofrece ense\u00f1anzas de Educaci\u00f3n Infantil (primer y segundo ciclo) y de Educaci\u00f3n Primaria. Todos los niveles est\u00e1n concertados excepto el\u00a0 primer ciclo de Infantil que [&hellip;]<\/p>\n","protected":false},"author":6,"featured_media":0,"parent":1310,"menu_order":1,"comment_status":"closed","ping_status":"closed","template":"","meta":{"_et_pb_use_builder":"","_et_pb_old_content":"","_et_gb_content_width":"","jetpack_post_was_ever_published":false,"footnotes":""},"class_list":["post-1327","page","type-page","status-publish","hentry"],"jetpack_sharing_enabled":true,"jetpack_shortlink":"https:\/\/wp.me\/P2dxaQ-lp","_links":{"self":[{"href":"https:\/\/parroquiaanunciacion.com\/colegio\/wp-json\/wp\/v2\/pages\/1327","targetHints":{"allow":["GET"]}}],"collection":[{"href":"https:\/\/parroquiaanunciacion.com\/colegio\/wp-json\/wp\/v2\/pages"}],"about":[{"href":"https:\/\/parroquiaanunciacion.com\/colegio\/wp-json\/wp\/v2\/types\/page"}],"author":[{"embeddable":true,"href":"https:\/\/parroquiaanunciacion.com\/colegio\/wp-json\/wp\/v2\/users\/6"}],"replies":[{"embeddable":true,"href":"https:\/\/parroquiaanunciacion.com\/colegio\/wp-json\/wp\/v2\/comments?post=1327"}],"version-history":[{"count":11,"href":"https:\/\/parroquiaanunciacion.com\/colegio\/wp-json\/wp\/v2\/pages\/1327\/revisions"}],"predecessor-version":[{"id":2595,"href":"https:\/\/parroquiaanunciacion.com\/colegio\/wp-json\/wp\/v2\/pages\/1327\/revisions\/2595"}],"up":[{"embeddable":true,"href":"https:\/\/parroquiaanunciacion.com\/colegio\/wp-json\/wp\/v2\/pages\/1310"}],"wp:attachment":[{"href":"https:\/\/parroquiaanunciacion.com\/colegio\/wp-json\/wp\/v2\/media?parent=1327"}],"curies":[{"name":"wp","href":"https:\/\/api.w.org\/{rel}","templated":true}]}}