{"id":1329,"date":"2015-09-06T21:21:52","date_gmt":"2015-09-06T19:21:52","guid":{"rendered":"http:\/\/parroquiaanunciacion.com\/colegio\/?page_id=1329"},"modified":"2017-01-18T19:50:41","modified_gmt":"2017-01-18T18:50:41","slug":"nuestra-historia","status":"publish","type":"page","link":"https:\/\/parroquiaanunciacion.com\/colegio\/nuestro-colegio\/nuestra-historia\/","title":{"rendered":"Nuestra historia"},"content":{"rendered":"<p style=\"text-align: justify;\">El actual Colegio La Anunciaci\u00f3n, situado en la Calle San Celedonio n\u00famero 8, tiene una larga historia. Es el segundo m\u00e1s antiguo entre los colegios actualmente existentes en Santander.<\/p>\n<div id=\"attachment_1818\" style=\"width: 310px\" class=\"wp-caption alignright\"><img loading=\"lazy\" decoding=\"async\" aria-describedby=\"caption-attachment-1818\" data-attachment-id=\"1818\" data-permalink=\"https:\/\/parroquiaanunciacion.com\/colegio\/nuestro-colegio\/nuestra-historia\/20160130_214258-1\/\" data-orig-file=\"https:\/\/parroquiaanunciacion.com\/colegio\/wp-content\/uploads\/2015\/09\/20160130_214258-1-e1454542347629.jpg\" data-orig-size=\"2313,1873\" data-comments-opened=\"0\" data-image-meta=\"{&quot;aperture&quot;:&quot;2.4&quot;,&quot;credit&quot;:&quot;&quot;,&quot;camera&quot;:&quot;LG-D802&quot;,&quot;caption&quot;:&quot;&quot;,&quot;created_timestamp&quot;:&quot;1454190178&quot;,&quot;copyright&quot;:&quot;&quot;,&quot;focal_length&quot;:&quot;3.97&quot;,&quot;iso&quot;:&quot;450&quot;,&quot;shutter_speed&quot;:&quot;0.1&quot;,&quot;title&quot;:&quot;&quot;,&quot;orientation&quot;:&quot;1&quot;}\" data-image-title=\"20160130_214258 (1)\" data-image-description=\"\" data-image-caption=\"\" data-large-file=\"https:\/\/parroquiaanunciacion.com\/colegio\/wp-content\/uploads\/2015\/09\/20160130_214258-1-e1454542347629-1024x829.jpg\" class=\"wp-image-1818 size-medium\" src=\"http:\/\/parroquiaanunciacion.com\/colegio\/wp-content\/uploads\/2015\/09\/20160130_214258-1-e1454542347629-300x243.jpg\" alt=\"20160130_214258 (1)\" width=\"300\" height=\"243\" srcset=\"https:\/\/parroquiaanunciacion.com\/colegio\/wp-content\/uploads\/2015\/09\/20160130_214258-1-e1454542347629-300x243.jpg 300w, https:\/\/parroquiaanunciacion.com\/colegio\/wp-content\/uploads\/2015\/09\/20160130_214258-1-e1454542347629-1024x829.jpg 1024w\" sizes=\"(max-width: 300px) 100vw, 300px\" \/><p id=\"caption-attachment-1818\" class=\"wp-caption-text\">La casa de Vi\u00f1as con su parte izquierda, posteriormente derruida.<\/p><\/div>\n<p style=\"text-align: justify;\">Este colegio, de iniciativa diocesana desde sus inicios, surgi\u00f3 como respuesta a la necesidad que hab\u00eda en Santander de centros educativos, proponi\u00e9ndose desde su inicio la formaci\u00f3n integral de\u00a0los alumnos.<\/p>\n<p style=\"text-align: justify;\">La fundaci\u00f3n de este colegio, as\u00ed como de otros varios que se instituyeron en la misma \u00e9poca, respondi\u00f3 a las gestiones del Obispo de la Di\u00f3cesis,\u00a0Don Vicente S\u00e1nchez de Castro. Se encomend\u00f3 el mismo a los Salesianos, una orden religiosa de reciente creaci\u00f3n, con el carisma de educar a los ni\u00f1os pertenecientes a familias con pocos medios econ\u00f3micos.<\/p>\n<p style=\"text-align: justify;\">En el Bolet\u00edn Diocesano 1892 aparece con fecha del 14 de mayo la noticia de la llegada a Santander de una comunidad de Salesianos procedente de Sarri\u00e1, para poner en marcha un colegio en la calle de Vi\u00f1as.<\/p>\n<p style=\"text-align: justify;\">El Colegio fue conocido como \u201cSan Andr\u00e9s de Vi\u00f1as\u201d, ya que este tramo de la calle San Celedonio se llamaba entonces calle de Vi\u00f1as, tambi\u00e9n conocida como \u201cEscuelas de Don Bosco\u201d. Fue un referente educativo y cultural no solo para el barrio sino para toda la ciudad, toda vez que, adem\u00e1s de la tarea docente propia del mismo, desarroll\u00f3 una serie de actividades, fuera del marco escolar, que tuvieron amplia repercusi\u00f3n (Banda de M\u00fasica, Batall\u00f3n Infantil, etc). Es por ello por lo que miembros muy destacados de la sociedad de la \u00e9poca apoyan la actuaci\u00f3n del colegio y, dada la escasa capacidad del mismo, promueven la construcci\u00f3n de otro mayor. A la cabeza de estas gestiones estuvo el escritor D. Jos\u00e9 Mar\u00eda de Pereda y el fruto de las mismas es el actual colegio de\u00a0Mar\u00eda Auxiliadora, de los Padres Salesianos.<\/p>\n<div id=\"attachment_1816\" style=\"width: 259px\" class=\"wp-caption alignright\"><img loading=\"lazy\" decoding=\"async\" aria-describedby=\"caption-attachment-1816\" data-attachment-id=\"1816\" data-permalink=\"https:\/\/parroquiaanunciacion.com\/colegio\/nuestro-colegio\/nuestra-historia\/20160130_214355\/\" data-orig-file=\"https:\/\/parroquiaanunciacion.com\/colegio\/wp-content\/uploads\/2015\/09\/20160130_214355.jpg\" data-orig-size=\"2468,2054\" data-comments-opened=\"0\" data-image-meta=\"{&quot;aperture&quot;:&quot;2.4&quot;,&quot;credit&quot;:&quot;&quot;,&quot;camera&quot;:&quot;LG-D802&quot;,&quot;caption&quot;:&quot;&quot;,&quot;created_timestamp&quot;:&quot;1454190235&quot;,&quot;copyright&quot;:&quot;&quot;,&quot;focal_length&quot;:&quot;3.97&quot;,&quot;iso&quot;:&quot;0&quot;,&quot;shutter_speed&quot;:&quot;0&quot;,&quot;title&quot;:&quot;&quot;,&quot;orientation&quot;:&quot;1&quot;}\" data-image-title=\"20160130_214355\" data-image-description=\"\" data-image-caption=\"\" data-large-file=\"https:\/\/parroquiaanunciacion.com\/colegio\/wp-content\/uploads\/2015\/09\/20160130_214355-1024x852.jpg\" class=\"wp-image-1816 \" src=\"http:\/\/parroquiaanunciacion.com\/colegio\/wp-content\/uploads\/2015\/09\/20160130_214355-300x250.jpg\" alt=\"20160130_214355\" width=\"249\" height=\"208\" srcset=\"https:\/\/parroquiaanunciacion.com\/colegio\/wp-content\/uploads\/2015\/09\/20160130_214355-300x250.jpg 300w, https:\/\/parroquiaanunciacion.com\/colegio\/wp-content\/uploads\/2015\/09\/20160130_214355-1024x852.jpg 1024w\" sizes=\"(max-width: 249px) 100vw, 249px\" \/><p id=\"caption-attachment-1816\" class=\"wp-caption-text\">Don Jes\u00fas Carballo acompa\u00f1a a la Reina Victoria cuando visita la caverna de Puente Viesgo. A\u00f1o 1920<\/p><\/div>\n<p style=\"text-align: justify;\">Ya el primer director del Colegio, D. Angel Tabarini, ampli\u00f3 el edificio, (ampliaci\u00f3n que ser\u00eda derribada durante la Segunda Rep\u00fablica) y efectu\u00f3\u00a0numerosas gestiones tendentes a recabar medios econ\u00f3micos para la mejor atenci\u00f3n de los alumnos. A este primer director se siguieron otros salesianos de renombre, entre los que cabe se\u00f1alar al Padre Jes\u00fas Carballo, eminente prehistoriador a quien se debe la fundaci\u00f3n del Museo de Prehistoria de Santander.<\/p>\n<p style=\"text-align: justify;\">Este normal desarrollo de las actividades docentes se vio alterado por la Segunda Rep\u00fablica que estableci\u00f3 que los centros de ense\u00f1anza de entidades religiosas solamente podr\u00edan impartir disciplinas religiosas. Para soslayar esta circunstancia, se constituy\u00f3 la \u201cMutua \u00a0Escolar Cant\u00e1brica\u201d, formada por antiguos \u00a0alumnos y otras personas cercanas al Colegio que figuraron como titulares del mismo.<\/p>\n<p style=\"text-align: justify;\"><img loading=\"lazy\" decoding=\"async\" data-attachment-id=\"1817\" data-permalink=\"https:\/\/parroquiaanunciacion.com\/colegio\/nuestro-colegio\/nuestra-historia\/20160130_214303-1\/\" data-orig-file=\"https:\/\/parroquiaanunciacion.com\/colegio\/wp-content\/uploads\/2015\/09\/20160130_214303-1.jpg\" data-orig-size=\"1460,2128\" data-comments-opened=\"0\" data-image-meta=\"{&quot;aperture&quot;:&quot;0&quot;,&quot;credit&quot;:&quot;&quot;,&quot;camera&quot;:&quot;LG-D802&quot;,&quot;caption&quot;:&quot;&quot;,&quot;created_timestamp&quot;:&quot;1454190183&quot;,&quot;copyright&quot;:&quot;&quot;,&quot;focal_length&quot;:&quot;0&quot;,&quot;iso&quot;:&quot;0&quot;,&quot;shutter_speed&quot;:&quot;0&quot;,&quot;title&quot;:&quot;&quot;,&quot;orientation&quot;:&quot;1&quot;}\" data-image-title=\"20160130_214303-1\" data-image-description=\"\" data-image-caption=\"\" data-large-file=\"https:\/\/parroquiaanunciacion.com\/colegio\/wp-content\/uploads\/2015\/09\/20160130_214303-1-703x1024.jpg\" class=\"wp-image-1817 alignleft\" src=\"http:\/\/parroquiaanunciacion.com\/colegio\/wp-content\/uploads\/2015\/09\/20160130_214303-1-206x300.jpg\" alt=\"20160130_214303-1\" width=\"137\" height=\"200\" srcset=\"https:\/\/parroquiaanunciacion.com\/colegio\/wp-content\/uploads\/2015\/09\/20160130_214303-1-206x300.jpg 206w, https:\/\/parroquiaanunciacion.com\/colegio\/wp-content\/uploads\/2015\/09\/20160130_214303-1-703x1024.jpg 703w, https:\/\/parroquiaanunciacion.com\/colegio\/wp-content\/uploads\/2015\/09\/20160130_214303-1.jpg 1460w\" sizes=\"(max-width: 137px) 100vw, 137px\" \/>El 13 de agosto de 1936, el Frente Popular requis\u00f3 el Colegio y lo transform\u00f3 en \u00a0c\u00e1rcel.\u00a0Los Salesianos continuaron viviendo en el mismo y se les responsabiliz\u00f3 de \u00a0la custodia de los presos. All\u00ed sufrieron cautiverio, entre otros, los monjes del \u00a0Monasterio de Viaceli, que posteriormente fueron martirizados y en el a\u00f1o 2015 \u00a0han sido beatificados. Posteriormente el Gobierno incaut\u00f3 el colegio ordenando \u00a0dispersarse a la comunidad de Salesianos.<\/p>\n<div id=\"attachment_1455\" style=\"width: 310px\" class=\"wp-caption alignright\"><a href=\"http:\/\/parroquiaanunciacion.com\/colegio\/wp-content\/uploads\/2015\/09\/MARTIRES_VIACELI_2-poster_rojo-1.jpg\"><img loading=\"lazy\" decoding=\"async\" aria-describedby=\"caption-attachment-1455\" data-attachment-id=\"1455\" data-permalink=\"https:\/\/parroquiaanunciacion.com\/colegio\/nuestro-colegio\/nuestra-historia\/martires_viaceli_2-poster_rojo-1\/\" data-orig-file=\"https:\/\/parroquiaanunciacion.com\/colegio\/wp-content\/uploads\/2015\/09\/MARTIRES_VIACELI_2-poster_rojo-1.jpg\" data-orig-size=\"1290,1184\" data-comments-opened=\"0\" data-image-meta=\"{&quot;aperture&quot;:&quot;0&quot;,&quot;credit&quot;:&quot;&quot;,&quot;camera&quot;:&quot;&quot;,&quot;caption&quot;:&quot;&quot;,&quot;created_timestamp&quot;:&quot;1438685387&quot;,&quot;copyright&quot;:&quot;&quot;,&quot;focal_length&quot;:&quot;0&quot;,&quot;iso&quot;:&quot;0&quot;,&quot;shutter_speed&quot;:&quot;0&quot;,&quot;title&quot;:&quot;&quot;,&quot;orientation&quot;:&quot;1&quot;}\" data-image-title=\"MARTIRES_VIACELI_2-poster_rojo (1)\" data-image-description=\"\" data-image-caption=\"\" data-large-file=\"https:\/\/parroquiaanunciacion.com\/colegio\/wp-content\/uploads\/2015\/09\/MARTIRES_VIACELI_2-poster_rojo-1-1024x940.jpg\" class=\"wp-image-1455 size-medium\" src=\"http:\/\/parroquiaanunciacion.com\/colegio\/wp-content\/uploads\/2015\/09\/MARTIRES_VIACELI_2-poster_rojo-1-300x275.jpg\" alt=\"MARTIRES_VIACELI_2-poster_rojo (1)\" width=\"300\" height=\"275\" srcset=\"https:\/\/parroquiaanunciacion.com\/colegio\/wp-content\/uploads\/2015\/09\/MARTIRES_VIACELI_2-poster_rojo-1-300x275.jpg 300w, https:\/\/parroquiaanunciacion.com\/colegio\/wp-content\/uploads\/2015\/09\/MARTIRES_VIACELI_2-poster_rojo-1-1024x940.jpg 1024w, https:\/\/parroquiaanunciacion.com\/colegio\/wp-content\/uploads\/2015\/09\/MARTIRES_VIACELI_2-poster_rojo-1.jpg 1290w\" sizes=\"(max-width: 300px) 100vw, 300px\" \/><\/a><p id=\"caption-attachment-1455\" class=\"wp-caption-text\">M\u00e1rtires de Viaceli<\/p><\/div>\n<p style=\"text-align: justify;\">En el oto\u00f1o de 1937, al restablecerse la libertad religiosa, los Salesianos pudieron volver al colegio de Vi\u00f1as, reiniciando la actividad docente el mismo.<\/p>\n<p style=\"text-align: justify;\">El siete de mayo de 1942, despu\u00e9s de celebrar la \u00faltima misa en la capilla de Vi\u00f1as, la comunidad salesiana dej\u00f3 el colegio, traslad\u00e1ndose al de Mar\u00eda Auxiliadora, en la calle General D\u00e1vila, donde contin\u00faan en la actualidad.<\/p>\n<p style=\"text-align: justify;\">La parroquia de la Anunciaci\u00f3n, afectada por el incendio de 1941, estaba en proceso de reconstrucci\u00f3n, no as\u00ed los locales y dependencias de la misma, por lo cual su p\u00e1rroco, Don Fernando\u00a0Velasco, solicit\u00f3 al Obispado la utilizaci\u00f3n del colegio para diversos fines parroquiales. El 13 de mayo de 1942, el Obispo de la Di\u00f3cesis, D. Jos\u00e9 Eguino, accedi\u00f3 a esta solicitud, quedando ubicados en el Colegio la sede de Acci\u00f3n Cat\u00f3lica, C\u00edrculos de Estudio, Roperos lit\u00fargico y de pobres y Catequesis de ni\u00f1os y adultos.<\/p>\n<p style=\"text-align: justify;\">Asimismo se crearon cuatro aulas parroquiales destinadas a ni\u00f1as, por lo que la actividad docente tuvo continuidad.<\/p>\n<p style=\"text-align: justify;\">El 30 de julio de 1950 se crea, por Orden Ministerial, la Escuela Graduada de Ni\u00f1as \u201cLa Anunciaci\u00f3n\u201d, con una dotaci\u00f3n de dos unidades. En 1955 se ampl\u00eda con otras dos unidades. En 1961 se cre\u00f3 el Comedor Escolar, sufragado por la Parroquia. El a\u00f1o 1968 comenz\u00f3 su actividad una unidad de p\u00e1rvulos.<\/p>\n<p style=\"text-align: justify;\">El a\u00f1o 1971, por Orden Ministerial de 7 de octubre, se crea el \u201cColegio Nacional de Ni\u00f1as La Anunciaci\u00f3n\u201d, dependiente del Consejo Escolar Primario Diocesano.<\/p>\n<div id=\"attachment_1820\" style=\"width: 310px\" class=\"wp-caption alignleft\"><img loading=\"lazy\" decoding=\"async\" aria-describedby=\"caption-attachment-1820\" data-attachment-id=\"1820\" data-permalink=\"https:\/\/parroquiaanunciacion.com\/colegio\/nuestro-colegio\/nuestra-historia\/captura-de-pantalla-2016-02-04-a-las-0-57-28\/\" data-orig-file=\"https:\/\/parroquiaanunciacion.com\/colegio\/wp-content\/uploads\/2015\/09\/Captura-de-pantalla-2016-02-04-a-las-0.57.28.png\" data-orig-size=\"862,477\" data-comments-opened=\"0\" data-image-meta=\"{&quot;aperture&quot;:&quot;0&quot;,&quot;credit&quot;:&quot;&quot;,&quot;camera&quot;:&quot;&quot;,&quot;caption&quot;:&quot;&quot;,&quot;created_timestamp&quot;:&quot;0&quot;,&quot;copyright&quot;:&quot;&quot;,&quot;focal_length&quot;:&quot;0&quot;,&quot;iso&quot;:&quot;0&quot;,&quot;shutter_speed&quot;:&quot;0&quot;,&quot;title&quot;:&quot;&quot;,&quot;orientation&quot;:&quot;0&quot;}\" data-image-title=\"Captura de pantalla 2016-02-04 a las 0.57.28\" data-image-description=\"\" data-image-caption=\"\" data-large-file=\"https:\/\/parroquiaanunciacion.com\/colegio\/wp-content\/uploads\/2015\/09\/Captura-de-pantalla-2016-02-04-a-las-0.57.28.png\" class=\"wp-image-1820 size-medium\" src=\"http:\/\/parroquiaanunciacion.com\/colegio\/wp-content\/uploads\/2015\/09\/Captura-de-pantalla-2016-02-04-a-las-0.57.28-300x166.png\" alt=\"Captura de pantalla 2016-02-04 a las 0.57.28\" width=\"300\" height=\"166\" srcset=\"https:\/\/parroquiaanunciacion.com\/colegio\/wp-content\/uploads\/2015\/09\/Captura-de-pantalla-2016-02-04-a-las-0.57.28-300x166.png 300w, https:\/\/parroquiaanunciacion.com\/colegio\/wp-content\/uploads\/2015\/09\/Captura-de-pantalla-2016-02-04-a-las-0.57.28.png 862w\" sizes=\"(max-width: 300px) 100vw, 300px\" \/><p id=\"caption-attachment-1820\" class=\"wp-caption-text\">El equipo de f\u00fatbol del colegio en 1984<\/p><\/div>\n<p style=\"text-align: justify;\">Este mismo a\u00f1o se ampli\u00f3 el Colegio con una secci\u00f3n en el Barrio de Cueto n\u00ba 7. Funcionando en r\u00e9gimen de Agrupaci\u00f3n escolar. Esto fue debido a la urgente necesidad de escolarizaci\u00f3n en citado barrio y ser \u00e9sta la v\u00eda m\u00e1s r\u00e1pida de actuaci\u00f3n.<\/p>\n<p style=\"text-align: justify;\">En 1972 entr\u00f3 en vigor la Ley General de Educaci\u00f3n, a consecuencia de la cual, el Colegio qued\u00f3 transformado en \u201cColegio de Educaci\u00f3n General B\u00e1sica La Anunciaci\u00f3n\u00bb\u00a0y pas\u00f3 a ser mixto.<\/p>\n<p style=\"text-align: justify;\">El mes de octubre de 1984, debido al incremento de alumnos, se procedi\u00f3 a la separaci\u00f3n de los centros de San Celedonio y Cueto, que pasaron a funcionar como cetros independientes y plenamente aut\u00f3nomos.<\/p>\n<p style=\"text-align: justify;\">En el a\u00f1o 2001\u00a0por la Ley Org\u00e1nica General del Sistema Educativo el colegio quedar\u00e1 constituido como un centro de Educaci\u00f3n Infantil y Educaci\u00f3n Primaria. Los alumnos mayores de 12 a\u00f1os pasar\u00e1n a partir de entonces a otros centros a cursar la Educaci\u00f3n Secundaria Obligatoria (E.S.O.).<\/p>\n<p style=\"text-align: justify;\">En el a\u00f1o 2014, Don Vicente Jim\u00e9nez Zamora, obispo de Santander, aprueba para los colegios diocesanos el Ideario y Car\u00e1cter Propio de los centros diocesanos poniendo las bases para futuros documentos y marcando la l\u00ednea de acci\u00f3n pastor<img loading=\"lazy\" decoding=\"async\" data-attachment-id=\"1484\" data-permalink=\"https:\/\/parroquiaanunciacion.com\/colegio\/nuestro-colegio\/nuestra-historia\/image\/\" data-orig-file=\"https:\/\/parroquiaanunciacion.com\/colegio\/wp-content\/uploads\/2015\/11\/image.jpeg\" data-orig-size=\"2048,1370\" data-comments-opened=\"0\" data-image-meta=\"{&quot;aperture&quot;:&quot;0&quot;,&quot;credit&quot;:&quot;&quot;,&quot;camera&quot;:&quot;&quot;,&quot;caption&quot;:&quot;&quot;,&quot;created_timestamp&quot;:&quot;0&quot;,&quot;copyright&quot;:&quot;&quot;,&quot;focal_length&quot;:&quot;0&quot;,&quot;iso&quot;:&quot;0&quot;,&quot;shutter_speed&quot;:&quot;0&quot;,&quot;title&quot;:&quot;&quot;,&quot;orientation&quot;:&quot;1&quot;}\" data-image-title=\"image\" data-image-description=\"\" data-image-caption=\"\" data-large-file=\"https:\/\/parroquiaanunciacion.com\/colegio\/wp-content\/uploads\/2015\/11\/image-1024x685.jpeg\" class=\"size-medium wp-image-1484 alignleft\" src=\"http:\/\/parroquiaanunciacion.com\/colegio\/wp-content\/uploads\/2015\/11\/image-300x201.jpeg\" alt=\"image\" width=\"300\" height=\"201\" srcset=\"https:\/\/parroquiaanunciacion.com\/colegio\/wp-content\/uploads\/2015\/11\/image-300x201.jpeg 300w, https:\/\/parroquiaanunciacion.com\/colegio\/wp-content\/uploads\/2015\/11\/image-1024x685.jpeg 1024w, https:\/\/parroquiaanunciacion.com\/colegio\/wp-content\/uploads\/2015\/11\/image.jpeg 2048w\" sizes=\"(max-width: 300px) 100vw, 300px\" \/>al\u00a0y evangelizadora de este colegio.<\/p>\n<p style=\"text-align: justify;\">A partir del a\u00f1o 2013 el Colegio la Anunciaci\u00f3n se destaca como pionero en la aplicaci\u00f3n de la Pedagog\u00eda Montessori en la Educaci\u00f3n Infantil y Primaria. Esta l\u00ednea pedag\u00f3gica se aplicar\u00e1 tambi\u00e9n en la acci\u00f3n pastoral del colegio con la creaci\u00f3n del Atrio del Buen Pastor junto con otras experiencias pastorales llevadas a cabo en el colegio.<\/p>\n<p style=\"text-align: justify;\">En el a\u00f1o 2015, el d\u00eda 27 de octubre, Don Manuel S\u00e1nchez Monge, obispo de Santander, visit\u00f3 el colegio y bendijo el nuevo Oratorio de los Ni\u00f1os.<\/p>\n<p style=\"text-align: justify;\"><img loading=\"lazy\" decoding=\"async\" data-attachment-id=\"1823\" data-permalink=\"https:\/\/parroquiaanunciacion.com\/colegio\/nuestro-colegio\/nuestra-historia\/dsc_0898\/\" data-orig-file=\"https:\/\/parroquiaanunciacion.com\/colegio\/wp-content\/uploads\/2015\/09\/DSC_0898-e1454624935478.jpg\" data-orig-size=\"2381,3358\" data-comments-opened=\"0\" data-image-meta=\"{&quot;aperture&quot;:&quot;10&quot;,&quot;credit&quot;:&quot;&quot;,&quot;camera&quot;:&quot;NIKON D3000&quot;,&quot;caption&quot;:&quot;&quot;,&quot;created_timestamp&quot;:&quot;1429537905&quot;,&quot;copyright&quot;:&quot;&quot;,&quot;focal_length&quot;:&quot;55&quot;,&quot;iso&quot;:&quot;125&quot;,&quot;shutter_speed&quot;:&quot;0.004&quot;,&quot;title&quot;:&quot;&quot;,&quot;orientation&quot;:&quot;1&quot;}\" data-image-title=\"DSC_0898\" data-image-description=\"\" data-image-caption=\"\" data-large-file=\"https:\/\/parroquiaanunciacion.com\/colegio\/wp-content\/uploads\/2015\/09\/DSC_0898-e1454624935478-726x1024.jpg\" class=\"wp-image-1823 alignleft\" src=\"http:\/\/parroquiaanunciacion.com\/colegio\/wp-content\/uploads\/2015\/09\/DSC_0898-188x300.jpg\" alt=\"DSC_0898\" width=\"253\" height=\"403\" \/><\/p>\n","protected":false},"excerpt":{"rendered":"<p>El actual Colegio La Anunciaci\u00f3n, situado en la Calle San Celedonio n\u00famero 8, tiene una larga historia. Es el segundo m\u00e1s antiguo entre los colegios actualmente existentes en Santander. Este colegio, de iniciativa diocesana desde sus inicios, surgi\u00f3 como respuesta a la necesidad que hab\u00eda en Santander de centros educativos, proponi\u00e9ndose desde su inicio la [&hellip;]<\/p>\n","protected":false},"author":6,"featured_media":0,"parent":1310,"menu_order":3,"comment_status":"closed","ping_status":"closed","template":"","meta":{"_et_pb_use_builder":"","_et_pb_old_content":"","_et_gb_content_width":"","jetpack_post_was_ever_published":false,"footnotes":""},"class_list":["post-1329","page","type-page","status-publish","hentry"],"jetpack_sharing_enabled":true,"jetpack_shortlink":"https:\/\/wp.me\/P2dxaQ-lr","_links":{"self":[{"href":"https:\/\/parroquiaanunciacion.com\/colegio\/wp-json\/wp\/v2\/pages\/1329","targetHints":{"allow":["GET"]}}],"collection":[{"href":"https:\/\/parroquiaanunciacion.com\/colegio\/wp-json\/wp\/v2\/pages"}],"about":[{"href":"https:\/\/parroquiaanunciacion.com\/colegio\/wp-json\/wp\/v2\/types\/page"}],"author":[{"embeddable":true,"href":"https:\/\/parroquiaanunciacion.com\/colegio\/wp-json\/wp\/v2\/users\/6"}],"replies":[{"embeddable":true,"href":"https:\/\/parroquiaanunciacion.com\/colegio\/wp-json\/wp\/v2\/comments?post=1329"}],"version-history":[{"count":25,"href":"https:\/\/parroquiaanunciacion.com\/colegio\/wp-json\/wp\/v2\/pages\/1329\/revisions"}],"predecessor-version":[{"id":2475,"href":"https:\/\/parroquiaanunciacion.com\/colegio\/wp-json\/wp\/v2\/pages\/1329\/revisions\/2475"}],"up":[{"embeddable":true,"href":"https:\/\/parroquiaanunciacion.com\/colegio\/wp-json\/wp\/v2\/pages\/1310"}],"wp:attachment":[{"href":"https:\/\/parroquiaanunciacion.com\/colegio\/wp-json\/wp\/v2\/media?parent=1329"}],"curies":[{"name":"wp","href":"https:\/\/api.w.org\/{rel}","templated":true}]}}