{"id":1331,"date":"2015-09-06T21:22:24","date_gmt":"2015-09-06T19:22:24","guid":{"rendered":"http:\/\/parroquiaanunciacion.com\/colegio\/?page_id=1331"},"modified":"2017-01-24T22:16:10","modified_gmt":"2017-01-24T21:16:10","slug":"montessori","status":"publish","type":"page","link":"https:\/\/parroquiaanunciacion.com\/colegio\/proyectos-del-centro\/montessori\/","title":{"rendered":"Montessori"},"content":{"rendered":"<p class=\"p1\" style=\"text-align: justify;\"><span class=\"s1\">En el Colegio la Anunciaci\u00f3n aplicamos aspectos propios de la metodolog\u00eda Montessori, tanto en la etapa Infantil como en Primaria. <\/span><\/p>\n<p class=\"p1\" style=\"text-align: justify;\"><span class=\"s2\"><b>Infantil<\/b><\/span><span class=\"s1\"><b>: <\/b>En esta etapa, fundamental para el desarrollo evolutivo del ni\u00f1o, nuestro principal objetivo es<b> educar\u00a0para la vida, <\/b>favorecer el desarrollo integral de nuestros alumnos y formarlos en valores cristianos.<\/span><\/p>\n<p class=\"p1\" style=\"text-align: justify;\"><span class=\"s1\">Todo esto se desarrolla en un ambiente familiar, en el que todos los docentes conocen personalmente a todos los alumnos, lo que favorece a mejorar la confianza de los ni\u00f1os.<a href=\"http:\/\/parroquiaanunciacion.com\/colegio\/wp-content\/uploads\/2015\/09\/IMG_4773-2.jpg\"><img loading=\"lazy\" decoding=\"async\" data-attachment-id=\"2513\" data-permalink=\"https:\/\/parroquiaanunciacion.com\/colegio\/proyectos-del-centro\/montessori\/img_4773-2\/\" data-orig-file=\"https:\/\/parroquiaanunciacion.com\/colegio\/wp-content\/uploads\/2015\/09\/IMG_4773-2.jpg\" data-orig-size=\"3919,3002\" data-comments-opened=\"0\" data-image-meta=\"{&quot;aperture&quot;:&quot;4.5&quot;,&quot;credit&quot;:&quot;&quot;,&quot;camera&quot;:&quot;Canon EOS 1200D&quot;,&quot;caption&quot;:&quot;&quot;,&quot;created_timestamp&quot;:&quot;1484754387&quot;,&quot;copyright&quot;:&quot;&quot;,&quot;focal_length&quot;:&quot;30&quot;,&quot;iso&quot;:&quot;640&quot;,&quot;shutter_speed&quot;:&quot;0.025&quot;,&quot;title&quot;:&quot;&quot;,&quot;orientation&quot;:&quot;0&quot;}\" data-image-title=\"IMG_4773 2\" data-image-description=\"\" data-image-caption=\"\" data-large-file=\"https:\/\/parroquiaanunciacion.com\/colegio\/wp-content\/uploads\/2015\/09\/IMG_4773-2-1024x784.jpg\" class=\"alignleft wp-image-2513\" src=\"http:\/\/parroquiaanunciacion.com\/colegio\/wp-content\/uploads\/2015\/09\/IMG_4773-2-300x230.jpg\" alt=\"IMG_4773 2\" width=\"374\" height=\"288\" \/><\/a> <\/span><\/p>\n<p class=\"p1\" style=\"text-align: justify;\"><span class=\"s2\"><b>Primaria<\/b><\/span><span class=\"s1\">: En la etapa Primaria continuamos implementando la metodolog\u00eda Montessori, esta vez con el fin de adquirir de manera m\u00e1s significativa los objetivos y contenidos fijados en el curr\u00edculo. <\/span><\/p>\n<p class=\"p1\" style=\"text-align: justify;\"><span class=\"s1\">En esta etapa adem\u00e1s de las actividades que se realizan en las distintas materias, tambi\u00e9n reforzamos por medio de esta metodolog\u00eda la convivencia, potenciando que sean los propios alumnos los responsables de la relaci\u00f3n con sus compa\u00f1eros. \u201cLa mesa de la paz\u201d y la distribuci\u00f3n de responsabilidades dentro del aula son fundamentales a la hora de convivir en nuestro centro. <\/span><\/p>\n<p class=\"p1\" style=\"text-align: justify;\"><span class=\"s1\">Contamos con diferentes materiales estructurados propios del M\u00e9todo Montessori que ayudan a los alumnos a ser los protagonistas de su propio aprendizaje. <\/span><\/p>\n<p class=\"p1\"><span class=\"s1\">As\u00ed mismo continuamos con la formaci\u00f3n del profesorado en esta metodolog\u00eda, algo que llevamos haciendo ya durante varios cursos. <\/span><\/p>\n<p class=\"p1\" style=\"text-align: center;\"><strong><span class=\"s1\">Si desea conocer c\u00f3mo desarrollamos esta metodolog\u00eda en el centro, no dude en ponerse en contacto con nosotros y concertar una visita.\u00a0<\/span><\/strong><\/p>\n<p style=\"text-align: left;\">\u00a0<a href=\"http:\/\/parroquiaanunciacion.com\/colegio\/wp-content\/uploads\/2015\/09\/IMG_4746.jpg\"><img loading=\"lazy\" decoding=\"async\" data-attachment-id=\"2482\" data-permalink=\"https:\/\/parroquiaanunciacion.com\/colegio\/proyectos-del-centro\/montessori\/img_4746\/\" data-orig-file=\"https:\/\/parroquiaanunciacion.com\/colegio\/wp-content\/uploads\/2015\/09\/IMG_4746.jpg\" data-orig-size=\"3831,3164\" data-comments-opened=\"0\" data-image-meta=\"{&quot;aperture&quot;:&quot;4&quot;,&quot;credit&quot;:&quot;&quot;,&quot;camera&quot;:&quot;Canon EOS 1200D&quot;,&quot;caption&quot;:&quot;&quot;,&quot;created_timestamp&quot;:&quot;1484752682&quot;,&quot;copyright&quot;:&quot;&quot;,&quot;focal_length&quot;:&quot;27&quot;,&quot;iso&quot;:&quot;500&quot;,&quot;shutter_speed&quot;:&quot;0.025&quot;,&quot;title&quot;:&quot;&quot;,&quot;orientation&quot;:&quot;0&quot;}\" data-image-title=\"IMG_4746\" data-image-description=\"\" data-image-caption=\"\" data-large-file=\"https:\/\/parroquiaanunciacion.com\/colegio\/wp-content\/uploads\/2015\/09\/IMG_4746-1024x846.jpg\" class=\"aligncenter wp-image-2482 size-large\" src=\"http:\/\/parroquiaanunciacion.com\/colegio\/wp-content\/uploads\/2015\/09\/IMG_4746-1024x846.jpg\" alt=\"IMG_4746\" width=\"670\" height=\"554\" srcset=\"https:\/\/parroquiaanunciacion.com\/colegio\/wp-content\/uploads\/2015\/09\/IMG_4746-1024x846.jpg 1024w, https:\/\/parroquiaanunciacion.com\/colegio\/wp-content\/uploads\/2015\/09\/IMG_4746-300x248.jpg 300w\" sizes=\"(max-width: 670px) 100vw, 670px\" \/><\/a><\/p>\n<h3 style=\"text-align: center;\">\u00a0<em>\u00abAy\u00fadame a hacerlo por m\u00ed mismo\u00bb<\/em><\/h3>\n<p><strong>\u00a0<\/strong><\/p>\n","protected":false},"excerpt":{"rendered":"<p>En el Colegio la Anunciaci\u00f3n aplicamos aspectos propios de la metodolog\u00eda Montessori, tanto en la etapa Infantil como en Primaria. Infantil: En esta etapa, fundamental para el desarrollo evolutivo del ni\u00f1o, nuestro principal objetivo es educar\u00a0para la vida, favorecer el desarrollo integral de nuestros alumnos y formarlos en valores cristianos. Todo esto se desarrolla en [&hellip;]<\/p>\n","protected":false},"author":6,"featured_media":0,"parent":1315,"menu_order":1,"comment_status":"closed","ping_status":"closed","template":"","meta":{"_et_pb_use_builder":"","_et_pb_old_content":"","_et_gb_content_width":"","jetpack_post_was_ever_published":false,"footnotes":""},"class_list":["post-1331","page","type-page","status-publish","hentry"],"jetpack_sharing_enabled":true,"jetpack_shortlink":"https:\/\/wp.me\/P2dxaQ-lt","_links":{"self":[{"href":"https:\/\/parroquiaanunciacion.com\/colegio\/wp-json\/wp\/v2\/pages\/1331","targetHints":{"allow":["GET"]}}],"collection":[{"href":"https:\/\/parroquiaanunciacion.com\/colegio\/wp-json\/wp\/v2\/pages"}],"about":[{"href":"https:\/\/parroquiaanunciacion.com\/colegio\/wp-json\/wp\/v2\/types\/page"}],"author":[{"embeddable":true,"href":"https:\/\/parroquiaanunciacion.com\/colegio\/wp-json\/wp\/v2\/users\/6"}],"replies":[{"embeddable":true,"href":"https:\/\/parroquiaanunciacion.com\/colegio\/wp-json\/wp\/v2\/comments?post=1331"}],"version-history":[{"count":36,"href":"https:\/\/parroquiaanunciacion.com\/colegio\/wp-json\/wp\/v2\/pages\/1331\/revisions"}],"predecessor-version":[{"id":2525,"href":"https:\/\/parroquiaanunciacion.com\/colegio\/wp-json\/wp\/v2\/pages\/1331\/revisions\/2525"}],"up":[{"embeddable":true,"href":"https:\/\/parroquiaanunciacion.com\/colegio\/wp-json\/wp\/v2\/pages\/1315"}],"wp:attachment":[{"href":"https:\/\/parroquiaanunciacion.com\/colegio\/wp-json\/wp\/v2\/media?parent=1331"}],"curies":[{"name":"wp","href":"https:\/\/api.w.org\/{rel}","templated":true}]}}