{"id":1338,"date":"2015-09-06T21:24:10","date_gmt":"2015-09-06T19:24:10","guid":{"rendered":"http:\/\/parroquiaanunciacion.com\/colegio\/?page_id=1338"},"modified":"2017-01-20T00:10:10","modified_gmt":"2017-01-19T23:10:10","slug":"biblioteca","status":"publish","type":"page","link":"https:\/\/parroquiaanunciacion.com\/colegio\/proyectos-del-centro\/biblioteca\/","title":{"rendered":"Biblioteca"},"content":{"rendered":"<p style=\"text-align: justify;\">Concebimos la biblioteca escolar no s\u00f3lo como una instituci\u00f3n para la promoci\u00f3n de la lectura, sino tambi\u00e9n como un espacio de aprendizaje.<\/p>\n<p style=\"text-align: justify;\"><strong>OBJETIVOS:<\/strong><\/p>\n<p style=\"text-align: justify;\">Mejorar la competencia lectora de nuestros alumnos.<img loading=\"lazy\" decoding=\"async\" data-attachment-id=\"1782\" data-permalink=\"https:\/\/parroquiaanunciacion.com\/colegio\/proyectos-del-centro\/biblioteca\/sony-dsc-2\/\" data-orig-file=\"https:\/\/parroquiaanunciacion.com\/colegio\/wp-content\/uploads\/2015\/09\/DSC01152.jpg\" data-orig-size=\"3872,2592\" data-comments-opened=\"0\" data-image-meta=\"{&quot;aperture&quot;:&quot;5&quot;,&quot;credit&quot;:&quot;&quot;,&quot;camera&quot;:&quot;DSLR-A200&quot;,&quot;caption&quot;:&quot;SONY DSC&quot;,&quot;created_timestamp&quot;:&quot;1422734854&quot;,&quot;copyright&quot;:&quot;&quot;,&quot;focal_length&quot;:&quot;30&quot;,&quot;iso&quot;:&quot;200&quot;,&quot;shutter_speed&quot;:&quot;0.16666666666667&quot;,&quot;title&quot;:&quot;SONY DSC&quot;,&quot;orientation&quot;:&quot;1&quot;}\" data-image-title=\"SONY DSC\" data-image-description=\"\" data-image-caption=\"&lt;p&gt;SONY DSC&lt;\/p&gt;\n\" data-medium-file=\"https:\/\/parroquiaanunciacion.com\/colegio\/wp-content\/uploads\/2015\/09\/DSC01152-300x201.jpg\" data-large-file=\"https:\/\/parroquiaanunciacion.com\/colegio\/wp-content\/uploads\/2015\/09\/DSC01152-1024x685.jpg\" class=\"wp-image-1782 alignright\" src=\"http:\/\/parroquiaanunciacion.com\/colegio\/wp-content\/uploads\/2015\/09\/DSC01152-300x201.jpg\" alt=\"SONY DSC\" width=\"266\" height=\"178\" srcset=\"https:\/\/parroquiaanunciacion.com\/colegio\/wp-content\/uploads\/2015\/09\/DSC01152-300x201.jpg 300w, https:\/\/parroquiaanunciacion.com\/colegio\/wp-content\/uploads\/2015\/09\/DSC01152-1024x685.jpg 1024w\" sizes=\"(max-width: 266px) 100vw, 266px\" \/><\/p>\n<p style=\"text-align: justify;\">Fomentar en los ni\u00f1os el h\u00e1bito lector desde todas las \u00e1reas del curr\u00edculo.<\/p>\n<p style=\"text-align: justify;\">Habituar a los alumnos a la utilizaci\u00f3n de la Biblioteca con finalidades recreativas, informativas y de educaci\u00f3n permanente.<\/p>\n<p style=\"text-align: justify;\">Familiarizarse con distintos soportes de la informaci\u00f3n: libro, comic, revista, soporte digital\u2026<\/p>\n<p style=\"text-align: justify;\">Despertar y aumentar el inter\u00e9s del alumnado por la lectura.<\/p>\n<p style=\"text-align: justify;\">Desarrollar la imaginaci\u00f3n y la creatividad a trav\u00e9s de los recursos que ofrece la biblioteca.<\/p>\n<p style=\"text-align: justify;\">Profundizar en los h\u00e1bitos de comportamiento en la biblioteca.<\/p>\n<p><a href=\"http:\/\/parroquiaanunciacion.com\/colegio\/wp-content\/uploads\/2015\/09\/DSC01148.jpg\"><img loading=\"lazy\" decoding=\"async\" data-attachment-id=\"1784\" data-permalink=\"https:\/\/parroquiaanunciacion.com\/colegio\/proyectos-del-centro\/biblioteca\/sony-dsc-4\/\" data-orig-file=\"https:\/\/parroquiaanunciacion.com\/colegio\/wp-content\/uploads\/2015\/09\/DSC01148.jpg\" data-orig-size=\"3872,2592\" data-comments-opened=\"0\" data-image-meta=\"{&quot;aperture&quot;:&quot;5.6&quot;,&quot;credit&quot;:&quot;&quot;,&quot;camera&quot;:&quot;DSLR-A200&quot;,&quot;caption&quot;:&quot;SONY DSC&quot;,&quot;created_timestamp&quot;:&quot;1422734832&quot;,&quot;copyright&quot;:&quot;&quot;,&quot;focal_length&quot;:&quot;35&quot;,&quot;iso&quot;:&quot;200&quot;,&quot;shutter_speed&quot;:&quot;0.16666666666667&quot;,&quot;title&quot;:&quot;SONY DSC&quot;,&quot;orientation&quot;:&quot;1&quot;}\" data-image-title=\"SONY DSC\" data-image-description=\"\" data-image-caption=\"&lt;p&gt;SONY DSC&lt;\/p&gt;\n\" data-medium-file=\"https:\/\/parroquiaanunciacion.com\/colegio\/wp-content\/uploads\/2015\/09\/DSC01148-300x201.jpg\" data-large-file=\"https:\/\/parroquiaanunciacion.com\/colegio\/wp-content\/uploads\/2015\/09\/DSC01148-1024x685.jpg\" class=\"wp-image-1784 size-large aligncenter\" src=\"http:\/\/parroquiaanunciacion.com\/colegio\/wp-content\/uploads\/2015\/09\/DSC01148-1024x685.jpg\" alt=\"SONY DSC\" width=\"670\" height=\"448\" srcset=\"https:\/\/parroquiaanunciacion.com\/colegio\/wp-content\/uploads\/2015\/09\/DSC01148-1024x685.jpg 1024w, https:\/\/parroquiaanunciacion.com\/colegio\/wp-content\/uploads\/2015\/09\/DSC01148-300x201.jpg 300w\" sizes=\"(max-width: 670px) 100vw, 670px\" \/><\/a><\/p>\n","protected":false},"excerpt":{"rendered":"<p>Concebimos la biblioteca escolar no s\u00f3lo como una instituci\u00f3n para la promoci\u00f3n de la lectura, sino tambi\u00e9n como un espacio de aprendizaje. OBJETIVOS: Mejorar la competencia lectora de nuestros alumnos. Fomentar en los ni\u00f1os el h\u00e1bito lector desde todas las \u00e1reas del curr\u00edculo. Habituar a los alumnos a la utilizaci\u00f3n de la Biblioteca con finalidades [&hellip;]<\/p>\n","protected":false},"author":6,"featured_media":0,"parent":1315,"menu_order":4,"comment_status":"closed","ping_status":"closed","template":"","meta":{"_et_pb_use_builder":"","_et_pb_old_content":"","_et_gb_content_width":"","jetpack_post_was_ever_published":false,"footnotes":""},"class_list":["post-1338","page","type-page","status-publish","hentry"],"jetpack_sharing_enabled":true,"jetpack_shortlink":"https:\/\/wp.me\/P2dxaQ-lA","_links":{"self":[{"href":"https:\/\/parroquiaanunciacion.com\/colegio\/wp-json\/wp\/v2\/pages\/1338","targetHints":{"allow":["GET"]}}],"collection":[{"href":"https:\/\/parroquiaanunciacion.com\/colegio\/wp-json\/wp\/v2\/pages"}],"about":[{"href":"https:\/\/parroquiaanunciacion.com\/colegio\/wp-json\/wp\/v2\/types\/page"}],"author":[{"embeddable":true,"href":"https:\/\/parroquiaanunciacion.com\/colegio\/wp-json\/wp\/v2\/users\/6"}],"replies":[{"embeddable":true,"href":"https:\/\/parroquiaanunciacion.com\/colegio\/wp-json\/wp\/v2\/comments?post=1338"}],"version-history":[{"count":11,"href":"https:\/\/parroquiaanunciacion.com\/colegio\/wp-json\/wp\/v2\/pages\/1338\/revisions"}],"predecessor-version":[{"id":2527,"href":"https:\/\/parroquiaanunciacion.com\/colegio\/wp-json\/wp\/v2\/pages\/1338\/revisions\/2527"}],"up":[{"embeddable":true,"href":"https:\/\/parroquiaanunciacion.com\/colegio\/wp-json\/wp\/v2\/pages\/1315"}],"wp:attachment":[{"href":"https:\/\/parroquiaanunciacion.com\/colegio\/wp-json\/wp\/v2\/media?parent=1338"}],"curies":[{"name":"wp","href":"https:\/\/api.w.org\/{rel}","templated":true}]}}