{"id":1431,"date":"2015-09-21T00:42:20","date_gmt":"2015-09-20T22:42:20","guid":{"rendered":"http:\/\/parroquiaanunciacion.com\/colegio\/?page_id=1431"},"modified":"2018-10-06T15:57:41","modified_gmt":"2018-10-06T13:57:41","slug":"atrio-del-buen-pastor","status":"publish","type":"page","link":"https:\/\/parroquiaanunciacion.com\/colegio\/contacto-3\/atrio-del-buen-pastor\/","title":{"rendered":"Atrio del Buen Pastor"},"content":{"rendered":"<h2 style=\"text-align: center;\"><b>Ense\u00f1anza de la religi\u00f3n con la metodolog\u00eda del Atrio del Buen Pastor\u00a0<\/b><\/h2>\n<p><img loading=\"lazy\" decoding=\"async\" data-attachment-id=\"1734\" data-permalink=\"https:\/\/parroquiaanunciacion.com\/colegio\/contacto-3\/atrio-del-buen-pastor\/image-32\/\" data-orig-file=\"https:\/\/parroquiaanunciacion.com\/colegio\/wp-content\/uploads\/2015\/09\/image1.jpeg\" data-orig-size=\"2032,1291\" data-comments-opened=\"0\" data-image-meta=\"{&quot;aperture&quot;:&quot;0&quot;,&quot;credit&quot;:&quot;&quot;,&quot;camera&quot;:&quot;&quot;,&quot;caption&quot;:&quot;&quot;,&quot;created_timestamp&quot;:&quot;0&quot;,&quot;copyright&quot;:&quot;&quot;,&quot;focal_length&quot;:&quot;0&quot;,&quot;iso&quot;:&quot;0&quot;,&quot;shutter_speed&quot;:&quot;0&quot;,&quot;title&quot;:&quot;&quot;,&quot;orientation&quot;:&quot;0&quot;}\" data-image-title=\"image\" data-image-description=\"\" data-image-caption=\"\" data-large-file=\"https:\/\/parroquiaanunciacion.com\/colegio\/wp-content\/uploads\/2015\/09\/image1-1024x651.jpeg\" class=\" wp-image-1734 aligncenter\" src=\"http:\/\/parroquiaanunciacion.com\/colegio\/wp-content\/uploads\/2015\/09\/image1-300x191.jpeg\" alt=\"image\" width=\"413\" height=\"263\" srcset=\"https:\/\/parroquiaanunciacion.com\/colegio\/wp-content\/uploads\/2015\/09\/image1-300x191.jpeg 300w, https:\/\/parroquiaanunciacion.com\/colegio\/wp-content\/uploads\/2015\/09\/image1-1024x651.jpeg 1024w, https:\/\/parroquiaanunciacion.com\/colegio\/wp-content\/uploads\/2015\/09\/image1.jpeg 2032w\" sizes=\"(max-width: 413px) 100vw, 413px\" \/><\/p>\n<p style=\"text-align: justify;\">Es un <strong>m\u00e9todo de evangelizaci\u00f3n y formaci\u00f3n religiosa<\/strong> alternativo al convencional usado en la ense\u00f1anza escolar. Se basa en la <strong>pedagog\u00eda Montessori<\/strong> que aprovecha el <strong>potencial religioso del ni\u00f1o<\/strong> menor de 6 a\u00f1os y que contin\u00faa durante la educaci\u00f3n primaria. A trav\u00e9s de la Palabra de Dios y de la Liturgia, presentada en elementos de trabajo sensoriales, descubren los ni\u00f1os a <strong>Jes\u00fas como Buen Pastor<\/strong> que da la vida por nosotros.<\/p>\n<p style=\"text-align: justify;\"><a href=\"http:\/\/parroquiaanunciacion.com\/colegio\/wp-content\/uploads\/2015\/09\/IMG_1669-1.jpg\"><img loading=\"lazy\" decoding=\"async\" data-attachment-id=\"1961\" data-permalink=\"https:\/\/parroquiaanunciacion.com\/colegio\/contacto-3\/atrio-del-buen-pastor\/img_1669-1\/\" data-orig-file=\"https:\/\/parroquiaanunciacion.com\/colegio\/wp-content\/uploads\/2015\/09\/IMG_1669-1.jpg\" data-orig-size=\"4032,3024\" data-comments-opened=\"0\" data-image-meta=\"{&quot;aperture&quot;:&quot;2.2&quot;,&quot;credit&quot;:&quot;&quot;,&quot;camera&quot;:&quot;iPhone 6s&quot;,&quot;caption&quot;:&quot;&quot;,&quot;created_timestamp&quot;:&quot;1455121526&quot;,&quot;copyright&quot;:&quot;&quot;,&quot;focal_length&quot;:&quot;4.15&quot;,&quot;iso&quot;:&quot;200&quot;,&quot;shutter_speed&quot;:&quot;0.04&quot;,&quot;title&quot;:&quot;&quot;,&quot;orientation&quot;:&quot;1&quot;}\" data-image-title=\"IMG_1669 (1)\" data-image-description=\"\" data-image-caption=\"\" data-large-file=\"https:\/\/parroquiaanunciacion.com\/colegio\/wp-content\/uploads\/2015\/09\/IMG_1669-1-1024x768.jpg\" class=\"size-medium wp-image-1961 alignright\" src=\"http:\/\/parroquiaanunciacion.com\/colegio\/wp-content\/uploads\/2015\/09\/IMG_1669-1-300x225.jpg\" alt=\"IMG_1669 (1)\" width=\"300\" height=\"225\" srcset=\"https:\/\/parroquiaanunciacion.com\/colegio\/wp-content\/uploads\/2015\/09\/IMG_1669-1-300x225.jpg 300w, https:\/\/parroquiaanunciacion.com\/colegio\/wp-content\/uploads\/2015\/09\/IMG_1669-1-1024x768.jpg 1024w\" sizes=\"(max-width: 300px) 100vw, 300px\" \/><\/a><\/p>\n<p style=\"text-align: justify;\">La metodolog\u00eda del Buen\u00a0Pastor, comenz\u00f3 en Roma en 1954, inspir\u00e1ndose en los principios montessorianos.<br \/>\nNace del esfuerzo de dos grandes mujeres italianas del siglo XX: Sofia Cavalletti y Gianna Gobi. La primera era una experta biblista, doctora en lenguas sem\u00edticas y la segunda una pedagoga montessoriana. Ambas eran amantes de los ni\u00f1os.<br \/>\nCon este proyecto intentaron responder a las necesidades integrales del ni\u00f1o de 3 a 12 a\u00f1os, cuidando aquello que le ayudar\u00e1 a crecer y desarrollarse como persona equilibrada y feliz; su dimensi\u00f3n espiritual.<br \/>\nFieles a la pedagog\u00eda de Mar\u00eda Montessori crean un ambiente que facilite el crecimiento arm\u00f3nico del ni\u00f1o, un material que le ayude a descubrir, aprender e interiorizar sus propios descubrimientos.<\/p>\n<p style=\"text-align: justify;\">Para ofrecer esta forma alternativa de la ense\u00f1anza de la religi\u00f3n en nuestro centro hemos adaptado la zona del \u00e1tico del edificio, creando un ambiente apropiado para el trabajo, el recogimiento y la oraci\u00f3n llamado \u00abatrio\u00bb. \u201cAtrium\u201d es una palabra latina que se aplicaba para definir el espacio previo a las bas\u00edlicas romanas dedicado a la acogida de los catec\u00famenos que todav\u00eda no pod\u00edan acceder al culto p\u00fablico en la Iglesia. De esta forma, el Atrio de la Catequesis del Buen Pastor es el lugar, especial\u00edsimo pero no sagrado, en el que los ni\u00f1os se inician para la vida adulta y activa en la asamblea cristiana. En una iglesia el ni\u00f1o no puede trabajar a su ritmo, y en el ambiente del aula de clase no existe la flexibilidad suficiente para que cada uno se relacione a su ritmo con el contenido catequ\u00e9tico, de ah\u00ed la necesidad de un espacio diferente.<br \/>\nEl atrio se organiza siguiendo las caracter\u00edsticas del ambiente Montessori: espacio amplio, ordenado, limpio, cuidado\u2026 El adulto es un gu\u00eda, no ense\u00f1a ni impone, es un intermediario entre Dios y el ni\u00f1o y sabe retirarse cuando es necesario.<\/p>\n<p style=\"text-align: justify;\"><img loading=\"lazy\" decoding=\"async\" data-attachment-id=\"1958\" data-permalink=\"https:\/\/parroquiaanunciacion.com\/colegio\/contacto-3\/atrio-del-buen-pastor\/img_1660-2-2\/\" data-orig-file=\"https:\/\/parroquiaanunciacion.com\/colegio\/wp-content\/uploads\/2015\/09\/IMG_1660-21-e1455657538469.jpg\" data-orig-size=\"3024,4032\" data-comments-opened=\"0\" data-image-meta=\"{&quot;aperture&quot;:&quot;2.2&quot;,&quot;credit&quot;:&quot;&quot;,&quot;camera&quot;:&quot;iPhone 6s&quot;,&quot;caption&quot;:&quot;&quot;,&quot;created_timestamp&quot;:&quot;1455120075&quot;,&quot;copyright&quot;:&quot;&quot;,&quot;focal_length&quot;:&quot;4.15&quot;,&quot;iso&quot;:&quot;200&quot;,&quot;shutter_speed&quot;:&quot;0.05&quot;,&quot;title&quot;:&quot;&quot;,&quot;orientation&quot;:&quot;6&quot;}\" data-image-title=\"IMG_1660 (2)\" data-image-description=\"\" data-image-caption=\"\" data-large-file=\"https:\/\/parroquiaanunciacion.com\/colegio\/wp-content\/uploads\/2015\/09\/IMG_1660-21-e1455657538469-768x1024.jpg\" class=\"size-medium wp-image-1958 aligncenter\" src=\"http:\/\/parroquiaanunciacion.com\/colegio\/wp-content\/uploads\/2015\/09\/IMG_1660-21-e1455657538469-225x300.jpg\" alt=\"IMG_1660 (2)\" width=\"225\" height=\"300\" srcset=\"https:\/\/parroquiaanunciacion.com\/colegio\/wp-content\/uploads\/2015\/09\/IMG_1660-21-e1455657538469-225x300.jpg 225w, https:\/\/parroquiaanunciacion.com\/colegio\/wp-content\/uploads\/2015\/09\/IMG_1660-21-e1455657538469-768x1024.jpg 768w\" sizes=\"(max-width: 225px) 100vw, 225px\" \/><\/p>\n","protected":false},"excerpt":{"rendered":"<p>Ense\u00f1anza de la religi\u00f3n con la metodolog\u00eda del Atrio del Buen Pastor\u00a0 Es un m\u00e9todo de evangelizaci\u00f3n y formaci\u00f3n religiosa alternativo al convencional usado en la ense\u00f1anza escolar. Se basa en la pedagog\u00eda Montessori que aprovecha el potencial religioso del ni\u00f1o menor de 6 a\u00f1os y que contin\u00faa durante la educaci\u00f3n primaria. A trav\u00e9s de [&hellip;]<\/p>\n","protected":false},"author":6,"featured_media":0,"parent":1238,"menu_order":2,"comment_status":"closed","ping_status":"closed","template":"","meta":{"_et_pb_use_builder":"","_et_pb_old_content":"","_et_gb_content_width":"","jetpack_post_was_ever_published":false,"footnotes":""},"class_list":["post-1431","page","type-page","status-publish","hentry"],"jetpack_sharing_enabled":true,"jetpack_shortlink":"https:\/\/wp.me\/P2dxaQ-n5","_links":{"self":[{"href":"https:\/\/parroquiaanunciacion.com\/colegio\/wp-json\/wp\/v2\/pages\/1431","targetHints":{"allow":["GET"]}}],"collection":[{"href":"https:\/\/parroquiaanunciacion.com\/colegio\/wp-json\/wp\/v2\/pages"}],"about":[{"href":"https:\/\/parroquiaanunciacion.com\/colegio\/wp-json\/wp\/v2\/types\/page"}],"author":[{"embeddable":true,"href":"https:\/\/parroquiaanunciacion.com\/colegio\/wp-json\/wp\/v2\/users\/6"}],"replies":[{"embeddable":true,"href":"https:\/\/parroquiaanunciacion.com\/colegio\/wp-json\/wp\/v2\/comments?post=1431"}],"version-history":[{"count":12,"href":"https:\/\/parroquiaanunciacion.com\/colegio\/wp-json\/wp\/v2\/pages\/1431\/revisions"}],"predecessor-version":[{"id":3181,"href":"https:\/\/parroquiaanunciacion.com\/colegio\/wp-json\/wp\/v2\/pages\/1431\/revisions\/3181"}],"up":[{"embeddable":true,"href":"https:\/\/parroquiaanunciacion.com\/colegio\/wp-json\/wp\/v2\/pages\/1238"}],"wp:attachment":[{"href":"https:\/\/parroquiaanunciacion.com\/colegio\/wp-json\/wp\/v2\/media?parent=1431"}],"curies":[{"name":"wp","href":"https:\/\/api.w.org\/{rel}","templated":true}]}}