{"id":1464,"date":"2015-10-05T23:51:10","date_gmt":"2015-10-05T21:51:10","guid":{"rendered":"http:\/\/parroquiaanunciacion.com\/colegio\/?page_id=1464"},"modified":"2018-09-12T13:30:15","modified_gmt":"2018-09-12T11:30:15","slug":"oratorio-de-los-ninos","status":"publish","type":"page","link":"https:\/\/parroquiaanunciacion.com\/colegio\/oratorio-de-los-ninos\/","title":{"rendered":"Oratorio de los Ni\u00f1os"},"content":{"rendered":"<p>El Oratorio de los Ni\u00f1os se trata de una experiencia de iniciaci\u00f3n de los ni\u00f1os al encuentro con Jes\u00fas,\u00a0por la escucha de la Palabra de Dios en un ambiente que combina el silencio, el canto, la escucha de la Palabra de Dios, intercesi\u00f3n&#8230;<\/p>\n<p><a href=\"http:\/\/parroquiaanunciacion.com\/colegio\/wp-content\/uploads\/2015\/10\/YDXJ0080-2.jpg\"><img loading=\"lazy\" decoding=\"async\" data-attachment-id=\"2543\" data-permalink=\"https:\/\/parroquiaanunciacion.com\/colegio\/oratorio-de-los-ninos\/dcim100media\/\" data-orig-file=\"https:\/\/parroquiaanunciacion.com\/colegio\/wp-content\/uploads\/2015\/10\/YDXJ0080-2.jpg\" data-orig-size=\"4355,3266\" data-comments-opened=\"0\" data-image-meta=\"{&quot;aperture&quot;:&quot;2.8&quot;,&quot;credit&quot;:&quot;&quot;,&quot;camera&quot;:&quot;&quot;,&quot;caption&quot;:&quot;DCIM100MEDIA&quot;,&quot;created_timestamp&quot;:&quot;1479151224&quot;,&quot;copyright&quot;:&quot;&quot;,&quot;focal_length&quot;:&quot;2.73&quot;,&quot;iso&quot;:&quot;141&quot;,&quot;shutter_speed&quot;:&quot;0.033444816053512&quot;,&quot;title&quot;:&quot;DCIM100MEDIA&quot;,&quot;orientation&quot;:&quot;0&quot;}\" data-image-title=\"DCIM100MEDIA\" data-image-description=\"\" data-image-caption=\"&lt;p&gt;DCIM100MEDIA&lt;\/p&gt;\n\" data-medium-file=\"https:\/\/parroquiaanunciacion.com\/colegio\/wp-content\/uploads\/2015\/10\/YDXJ0080-2-300x225.jpg\" data-large-file=\"https:\/\/parroquiaanunciacion.com\/colegio\/wp-content\/uploads\/2015\/10\/YDXJ0080-2-1024x768.jpg\" class=\"size-medium wp-image-2543\" src=\"http:\/\/parroquiaanunciacion.com\/colegio\/wp-content\/uploads\/2015\/10\/YDXJ0080-2-300x225.jpg\" alt=\"DCIM100MEDIA\" width=\"300\" height=\"225\" srcset=\"https:\/\/parroquiaanunciacion.com\/colegio\/wp-content\/uploads\/2015\/10\/YDXJ0080-2-300x225.jpg 300w, https:\/\/parroquiaanunciacion.com\/colegio\/wp-content\/uploads\/2015\/10\/YDXJ0080-2-1024x768.jpg 1024w\" sizes=\"(max-width: 300px) 100vw, 300px\" \/><\/a><\/p>\n<p>En este espacio de oraci\u00f3n y encuentro con el Se\u00f1or, los ni\u00f1os descubren progresivamente las cuatro presencias de Cristo:<\/p>\n<p>&#8211; En la Asamblea del pueblo de Dios.<\/p>\n<p>&#8211; En la Palabra de Dios.<\/p>\n<p><img loading=\"lazy\" decoding=\"async\" data-attachment-id=\"2553\" data-permalink=\"https:\/\/parroquiaanunciacion.com\/colegio\/oratorio-de-los-ninos\/img_4459\/\" data-orig-file=\"https:\/\/parroquiaanunciacion.com\/colegio\/wp-content\/uploads\/2015\/10\/IMG_4459.jpg\" data-orig-size=\"1223,1600\" data-comments-opened=\"0\" data-image-meta=\"{&quot;aperture&quot;:&quot;0&quot;,&quot;credit&quot;:&quot;&quot;,&quot;camera&quot;:&quot;&quot;,&quot;caption&quot;:&quot;&quot;,&quot;created_timestamp&quot;:&quot;0&quot;,&quot;copyright&quot;:&quot;&quot;,&quot;focal_length&quot;:&quot;0&quot;,&quot;iso&quot;:&quot;0&quot;,&quot;shutter_speed&quot;:&quot;0&quot;,&quot;title&quot;:&quot;&quot;,&quot;orientation&quot;:&quot;0&quot;}\" data-image-title=\"IMG_4459\" data-image-description=\"\" data-image-caption=\"\" data-medium-file=\"https:\/\/parroquiaanunciacion.com\/colegio\/wp-content\/uploads\/2015\/10\/IMG_4459-229x300.jpg\" data-large-file=\"https:\/\/parroquiaanunciacion.com\/colegio\/wp-content\/uploads\/2015\/10\/IMG_4459-783x1024.jpg\" class=\"alignright wp-image-2553 \" src=\"http:\/\/parroquiaanunciacion.com\/colegio\/wp-content\/uploads\/2015\/10\/IMG_4459-783x1024.jpg\" alt=\"IMG_4459\" width=\"293\" height=\"382\" srcset=\"https:\/\/parroquiaanunciacion.com\/colegio\/wp-content\/uploads\/2015\/10\/IMG_4459-783x1024.jpg 783w, https:\/\/parroquiaanunciacion.com\/colegio\/wp-content\/uploads\/2015\/10\/IMG_4459-229x300.jpg 229w, https:\/\/parroquiaanunciacion.com\/colegio\/wp-content\/uploads\/2015\/10\/IMG_4459.jpg 1223w\" sizes=\"(max-width: 293px) 100vw, 293px\" \/>&#8211; En la persona del ministro.<\/p>\n<p>&#8211; En la Eucarist\u00eda.<\/p>\n<p>Un descubrimiento relevante en el Oratorio es el \u00abpotencial espiritual del ni\u00f1os para vivir de Dios y para Dios\u00bb, y la relaci\u00f3n gratuita que se establece entre Dios y el ni\u00f1o.<\/p>\n<p>Vemos as\u00ed que los ni\u00f1os \u00ab<em>son capaces de Dios\u00bb,\u00a0<\/em>tienen una capacidad de acoger a Dios en toda su grandeza.<\/p>\n<p>&nbsp;<\/p>\n<p>&nbsp;<\/p>\n<p>&nbsp;<\/p>\n<h4 style=\"text-align: center;\"><em>\u00abEn el Oratorio estamos ante una experiencia sencilla y densa, de un<br \/>\nencuentro entre Jes\u00fas y sus ni\u00f1os\u00bb<\/em><\/h4>\n<p style=\"text-align: center;\"><a href=\"http:\/\/parroquiaanunciacion.com\/colegio\/wp-content\/uploads\/2015\/10\/IMG_2534-2.jpg\"><img loading=\"lazy\" decoding=\"async\" data-attachment-id=\"2544\" data-permalink=\"https:\/\/parroquiaanunciacion.com\/colegio\/oratorio-de-los-ninos\/img_2534-2\/\" data-orig-file=\"https:\/\/parroquiaanunciacion.com\/colegio\/wp-content\/uploads\/2015\/10\/IMG_2534-2.jpg\" data-orig-size=\"1600,943\" data-comments-opened=\"0\" data-image-meta=\"{&quot;aperture&quot;:&quot;0&quot;,&quot;credit&quot;:&quot;&quot;,&quot;camera&quot;:&quot;&quot;,&quot;caption&quot;:&quot;&quot;,&quot;created_timestamp&quot;:&quot;1485106941&quot;,&quot;copyright&quot;:&quot;&quot;,&quot;focal_length&quot;:&quot;0&quot;,&quot;iso&quot;:&quot;0&quot;,&quot;shutter_speed&quot;:&quot;0&quot;,&quot;title&quot;:&quot;&quot;,&quot;orientation&quot;:&quot;0&quot;}\" data-image-title=\"IMG_2534 2\" data-image-description=\"\" data-image-caption=\"\" data-medium-file=\"https:\/\/parroquiaanunciacion.com\/colegio\/wp-content\/uploads\/2015\/10\/IMG_2534-2-300x177.jpg\" data-large-file=\"https:\/\/parroquiaanunciacion.com\/colegio\/wp-content\/uploads\/2015\/10\/IMG_2534-2-1024x604.jpg\" class=\"alignnone wp-image-2544 size-large\" src=\"http:\/\/parroquiaanunciacion.com\/colegio\/wp-content\/uploads\/2015\/10\/IMG_2534-2-1024x604.jpg\" alt=\"IMG_2534 2\" width=\"670\" height=\"395\" srcset=\"https:\/\/parroquiaanunciacion.com\/colegio\/wp-content\/uploads\/2015\/10\/IMG_2534-2-1024x604.jpg 1024w, https:\/\/parroquiaanunciacion.com\/colegio\/wp-content\/uploads\/2015\/10\/IMG_2534-2-300x177.jpg 300w, https:\/\/parroquiaanunciacion.com\/colegio\/wp-content\/uploads\/2015\/10\/IMG_2534-2.jpg 1600w\" sizes=\"(max-width: 670px) 100vw, 670px\" \/><\/a><\/p>\n<p style=\"text-align: center;\">\n","protected":false},"excerpt":{"rendered":"<p>El Oratorio de los Ni\u00f1os se trata de una experiencia de iniciaci\u00f3n de los ni\u00f1os al encuentro con Jes\u00fas,\u00a0por la escucha de la Palabra de Dios en un ambiente que combina el silencio, el canto, la escucha de la Palabra de Dios, intercesi\u00f3n&#8230; En este espacio de oraci\u00f3n y encuentro con el Se\u00f1or, los ni\u00f1os [&hellip;]<\/p>\n","protected":false},"author":6,"featured_media":0,"parent":0,"menu_order":0,"comment_status":"closed","ping_status":"closed","template":"","meta":{"_et_pb_use_builder":"","_et_pb_old_content":"","_et_gb_content_width":"","jetpack_post_was_ever_published":false,"footnotes":""},"class_list":["post-1464","page","type-page","status-publish","hentry"],"jetpack_sharing_enabled":true,"jetpack_shortlink":"https:\/\/wp.me\/P2dxaQ-nC","_links":{"self":[{"href":"https:\/\/parroquiaanunciacion.com\/colegio\/wp-json\/wp\/v2\/pages\/1464","targetHints":{"allow":["GET"]}}],"collection":[{"href":"https:\/\/parroquiaanunciacion.com\/colegio\/wp-json\/wp\/v2\/pages"}],"about":[{"href":"https:\/\/parroquiaanunciacion.com\/colegio\/wp-json\/wp\/v2\/types\/page"}],"author":[{"embeddable":true,"href":"https:\/\/parroquiaanunciacion.com\/colegio\/wp-json\/wp\/v2\/users\/6"}],"replies":[{"embeddable":true,"href":"https:\/\/parroquiaanunciacion.com\/colegio\/wp-json\/wp\/v2\/comments?post=1464"}],"version-history":[{"count":16,"href":"https:\/\/parroquiaanunciacion.com\/colegio\/wp-json\/wp\/v2\/pages\/1464\/revisions"}],"predecessor-version":[{"id":2560,"href":"https:\/\/parroquiaanunciacion.com\/colegio\/wp-json\/wp\/v2\/pages\/1464\/revisions\/2560"}],"wp:attachment":[{"href":"https:\/\/parroquiaanunciacion.com\/colegio\/wp-json\/wp\/v2\/media?parent=1464"}],"curies":[{"name":"wp","href":"https:\/\/api.w.org\/{rel}","templated":true}]}}