{"id":1567,"date":"2015-11-30T11:16:20","date_gmt":"2015-11-30T10:16:20","guid":{"rendered":"http:\/\/parroquiaanunciacion.com\/colegio\/?page_id=1567"},"modified":"2017-02-25T10:40:59","modified_gmt":"2017-02-25T09:40:59","slug":"principios-educativos","status":"publish","type":"page","link":"https:\/\/parroquiaanunciacion.com\/colegio\/principios-educativos\/","title":{"rendered":"PRINCIPIOS PEDAG\u00d3GICOS"},"content":{"rendered":"<p style=\"text-align: justify;\">Los principios pedag\u00f3gicos de nuestro centro emanan de la <strong>pedagog\u00eda Montessori<\/strong>, seg\u00fan la cual:<\/p>\n<p style=\"text-align: justify;\">La <strong>mente<\/strong> del ni\u00f1o <strong>absorbe<\/strong>, de manera inconsciente (0-3 a\u00f1os) y de forma consciente (3-6 a\u00f1os), todo lo que hay en su ambiente. En el desarrollo del ni\u00f1o aparecen per\u00edodos de m\u00e1xima sensibilidad para determinados aprendizajes: t\u00e1ctiles, ling\u00fc\u00edsticos, del orden y motores. La <strong>manipulaci\u00f3n<\/strong> de las cosas es necesaria para el aprendizaje, sobre todo en la Educaci\u00f3n Infantil y Primaria.<\/p>\n<p style=\"text-align: justify;\"><a href=\"http:\/\/parroquiaanunciacion.com\/colegio\/wp-content\/uploads\/2015\/11\/IMG_4764-copia-2.jpg\"><img loading=\"lazy\" decoding=\"async\" data-attachment-id=\"2462\" data-permalink=\"https:\/\/parroquiaanunciacion.com\/colegio\/principios-educativos\/img_4764-copia-2\/\" data-orig-file=\"https:\/\/parroquiaanunciacion.com\/colegio\/wp-content\/uploads\/2015\/11\/IMG_4764-copia-2.jpg\" data-orig-size=\"3456,3717\" data-comments-opened=\"0\" data-image-meta=\"{&quot;aperture&quot;:&quot;4.5&quot;,&quot;credit&quot;:&quot;&quot;,&quot;camera&quot;:&quot;Canon EOS 1200D&quot;,&quot;caption&quot;:&quot;&quot;,&quot;created_timestamp&quot;:&quot;1484753543&quot;,&quot;copyright&quot;:&quot;&quot;,&quot;focal_length&quot;:&quot;37&quot;,&quot;iso&quot;:&quot;800&quot;,&quot;shutter_speed&quot;:&quot;0.016666666666667&quot;,&quot;title&quot;:&quot;&quot;,&quot;orientation&quot;:&quot;0&quot;}\" data-image-title=\"IMG_4764 copia 2\" data-image-description=\"\" data-image-caption=\"\" data-medium-file=\"https:\/\/parroquiaanunciacion.com\/colegio\/wp-content\/uploads\/2015\/11\/IMG_4764-copia-2-279x300.jpg\" data-large-file=\"https:\/\/parroquiaanunciacion.com\/colegio\/wp-content\/uploads\/2015\/11\/IMG_4764-copia-2-952x1024.jpg\" class=\" wp-image-2462 aligncenter\" src=\"http:\/\/parroquiaanunciacion.com\/colegio\/wp-content\/uploads\/2015\/11\/IMG_4764-copia-2-279x300.jpg\" alt=\"IMG_4764 copia 2\" width=\"315\" height=\"339\" srcset=\"https:\/\/parroquiaanunciacion.com\/colegio\/wp-content\/uploads\/2015\/11\/IMG_4764-copia-2-279x300.jpg 279w, https:\/\/parroquiaanunciacion.com\/colegio\/wp-content\/uploads\/2015\/11\/IMG_4764-copia-2-952x1024.jpg 952w\" sizes=\"(max-width: 315px) 100vw, 315px\" \/><\/a><\/p>\n<p style=\"text-align: justify;\">El ni\u00f1o aprende mediante su <strong>actividad individual<\/strong> y est\u00e1 deseoso de adquirir nuevos conocimientos a trav\u00e9s de su experiencia. El aprendizaje es m\u00e1s eficaz si los <strong>contenidos<\/strong> se presentan <strong>secuenciados y\u00a0dosificados,<\/strong> aislando las dificultades y presentando una dificultad cada vez. El ni\u00f1o debe ejercitar la <strong>libertad<\/strong> en un ambiente, familiar y escolar,\u00a0previamente preparado siendo la disciplina una exigencia interna del ni\u00f1o, no externa. De estos principios derivan la concepci\u00f3n de la relaci\u00f3n alumno\/profesor:<\/p>\n<p style=\"text-align: justify;\">El alumno es el protagonista de su educaci\u00f3n y el profesor un \u00ab<strong>gu\u00eda<\/strong>\u00bb que ayuda al ni\u00f1o cuando \u00e9ste lo solicita.<\/p>\n<p style=\"text-align: justify;\">El alumno es un ser <strong>aut\u00f3nomo<\/strong> y con iniciativas; es un ser responsable y activo que ama el trabajo, y el profesor un creador de ambientes o situaciones did\u00e1cticas para la realizaci\u00f3n del trabajo de aprender.<\/p>\n<p style=\"text-align: justify;\">Los medios que deber\u00e1n emplearse, por estar en consonancia con estos\u00a0principios, ser\u00e1n:<\/p>\n<p style=\"text-align: justify;\">El uso de todas las formas de representaci\u00f3n: materiales concretos, medios audiovisuales, impresos, inform\u00e1ticos, etc.<\/p>\n<p style=\"text-align: justify;\">El aprendizaje de las t\u00e9cnicas instrumentales b\u00e1sicas, que permitan la b\u00fasqueda del conocimiento de manera aut\u00f3noma.<\/p>\n<p style=\"text-align: justify;\">El trabajo individual y en grupo para potenciar las diferencias individuales frente a la competencia discriminatoria.<\/p>\n<p style=\"text-align: justify;\">La organizaci\u00f3n y secuenciaci\u00f3n de los contenidos y actividades de forma que permitan el trabajo aut\u00f3nomo.<\/p>\n<p style=\"text-align: justify;\">El contacto directo con el entorno, es decir, con las experiencias sensoriales y culturales.<\/p>\n<p style=\"text-align: justify;\">La iniciaci\u00f3n en el aprendizaje de una segunda lengua en el per\u00edodo sensitivo del lenguaje. De 0-6 a\u00f1os es la edad m\u00e1s favorable para comenzar a aprender un 2\u00ba idioma (Ingl\u00e9s).<\/p>\n<p style=\"text-align: justify;\">A partir de los 9 a\u00f1os de edad se incorpora un tercer idioma, el franc\u00e9s.<\/p>\n<p><a href=\"http:\/\/parroquiaanunciacion.com\/colegio\/wp-content\/uploads\/2015\/11\/IMG_4776.jpg\"><img loading=\"lazy\" decoding=\"async\" data-attachment-id=\"2463\" data-permalink=\"https:\/\/parroquiaanunciacion.com\/colegio\/principios-educativos\/img_4776\/\" data-orig-file=\"https:\/\/parroquiaanunciacion.com\/colegio\/wp-content\/uploads\/2015\/11\/IMG_4776.jpg\" data-orig-size=\"5184,3456\" data-comments-opened=\"0\" data-image-meta=\"{&quot;aperture&quot;:&quot;4.5&quot;,&quot;credit&quot;:&quot;&quot;,&quot;camera&quot;:&quot;Canon EOS 1200D&quot;,&quot;caption&quot;:&quot;&quot;,&quot;created_timestamp&quot;:&quot;1484754769&quot;,&quot;copyright&quot;:&quot;&quot;,&quot;focal_length&quot;:&quot;33&quot;,&quot;iso&quot;:&quot;640&quot;,&quot;shutter_speed&quot;:&quot;0.02&quot;,&quot;title&quot;:&quot;&quot;,&quot;orientation&quot;:&quot;0&quot;}\" data-image-title=\"IMG_4776\" data-image-description=\"\" data-image-caption=\"\" data-medium-file=\"https:\/\/parroquiaanunciacion.com\/colegio\/wp-content\/uploads\/2015\/11\/IMG_4776-300x200.jpg\" data-large-file=\"https:\/\/parroquiaanunciacion.com\/colegio\/wp-content\/uploads\/2015\/11\/IMG_4776-1024x683.jpg\" class=\" wp-image-2463 aligncenter\" src=\"http:\/\/parroquiaanunciacion.com\/colegio\/wp-content\/uploads\/2015\/11\/IMG_4776-300x200.jpg\" alt=\"IMG_4776\" width=\"518\" height=\"345\" srcset=\"https:\/\/parroquiaanunciacion.com\/colegio\/wp-content\/uploads\/2015\/11\/IMG_4776-300x200.jpg 300w, https:\/\/parroquiaanunciacion.com\/colegio\/wp-content\/uploads\/2015\/11\/IMG_4776-1024x683.jpg 1024w\" sizes=\"(max-width: 518px) 100vw, 518px\" \/><\/a><\/p>\n<p><strong>\u00a0<\/strong><\/p>\n","protected":false},"excerpt":{"rendered":"<p>Los principios pedag\u00f3gicos de nuestro centro emanan de la pedagog\u00eda Montessori, seg\u00fan la cual: La mente del ni\u00f1o absorbe, de manera inconsciente (0-3 a\u00f1os) y de forma consciente (3-6 a\u00f1os), todo lo que hay en su ambiente. En el desarrollo del ni\u00f1o aparecen per\u00edodos de m\u00e1xima sensibilidad para determinados aprendizajes: t\u00e1ctiles, ling\u00fc\u00edsticos, del orden y [&hellip;]<\/p>\n","protected":false},"author":6,"featured_media":0,"parent":0,"menu_order":0,"comment_status":"closed","ping_status":"closed","template":"","meta":{"_et_pb_use_builder":"","_et_pb_old_content":"","_et_gb_content_width":"","jetpack_post_was_ever_published":false,"footnotes":""},"class_list":["post-1567","page","type-page","status-publish","hentry"],"jetpack_sharing_enabled":true,"jetpack_shortlink":"https:\/\/wp.me\/P2dxaQ-ph","_links":{"self":[{"href":"https:\/\/parroquiaanunciacion.com\/colegio\/wp-json\/wp\/v2\/pages\/1567","targetHints":{"allow":["GET"]}}],"collection":[{"href":"https:\/\/parroquiaanunciacion.com\/colegio\/wp-json\/wp\/v2\/pages"}],"about":[{"href":"https:\/\/parroquiaanunciacion.com\/colegio\/wp-json\/wp\/v2\/types\/page"}],"author":[{"embeddable":true,"href":"https:\/\/parroquiaanunciacion.com\/colegio\/wp-json\/wp\/v2\/users\/6"}],"replies":[{"embeddable":true,"href":"https:\/\/parroquiaanunciacion.com\/colegio\/wp-json\/wp\/v2\/comments?post=1567"}],"version-history":[{"count":25,"href":"https:\/\/parroquiaanunciacion.com\/colegio\/wp-json\/wp\/v2\/pages\/1567\/revisions"}],"predecessor-version":[{"id":2617,"href":"https:\/\/parroquiaanunciacion.com\/colegio\/wp-json\/wp\/v2\/pages\/1567\/revisions\/2617"}],"wp:attachment":[{"href":"https:\/\/parroquiaanunciacion.com\/colegio\/wp-json\/wp\/v2\/media?parent=1567"}],"curies":[{"name":"wp","href":"https:\/\/api.w.org\/{rel}","templated":true}]}}