{"id":1596,"date":"2015-11-30T18:11:24","date_gmt":"2015-11-30T17:11:24","guid":{"rendered":"http:\/\/parroquiaanunciacion.com\/colegio\/?page_id=1596"},"modified":"2017-01-18T20:03:37","modified_gmt":"2017-01-18T19:03:37","slug":"pad-plan-de-atencion-a-la-diversidad","status":"publish","type":"page","link":"https:\/\/parroquiaanunciacion.com\/colegio\/pad-plan-de-atencion-a-la-diversidad\/","title":{"rendered":"PAD (Plan de Atenci\u00f3n a la Diversidad)"},"content":{"rendered":"<p style=\"text-align: justify;\">La Atenci\u00f3n a la Diversidad debe ser el paradigma bajo el cual se lleven a cabo las actuaciones educativas para dar respuesta a las necesidades de todo el alumnado. Abarca a todo el alumnado y compete a todo el profesorado. Supone <strong>prevenir <\/strong>y atender las necesidades temporales o permanentes que requieran una actuaci\u00f3n espec\u00edfica, y, <strong>promover el potencial del alumnado<\/strong>, estimulando hacia el desarrollo m\u00e1ximo de las capacidades de cada alumno, bajo los principios de <strong>equidad e inclusi\u00f3n, <\/strong>desde la contemplaci\u00f3n del alumnado como la raz\u00f3n de ser de la educaci\u00f3n. Este documento formar\u00e1 parte de nuestra Programaci\u00f3n General Anual.<\/p>\n<p style=\"text-align: justify;\">La Atenci\u00f3n a la Diversidad es un principio que debe regir toda la ense\u00f1anza impartida en un centro escolar, a fin de ofrecer a la totalidad del alumnado, una educaci\u00f3n adecuada a sus caracter\u00edsticas y necesidades espec\u00edficas.<\/p>\n<p style=\"text-align: justify;\">El Sistema Educativo, a trav\u00e9s de los centros escolares, debe procurar medidas flexibles, que se adecuen a las diferencias individuales y ritmo de maduraci\u00f3n de cada uno de los alumnos.<\/p>\n<p style=\"text-align: justify;\">Ser\u00e1 objetivo preferente ofrecer propuestas educativas diversas, dentro y fuera de las aulas, ofreciendo diversas oportunidades que faciliten a cada escolar, alcanzar sus propios objetivos formativos.<\/p>\n<p style=\"text-align: justify;\">Con el Plan de Atenci\u00f3n a la Diversidad pretendemos potenciar la igualdad en las oportunidades formativas para compensar desigualdades personales, familiares y sociales. En \u00e9l se recogen el conjunto de actuaciones, medios y recursos que el centro establece y prev\u00e9 poner en pr\u00e1ctica para proporcionar la respuesta m\u00e1s ajustada a las necesidades educativas, generales y particulares de todo el alumnado escolarizado.<\/p>\n<p><strong>OBJETIVO GENERAL DEL PAD<\/strong><\/p>\n<ul>\n<li style=\"text-align: justify;\">Proporcionar a todo el alumnado del centro, con especial atenci\u00f3n a aquellos alumnos con necesidad espec\u00edfica de apoyo educativo (necesidades educativas especiales, dificultades espec\u00edficas de aprendizaje, incorporaci\u00f3n tard\u00eda al sistema educativo y necesidades derivadas de condiciones personales y\/o de historia escolar) una respuesta educativa adecuada y de calidad, que les permita el desarrollo de las competencias b\u00e1sicas de la etapa en la que se encuentran.<\/li>\n<\/ul>\n<p><strong>OBJETIVOS ESPEC\u00cdFICOS DEL PAD<\/strong><\/p>\n<ul>\n<li style=\"text-align: justify;\">Planificar propuestas educativas diversificadas de organizaci\u00f3n, procedimientos, metodolog\u00eda y evaluaci\u00f3n, adaptadas a las necesidades de cada alumno.<\/li>\n<li style=\"text-align: justify;\">Favorecer la integraci\u00f3n social y educativa, posibilitando el desarrollo de valores como la tolerancia y el respeto en todo el alumnado.<\/li>\n<li style=\"text-align: justify;\">Promover la colaboraci\u00f3n y la coordinaci\u00f3n del centro con otras instituciones y asociaciones, as\u00ed como con el Equipo de Orientaci\u00f3n Educativa y Psicopedag\u00f3gica.<\/li>\n<\/ul>\n<p>&nbsp;<\/p>\n<p>&nbsp;<\/p>\n<p>&nbsp;<\/p>\n<p>&nbsp;<\/p>\n","protected":false},"excerpt":{"rendered":"<p>La Atenci\u00f3n a la Diversidad debe ser el paradigma bajo el cual se lleven a cabo las actuaciones educativas para dar respuesta a las necesidades de todo el alumnado. Abarca a todo el alumnado y compete a todo el profesorado. Supone prevenir y atender las necesidades temporales o permanentes que requieran una actuaci\u00f3n espec\u00edfica, y, [&hellip;]<\/p>\n","protected":false},"author":6,"featured_media":0,"parent":0,"menu_order":0,"comment_status":"closed","ping_status":"closed","template":"","meta":{"_et_pb_use_builder":"","_et_pb_old_content":"","_et_gb_content_width":"","jetpack_post_was_ever_published":false,"footnotes":""},"class_list":["post-1596","page","type-page","status-publish","hentry"],"jetpack_sharing_enabled":true,"jetpack_shortlink":"https:\/\/wp.me\/P2dxaQ-pK","_links":{"self":[{"href":"https:\/\/parroquiaanunciacion.com\/colegio\/wp-json\/wp\/v2\/pages\/1596","targetHints":{"allow":["GET"]}}],"collection":[{"href":"https:\/\/parroquiaanunciacion.com\/colegio\/wp-json\/wp\/v2\/pages"}],"about":[{"href":"https:\/\/parroquiaanunciacion.com\/colegio\/wp-json\/wp\/v2\/types\/page"}],"author":[{"embeddable":true,"href":"https:\/\/parroquiaanunciacion.com\/colegio\/wp-json\/wp\/v2\/users\/6"}],"replies":[{"embeddable":true,"href":"https:\/\/parroquiaanunciacion.com\/colegio\/wp-json\/wp\/v2\/comments?post=1596"}],"version-history":[{"count":7,"href":"https:\/\/parroquiaanunciacion.com\/colegio\/wp-json\/wp\/v2\/pages\/1596\/revisions"}],"predecessor-version":[{"id":2485,"href":"https:\/\/parroquiaanunciacion.com\/colegio\/wp-json\/wp\/v2\/pages\/1596\/revisions\/2485"}],"wp:attachment":[{"href":"https:\/\/parroquiaanunciacion.com\/colegio\/wp-json\/wp\/v2\/media?parent=1596"}],"curies":[{"name":"wp","href":"https:\/\/api.w.org\/{rel}","templated":true}]}}