{"id":1929,"date":"2016-02-15T10:58:46","date_gmt":"2016-02-15T09:58:46","guid":{"rendered":"http:\/\/parroquiaanunciacion.com\/colegio\/?page_id=1929"},"modified":"2017-01-20T20:06:24","modified_gmt":"2017-01-20T19:06:24","slug":"plan-lector","status":"publish","type":"page","link":"https:\/\/parroquiaanunciacion.com\/colegio\/plan-lector\/","title":{"rendered":"Plan Lector"},"content":{"rendered":"<p style=\"text-align: justify;\">En nuestro centro, somos conscientes de la importancia que tiene la lectura en el desarrollo integral de nuestros alumnos. Tal es as\u00ed que, durante a\u00f1os, venimos trabajando distintos contenidos, m\u00e1s o menos estructurados, con el objetivo de hacer de la lectura un placer al alcance de todos.<\/p>\n<p style=\"text-align: justify;\">Somos conscientes de que la lectura no es solo una\u00a0t\u00e9cnica, sino un medio de comunicaci\u00f3n y de acceso a la informaci\u00f3n y a la cultura .<\/p>\n<p style=\"text-align: justify;\">Como responsables de la educaci\u00f3n de nuestros alumnos, tenemos que fomentar su gusto por la lectura, dando sentido al hecho de leer y escribir y mejo<img loading=\"lazy\" decoding=\"async\" data-attachment-id=\"1966\" data-permalink=\"https:\/\/parroquiaanunciacion.com\/colegio\/plan-lector\/foto-plan-lector\/\" data-orig-file=\"https:\/\/parroquiaanunciacion.com\/colegio\/wp-content\/uploads\/2016\/02\/Foto-Plan-Lector.jpg\" data-orig-size=\"3722,3072\" data-comments-opened=\"0\" data-image-meta=\"{&quot;aperture&quot;:&quot;0&quot;,&quot;credit&quot;:&quot;&quot;,&quot;camera&quot;:&quot;Aquaris E5&quot;,&quot;caption&quot;:&quot;&quot;,&quot;created_timestamp&quot;:&quot;1448626025&quot;,&quot;copyright&quot;:&quot;&quot;,&quot;focal_length&quot;:&quot;4.6&quot;,&quot;iso&quot;:&quot;200&quot;,&quot;shutter_speed&quot;:&quot;0.05&quot;,&quot;title&quot;:&quot;&quot;,&quot;orientation&quot;:&quot;0&quot;}\" data-image-title=\"Foto Plan Lector\" data-image-description=\"\" data-image-caption=\"\" data-large-file=\"https:\/\/parroquiaanunciacion.com\/colegio\/wp-content\/uploads\/2016\/02\/Foto-Plan-Lector-1024x845.jpg\" class=\" wp-image-1966 alignright\" src=\"http:\/\/parroquiaanunciacion.com\/colegio\/wp-content\/uploads\/2016\/02\/Foto-Plan-Lector-300x248.jpg\" alt=\"Foto Plan Lector\" width=\"291\" height=\"240\" srcset=\"https:\/\/parroquiaanunciacion.com\/colegio\/wp-content\/uploads\/2016\/02\/Foto-Plan-Lector-300x248.jpg 300w, https:\/\/parroquiaanunciacion.com\/colegio\/wp-content\/uploads\/2016\/02\/Foto-Plan-Lector-1024x845.jpg 1024w\" sizes=\"(max-width: 291px) 100vw, 291px\" \/>rando sus habilidades lectoras y su comprensi\u00f3n.<\/p>\n","protected":false},"excerpt":{"rendered":"<p>En nuestro centro, somos conscientes de la importancia que tiene la lectura en el desarrollo integral de nuestros alumnos. Tal es as\u00ed que, durante a\u00f1os, venimos trabajando distintos contenidos, m\u00e1s o menos estructurados, con el objetivo de hacer de la lectura un placer al alcance de todos. Somos conscientes de que la lectura no es [&hellip;]<\/p>\n","protected":false},"author":6,"featured_media":0,"parent":0,"menu_order":0,"comment_status":"closed","ping_status":"closed","template":"","meta":{"_et_pb_use_builder":"","_et_pb_old_content":"","_et_gb_content_width":"","jetpack_post_was_ever_published":false,"footnotes":""},"class_list":["post-1929","page","type-page","status-publish","hentry"],"jetpack_sharing_enabled":true,"jetpack_shortlink":"https:\/\/wp.me\/P2dxaQ-v7","_links":{"self":[{"href":"https:\/\/parroquiaanunciacion.com\/colegio\/wp-json\/wp\/v2\/pages\/1929","targetHints":{"allow":["GET"]}}],"collection":[{"href":"https:\/\/parroquiaanunciacion.com\/colegio\/wp-json\/wp\/v2\/pages"}],"about":[{"href":"https:\/\/parroquiaanunciacion.com\/colegio\/wp-json\/wp\/v2\/types\/page"}],"author":[{"embeddable":true,"href":"https:\/\/parroquiaanunciacion.com\/colegio\/wp-json\/wp\/v2\/users\/6"}],"replies":[{"embeddable":true,"href":"https:\/\/parroquiaanunciacion.com\/colegio\/wp-json\/wp\/v2\/comments?post=1929"}],"version-history":[{"count":5,"href":"https:\/\/parroquiaanunciacion.com\/colegio\/wp-json\/wp\/v2\/pages\/1929\/revisions"}],"predecessor-version":[{"id":2529,"href":"https:\/\/parroquiaanunciacion.com\/colegio\/wp-json\/wp\/v2\/pages\/1929\/revisions\/2529"}],"wp:attachment":[{"href":"https:\/\/parroquiaanunciacion.com\/colegio\/wp-json\/wp\/v2\/media?parent=1929"}],"curies":[{"name":"wp","href":"https:\/\/api.w.org\/{rel}","templated":true}]}}