{"id":2114,"date":"2016-04-25T10:54:37","date_gmt":"2016-04-25T08:54:37","guid":{"rendered":"http:\/\/parroquiaanunciacion.com\/colegio\/?page_id=2114"},"modified":"2016-04-25T11:04:38","modified_gmt":"2016-04-25T09:04:38","slug":"plataforma-cifra-educacion","status":"publish","type":"page","link":"https:\/\/parroquiaanunciacion.com\/colegio\/plataforma-cifra-educacion\/","title":{"rendered":"Plataforma Cifra Educaci\u00f3n"},"content":{"rendered":"<p style=\"text-align: justify;\">Desde el curso 2015-2016 el Colegio la Anunciaci\u00f3n cuenta con la plataforma educativa Cifra Educaci\u00f3n.<\/p>\n<p style=\"text-align: justify;\">Es una plataforma integral que permite gestionar desde un \u00fanico lugar el buen funcionamiento del centro.<\/p>\n<p style=\"text-align: justify;\">Es adem\u00e1s un instrumento muy \u00fatil y eficaz para la comunicaci\u00f3n entre el centro y las familias.<\/p>\n<p style=\"text-align: justify;\">Puede encontrar toda la informaci\u00f3n detalla en:<\/p>\n<p style=\"text-align: center;\"><a href=\"http:\/\/www.cifraeducacion.com\/#\">Cifra Educaci\u00f3n<\/a><\/p>\n<p>&nbsp;<\/p>\n<p><a href=\"http:\/\/parroquiaanunciacion.com\/colegio\/wp-content\/uploads\/2015\/11\/image.png\"><img loading=\"lazy\" decoding=\"async\" data-attachment-id=\"1496\" data-permalink=\"https:\/\/parroquiaanunciacion.com\/colegio\/plataforma-cifra-educacion\/image-2\/\" data-orig-file=\"https:\/\/parroquiaanunciacion.com\/colegio\/wp-content\/uploads\/2015\/11\/image.png\" data-orig-size=\"1026,672\" data-comments-opened=\"0\" data-image-meta=\"{&quot;aperture&quot;:&quot;0&quot;,&quot;credit&quot;:&quot;&quot;,&quot;camera&quot;:&quot;&quot;,&quot;caption&quot;:&quot;&quot;,&quot;created_timestamp&quot;:&quot;0&quot;,&quot;copyright&quot;:&quot;&quot;,&quot;focal_length&quot;:&quot;0&quot;,&quot;iso&quot;:&quot;0&quot;,&quot;shutter_speed&quot;:&quot;0&quot;,&quot;title&quot;:&quot;&quot;,&quot;orientation&quot;:&quot;0&quot;}\" data-image-title=\"image\" data-image-description=\"\" data-image-caption=\"\" data-medium-file=\"https:\/\/parroquiaanunciacion.com\/colegio\/wp-content\/uploads\/2015\/11\/image-300x196.png\" data-large-file=\"https:\/\/parroquiaanunciacion.com\/colegio\/wp-content\/uploads\/2015\/11\/image-1024x671.png\" class=\"size-medium wp-image-1496 aligncenter\" src=\"http:\/\/parroquiaanunciacion.com\/colegio\/wp-content\/uploads\/2015\/11\/image-300x196.png\" alt=\"image\" width=\"300\" height=\"196\" srcset=\"https:\/\/parroquiaanunciacion.com\/colegio\/wp-content\/uploads\/2015\/11\/image-300x196.png 300w, https:\/\/parroquiaanunciacion.com\/colegio\/wp-content\/uploads\/2015\/11\/image-1024x671.png 1024w, https:\/\/parroquiaanunciacion.com\/colegio\/wp-content\/uploads\/2015\/11\/image.png 1026w\" sizes=\"(max-width: 300px) 100vw, 300px\" \/><\/a><\/p>\n<p>&nbsp;<\/p>\n","protected":false},"excerpt":{"rendered":"<p>Desde el curso 2015-2016 el Colegio la Anunciaci\u00f3n cuenta con la plataforma educativa Cifra Educaci\u00f3n. Es una plataforma integral que permite gestionar desde un \u00fanico lugar el buen funcionamiento del centro. Es adem\u00e1s un instrumento muy \u00fatil y eficaz para la comunicaci\u00f3n entre el centro y las familias. Puede encontrar toda la informaci\u00f3n detalla en: [&hellip;]<\/p>\n","protected":false},"author":6,"featured_media":0,"parent":0,"menu_order":0,"comment_status":"closed","ping_status":"closed","template":"","meta":{"_et_pb_use_builder":"","_et_pb_old_content":"","_et_gb_content_width":"","jetpack_post_was_ever_published":false,"footnotes":""},"class_list":["post-2114","page","type-page","status-publish","hentry"],"jetpack_sharing_enabled":true,"jetpack_shortlink":"https:\/\/wp.me\/P2dxaQ-y6","_links":{"self":[{"href":"https:\/\/parroquiaanunciacion.com\/colegio\/wp-json\/wp\/v2\/pages\/2114","targetHints":{"allow":["GET"]}}],"collection":[{"href":"https:\/\/parroquiaanunciacion.com\/colegio\/wp-json\/wp\/v2\/pages"}],"about":[{"href":"https:\/\/parroquiaanunciacion.com\/colegio\/wp-json\/wp\/v2\/types\/page"}],"author":[{"embeddable":true,"href":"https:\/\/parroquiaanunciacion.com\/colegio\/wp-json\/wp\/v2\/users\/6"}],"replies":[{"embeddable":true,"href":"https:\/\/parroquiaanunciacion.com\/colegio\/wp-json\/wp\/v2\/comments?post=2114"}],"version-history":[{"count":3,"href":"https:\/\/parroquiaanunciacion.com\/colegio\/wp-json\/wp\/v2\/pages\/2114\/revisions"}],"predecessor-version":[{"id":2118,"href":"https:\/\/parroquiaanunciacion.com\/colegio\/wp-json\/wp\/v2\/pages\/2114\/revisions\/2118"}],"wp:attachment":[{"href":"https:\/\/parroquiaanunciacion.com\/colegio\/wp-json\/wp\/v2\/media?parent=2114"}],"curies":[{"name":"wp","href":"https:\/\/api.w.org\/{rel}","templated":true}]}}