{"id":2427,"date":"2017-01-16T12:21:50","date_gmt":"2017-01-16T11:21:50","guid":{"rendered":"http:\/\/parroquiaanunciacion.com\/colegio\/?page_id=2427"},"modified":"2017-05-16T00:07:56","modified_gmt":"2017-05-15T22:07:56","slug":"el-colegio-la-anunciacion-en-los-medios","status":"publish","type":"page","link":"https:\/\/parroquiaanunciacion.com\/colegio\/el-colegio-la-anunciacion-en-los-medios\/","title":{"rendered":"125 aniversario"},"content":{"rendered":"<p style=\"text-align: justify;\">\n<p style=\"text-align: justify;\">Educantabria se hace eco de la inauguraci\u00f3n de la exposici\u00f3n fotogr\u00e1fica <a href=\"http:\/\/www.educantabria.es\/centros\/actividades-en-los-centros\/39716765-el-colegio-la-anunciacion-expone-pinceladas-de-un-largo-camino.html\">\u00abpinceladas de un largo camino\u00bb<\/a> a la que acudieron la alcaldesa de Santander Gema Igual,el delegado diocesano de Ense\u00f1anza, Juan Antonio P\u00e9rez y D. \u00c1lvaro Asensio, p\u00e1rroco de la iglesia de La Anunciaci\u00f3n y titular de nuestro colegio.. Muchas gracias<\/p>\n<p style=\"text-align: justify;\">Con motivo de la celebraci\u00f3n de nuestro 125 aniversario, el Colegio la Anunciaci\u00f3n aparecer\u00e1 en distintos medios de la regi\u00f3n. Aqu\u00ed podr\u00e1s encontrar los enlaces y ver las noticias.<\/p>\n<ul>\n<li><a href=\"http:\/\/parroquiaanunciacion.com\/colegio\/wp-content\/uploads\/2017\/01\/Colegio-la-Anunciacio%CC%81n.pdf\">Nota de prensa oficial <\/a><\/li>\n<li><a href=\"http:\/\/elportaluco.com\/colegio-la-anunciacion-santander-conmemora-125-aniversario\/\">El Portaluco 15 de enero de 2017<\/a><\/li>\n<li><a href=\"http:\/\/www.eldiariomontanes.es\/agencias\/cantabria\/201701\/15\/colegio-anunciacion-celebra-diversos-866447.html\">El Diario Monta\u00f1\u00e9s 15 de enero de 2017<\/a><\/li>\n<li><a href=\"http:\/\/www.diocesisdesantander.com\/el-colegio-la-anunciacion-celebra-sus-125-anos-de-historia\/\">Web Di\u00f3cesis de Santander 14 de enero de 2017<\/a><\/li>\n<li><a href=\"http:\/\/www.educantabria.es\/centros\/actividades-en-los-centros\/39716361-el-colegio-la-anunciacion-celebra-sus-125-anos-de-historia.html\">Educantabria 16 de enero de 2017<\/a><\/li>\n<\/ul>\n<p>Exposici\u00f3n fotogr\u00e1fica \u00abPinceladas de un largo camino\u00bb<\/p>\n<p>A partir del pr\u00f3ximo 3 de abril se podr\u00e1 visitar la exposici\u00f3n que desde el Colegio hemos preparado en el Centro C\u00edvico del R\u00edo de la Pila.<\/p>\n<p>Dicha exposici\u00f3n hace un repaso a los hitos m\u00e1s importantes de la historia de nuestro Colegio, la fundaci\u00f3n y llegada de los salesianos al edificio de Vi\u00f1as, las metodolog\u00edas que en \u00e9l se han desarrollado con el fin de estar a la vanguardia de la educaci\u00f3n en Santander, los viajes al Aula de la Naturaleza de Abiada&#8230;<\/p>\n<p><strong>La inauguraci\u00f3n oficial ser\u00e1 el viernes 7 de abril a las 19:30 en el Centro C\u00edvico del R\u00edo de la Pila.\u00a0<\/strong><\/p>\n<p><a href=\"http:\/\/www.eldiariocantabria.es\/articulo\/cultura\/exposicion-pinceladas-largo-camino-recorre-historia-colegio-anunciacion\/20170403140300028030.html\">Nota de prensa en El Diario de Cantabria<\/a><\/p>\n<p><a href=\"http:\/\/www.eldiariomontanes.es\/agencias\/cantabria\/201704\/03\/centro-juan-carlos-calderon-931118.html#\">Nota de prensa en El Diario Monta\u00f1\u00e9s<\/a><\/p>\n<p><a href=\"http:\/\/www.diocesisdesantander.com\/el-centro-cultural-juan-carlos-calderon-acogera-desde-el-lunes-la-exposicion-fotografica-pinceladas-de-un-largo-camino\/\">Nota de prensa Di\u00f3cesis de Santander<\/a><\/p>\n<p><a href=\"http:\/\/www.educantabria.es\/centros\/actividades-en-los-centros\/39716719-el-centro-cultural-juan-carlos-calderon-acogera-desde-el-lunes-la-exposicion-fotografica-pinceladas-de-un-largo-camino.html\">Nota de prensa de Educantabria<\/a><\/p>\n<p>&nbsp;<\/p>\n<p>Exposici\u00f3n de iconos <a href=\"https:\/\/www.youtube.com\/watch?v=Ys_sk19IdQc\">\u00abLuz que transforma\u00bb<\/a><\/p>\n<p>El lunes 8 de mayo a las 19:30h. \u00a0se inaugura en la Parroquia La Anunciaci\u00f3n la exposici\u00f3n de iconos \u00abLuz que transforma\u00bb. La exposici\u00f3n se podr\u00e1 visitar durante todo el mes de mayo.<\/p>\n<p>El martes 9 de mayo, con motivo del 125 Aniversario de la fundaci\u00f3n del Colegio, nuestro Obispo Don Manuel S\u00e1nchez Monge presidir\u00e1 la Eucarist\u00eda en la Catedral a las 11:00h. , que contar\u00e1 con la presencia de los tres colegios diocesanos.<\/p>\n<p><a href=\"http:\/\/www.cantabria24horas.com\/noticias\/ldquoluz-que-transformardquo-una-exposicin-de-iconos-realizados-por-maite-de-la-hoz\/66889\">Exposici\u00f3n y Misa Solemne en Cantabria 24 horas<\/a><\/p>\n<p><a href=\"http:\/\/www.diocesisdesantander.com\/dos-nuevas-citas-dentro-de-la-celebracion-del-125-aniversario-del-colegio-la-anunciacion\/\">Noticia recogida en la web del Obispado de Santander<\/a><\/p>\n<p><span class=\"embed-youtube\" style=\"text-align:center; display: block;\"><iframe loading=\"lazy\" class=\"youtube-player\" width=\"1080\" height=\"608\" src=\"https:\/\/www.youtube.com\/embed\/7Ig7nv02lrM?version=3&#038;rel=1&#038;showsearch=0&#038;showinfo=1&#038;iv_load_policy=1&#038;fs=1&#038;hl=es-ES&#038;autohide=2&#038;wmode=transparent\" allowfullscreen=\"true\" style=\"border:0;\" sandbox=\"allow-scripts allow-same-origin allow-popups allow-presentation allow-popups-to-escape-sandbox\"><\/iframe><\/span><\/p>\n<p>&nbsp;<\/p>\n<p>&nbsp;<\/p>\n<p><span class=\"embed-youtube\" style=\"text-align:center; display: block;\"><iframe loading=\"lazy\" class=\"youtube-player\" width=\"1080\" height=\"608\" src=\"https:\/\/www.youtube.com\/embed\/OBFeGFnTWsE?version=3&#038;rel=1&#038;showsearch=0&#038;showinfo=1&#038;iv_load_policy=1&#038;fs=1&#038;hl=es-ES&#038;autohide=2&#038;wmode=transparent\" allowfullscreen=\"true\" style=\"border:0;\" sandbox=\"allow-scripts allow-same-origin allow-popups allow-presentation allow-popups-to-escape-sandbox\"><\/iframe><\/span><\/p>\n<p>&nbsp;<\/p>\n<p>V\u00eddeo de \u00abCaminando que es Iglesia:\u00a0<a href=\"http:\/\/populartvcantabria.com\/caminando-que-es-iglesia\/\">Del minuto 18 al minuto 20<\/a><\/p>\n<p><a href=\"http:\/\/parroquiaanunciacion.com\/colegio\/wp-content\/uploads\/2017\/03\/folleto.jpg\"><img loading=\"lazy\" decoding=\"async\" data-attachment-id=\"2629\" data-permalink=\"https:\/\/parroquiaanunciacion.com\/colegio\/exposicion-fotografica-pinceladas-de-un-largo-camino\/folleto\/\" data-orig-file=\"https:\/\/parroquiaanunciacion.com\/colegio\/wp-content\/uploads\/2017\/03\/folleto.jpg\" data-orig-size=\"2324,2464\" data-comments-opened=\"0\" data-image-meta=\"{&quot;aperture&quot;:&quot;0&quot;,&quot;credit&quot;:&quot;&quot;,&quot;camera&quot;:&quot;&quot;,&quot;caption&quot;:&quot;&quot;,&quot;created_timestamp&quot;:&quot;0&quot;,&quot;copyright&quot;:&quot;&quot;,&quot;focal_length&quot;:&quot;0&quot;,&quot;iso&quot;:&quot;0&quot;,&quot;shutter_speed&quot;:&quot;0&quot;,&quot;title&quot;:&quot;&quot;,&quot;orientation&quot;:&quot;1&quot;}\" data-image-title=\"folleto\" data-image-description=\"\" data-image-caption=\"\" data-large-file=\"https:\/\/parroquiaanunciacion.com\/colegio\/wp-content\/uploads\/2017\/03\/folleto-966x1024.jpg\" class=\"alignnone size-medium wp-image-2629\" src=\"http:\/\/parroquiaanunciacion.com\/colegio\/wp-content\/uploads\/2017\/03\/folleto-283x300.jpg\" alt=\"folleto\" width=\"283\" height=\"300\" srcset=\"https:\/\/parroquiaanunciacion.com\/colegio\/wp-content\/uploads\/2017\/03\/folleto-283x300.jpg 283w, https:\/\/parroquiaanunciacion.com\/colegio\/wp-content\/uploads\/2017\/03\/folleto-966x1024.jpg 966w\" sizes=\"(max-width: 283px) 100vw, 283px\" \/><\/a><a href=\"http:\/\/parroquiaanunciacion.com\/colegio\/wp-content\/uploads\/2017\/03\/folleto-3.jpg\"><img loading=\"lazy\" decoding=\"async\" data-attachment-id=\"2632\" data-permalink=\"https:\/\/parroquiaanunciacion.com\/colegio\/exposicion-fotografica-pinceladas-de-un-largo-camino\/folleto-3\/\" data-orig-file=\"https:\/\/parroquiaanunciacion.com\/colegio\/wp-content\/uploads\/2017\/03\/folleto-3.jpg\" data-orig-size=\"2352,2479\" data-comments-opened=\"0\" data-image-meta=\"{&quot;aperture&quot;:&quot;0&quot;,&quot;credit&quot;:&quot;&quot;,&quot;camera&quot;:&quot;&quot;,&quot;caption&quot;:&quot;&quot;,&quot;created_timestamp&quot;:&quot;0&quot;,&quot;copyright&quot;:&quot;&quot;,&quot;focal_length&quot;:&quot;0&quot;,&quot;iso&quot;:&quot;0&quot;,&quot;shutter_speed&quot;:&quot;0&quot;,&quot;title&quot;:&quot;&quot;,&quot;orientation&quot;:&quot;1&quot;}\" data-image-title=\"folleto 3\" data-image-description=\"\" data-image-caption=\"\" data-large-file=\"https:\/\/parroquiaanunciacion.com\/colegio\/wp-content\/uploads\/2017\/03\/folleto-3-972x1024.jpg\" class=\"alignnone size-medium wp-image-2632\" src=\"http:\/\/parroquiaanunciacion.com\/colegio\/wp-content\/uploads\/2017\/03\/folleto-3-285x300.jpg\" alt=\"folleto 3\" width=\"285\" height=\"300\" srcset=\"https:\/\/parroquiaanunciacion.com\/colegio\/wp-content\/uploads\/2017\/03\/folleto-3-285x300.jpg 285w, https:\/\/parroquiaanunciacion.com\/colegio\/wp-content\/uploads\/2017\/03\/folleto-3-972x1024.jpg 972w\" sizes=\"(max-width: 285px) 100vw, 285px\" \/><\/a><\/p>\n","protected":false},"excerpt":{"rendered":"<p>Educantabria se hace eco de la inauguraci\u00f3n de la exposici\u00f3n fotogr\u00e1fica \u00abpinceladas de un largo camino\u00bb a la que acudieron la alcaldesa de Santander Gema Igual,el delegado diocesano de Ense\u00f1anza, Juan Antonio P\u00e9rez y D. \u00c1lvaro Asensio, p\u00e1rroco de la iglesia de La Anunciaci\u00f3n y titular de nuestro colegio.. Muchas gracias Con motivo de la [&hellip;]<\/p>\n","protected":false},"author":6,"featured_media":0,"parent":0,"menu_order":0,"comment_status":"closed","ping_status":"closed","template":"","meta":{"_et_pb_use_builder":"","_et_pb_old_content":"","_et_gb_content_width":"","jetpack_post_was_ever_published":false,"footnotes":""},"class_list":["post-2427","page","type-page","status-publish","hentry"],"jetpack_sharing_enabled":true,"jetpack_shortlink":"https:\/\/wp.me\/P2dxaQ-D9","_links":{"self":[{"href":"https:\/\/parroquiaanunciacion.com\/colegio\/wp-json\/wp\/v2\/pages\/2427","targetHints":{"allow":["GET"]}}],"collection":[{"href":"https:\/\/parroquiaanunciacion.com\/colegio\/wp-json\/wp\/v2\/pages"}],"about":[{"href":"https:\/\/parroquiaanunciacion.com\/colegio\/wp-json\/wp\/v2\/types\/page"}],"author":[{"embeddable":true,"href":"https:\/\/parroquiaanunciacion.com\/colegio\/wp-json\/wp\/v2\/users\/6"}],"replies":[{"embeddable":true,"href":"https:\/\/parroquiaanunciacion.com\/colegio\/wp-json\/wp\/v2\/comments?post=2427"}],"version-history":[{"count":23,"href":"https:\/\/parroquiaanunciacion.com\/colegio\/wp-json\/wp\/v2\/pages\/2427\/revisions"}],"predecessor-version":[{"id":2724,"href":"https:\/\/parroquiaanunciacion.com\/colegio\/wp-json\/wp\/v2\/pages\/2427\/revisions\/2724"}],"wp:attachment":[{"href":"https:\/\/parroquiaanunciacion.com\/colegio\/wp-json\/wp\/v2\/media?parent=2427"}],"curies":[{"name":"wp","href":"https:\/\/api.w.org\/{rel}","templated":true}]}}