{"id":28,"date":"2012-09-01T12:07:52","date_gmt":"2012-09-01T10:07:52","guid":{"rendered":"http:\/\/parroquiaanunciacion.com\/colegio\/?page_id=28"},"modified":"2021-10-06T09:42:00","modified_gmt":"2021-10-06T07:42:00","slug":"act-extraescolares","status":"publish","type":"page","link":"https:\/\/parroquiaanunciacion.com\/colegio\/organizacion-y-servicios\/act-extraescolares\/","title":{"rendered":"Actividades Extraescolares"},"content":{"rendered":"[et_pb_section fb_built=\u00bb1&#8243; admin_label=\u00bbsection\u00bb _builder_version=\u00bb3.22&#8243; global_colors_info=\u00bb{}\u00bb][et_pb_row admin_label=\u00bbrow\u00bb _builder_version=\u00bb3.25&#8243; background_size=\u00bbinitial\u00bb background_position=\u00bbtop_left\u00bb background_repeat=\u00bbrepeat\u00bb global_colors_info=\u00bb{}\u00bb][et_pb_column type=\u00bb4_4&#8243; _builder_version=\u00bb3.25&#8243; custom_padding=\u00bb|||\u00bb global_colors_info=\u00bb{}\u00bb custom_padding__hover=\u00bb|||\u00bb][et_pb_text admin_label=\u00bbText\u00bb _builder_version=\u00bb4.11.1&#8243; background_size=\u00bbinitial\u00bb background_position=\u00bbtop_left\u00bb background_repeat=\u00bbrepeat\u00bb hover_enabled=\u00bb0&#8243; global_colors_info=\u00bb{}\u00bb sticky_enabled=\u00bb0&#8243;]<p>Las\u00a0<strong>ACTIVIDADES EXTRAESCOLARES<\/strong>\u00a0\u00a0aportan al ni\u00f1o\/a muchos beneficios, ya que les permiten completar su aci\u00f3n y su desarrollo\u00a0personal. Adem\u00e1s, las actividades extraescolares se llevan a cabo en un entorno \u00f3ptimo para que los ni\u00f1os y ni\u00f1as aprendan a\u00a0trabajar en equipo\u00a0y a\u00a0socializar con otros.<\/p>\n<p>A la hora de elegir una actividad, es fundamental tener presentes los gustos, intereses y aptitudes del ni\u00f1o o la ni\u00f1a y contar con su opini\u00f3n favorable para que acudan con ganas y se sientan motivados.<\/p>\n<p><\/p>\n<p><\/p>[\/et_pb_text][et_pb_text disabled_on=\u00bbon|on|on\u00bb admin_label=\u00bbText\u00bb _builder_version=\u00bb3.27.4&#8243; background_size=\u00bbinitial\u00bb background_position=\u00bbtop_left\u00bb background_repeat=\u00bbrepeat\u00bb disabled=\u00bbon\u00bb global_colors_info=\u00bb{}\u00bb]\n<p>Las&nbsp;<strong>ACTIVIDADES EXTRAESCOLARES<\/strong>&nbsp;&nbsp;aportan al ni\u00f1o\/a muchos beneficios, ya que les permiten completar su aci\u00f3n y su desarrollo&nbsp;personal. Adem\u00e1s, las actividades extraescolares se llevan a cabo en un entorno \u00f3ptimo para que los ni\u00f1os y ni\u00f1as aprendan a&nbsp;trabajar en equipo&nbsp;y a&nbsp;socializar con otros.<\/p>\n\n\n\n<p>A la hora de elegir una actividad, es fundamental tener presentes los gustos, intereses y aptitudes del ni\u00f1o o la ni\u00f1a y contar con su opini\u00f3n favorable para que acudan con ganas y se sientan motivados.<\/p>\n\n\n\n<figure class=\"wp-block-image\"><img loading=\"lazy\" decoding=\"async\" width=\"842\" height=\"595\" data-attachment-id=\"3490\" data-permalink=\"https:\/\/parroquiaanunciacion.com\/colegio\/organizacion-y-servicios\/act-extraescolares\/extraescolares-anunciacion-19-20\/\" data-orig-file=\"https:\/\/parroquiaanunciacion.com\/colegio\/wp-content\/uploads\/2019\/09\/extraescolares-anunciaci\u00f3n-19-20.png\" data-orig-size=\"842,595\" data-comments-opened=\"0\" data-image-meta=\"{&quot;aperture&quot;:&quot;0&quot;,&quot;credit&quot;:&quot;&quot;,&quot;camera&quot;:&quot;&quot;,&quot;caption&quot;:&quot;&quot;,&quot;created_timestamp&quot;:&quot;0&quot;,&quot;copyright&quot;:&quot;&quot;,&quot;focal_length&quot;:&quot;0&quot;,&quot;iso&quot;:&quot;0&quot;,&quot;shutter_speed&quot;:&quot;0&quot;,&quot;title&quot;:&quot;&quot;,&quot;orientation&quot;:&quot;0&quot;}\" data-image-title=\"extraescolares-anunciaci\u00f3n-19-20\" data-image-description=\"\" data-image-caption=\"\" data-medium-file=\"https:\/\/parroquiaanunciacion.com\/colegio\/wp-content\/uploads\/2019\/09\/extraescolares-anunciaci\u00f3n-19-20-300x212.png\" data-large-file=\"https:\/\/parroquiaanunciacion.com\/colegio\/wp-content\/uploads\/2019\/09\/extraescolares-anunciaci\u00f3n-19-20.png\" src=\"http:\/\/parroquiaanunciacion.com\/colegio\/wp-content\/uploads\/2019\/09\/extraescolares-anunciaci\u00f3n-19-20.png\" alt=\"\" class=\"wp-image-3490\" srcset=\"https:\/\/parroquiaanunciacion.com\/colegio\/wp-content\/uploads\/2019\/09\/extraescolares-anunciaci\u00f3n-19-20.png 842w, https:\/\/parroquiaanunciacion.com\/colegio\/wp-content\/uploads\/2019\/09\/extraescolares-anunciaci\u00f3n-19-20-300x212.png 300w, https:\/\/parroquiaanunciacion.com\/colegio\/wp-content\/uploads\/2019\/09\/extraescolares-anunciaci\u00f3n-19-20-768x543.png 768w, https:\/\/parroquiaanunciacion.com\/colegio\/wp-content\/uploads\/2019\/09\/extraescolares-anunciaci\u00f3n-19-20-400x284.png 400w, https:\/\/parroquiaanunciacion.com\/colegio\/wp-content\/uploads\/2019\/09\/extraescolares-anunciaci\u00f3n-19-20-480x339.png 480w\" sizes=\"(max-width: 842px) 100vw, 842px\" \/><\/figure>\n\n\n\n<p>Para el buen funcionamiento de las&nbsp;<strong>ACTIVIDADES EXTRAESCOLARES<\/strong>, debemos adquirir una serie de compromisos y respetar las siguientes&nbsp;<strong>normas de funcionamiento<\/strong>:&nbsp;<\/p>\n\n\n\n<p>1.&nbsp;&nbsp;&nbsp;&nbsp;&nbsp;Las actividades extraescolares durar\u00e1n de octubre a mayo (ambos meses incluidos).<\/p>\n\n\n\n<p>2.&nbsp;&nbsp;&nbsp;&nbsp;&nbsp;Las actividades comenzar\u00e1n el&nbsp;<strong>lunes d\u00eda 7 de octubre.<\/strong><\/p>\n\n\n\n<p>3.&nbsp;&nbsp;&nbsp;&nbsp;&nbsp;El plazo de&nbsp;<strong>inscripci\u00f3n<\/strong>&nbsp;se realizar\u00e1&nbsp;<strong>antes del d\u00eda 3 de octubre&nbsp;<\/strong>en la secretar\u00eda del centro.&nbsp;&nbsp;<\/p>\n\n\n\n<p>4.&nbsp;&nbsp;&nbsp;&nbsp;&nbsp;El n\u00famero m\u00ednimo y m\u00e1ximo de alumnos\/as, depender\u00e1 de la actividad y ser\u00e1 determinado por el profesor\/a responsable de cada actividad.<\/p>\n\n\n\n<p>5.&nbsp;&nbsp;&nbsp;&nbsp;&nbsp;En caso de superar el n\u00famero m\u00e1ximo, la selecci\u00f3n se har\u00e1 seg\u00fan el orden de inscripci\u00f3n y el pago de la misma.<\/p>\n\n\n\n<p>6.&nbsp;&nbsp;&nbsp;&nbsp;&nbsp;El precio de la matr\u00edcula anual ser\u00e1 de 80\u20ac anuales que podr\u00e1n pagarse en dos cuotas de 40 \u20ac cada una (una en el mes de octubre y la otra en el mes de febrero)<\/p>\n\n\n\n<p>7.&nbsp;&nbsp;&nbsp;&nbsp;&nbsp;En caso de fraccionar el pago de la matr\u00edcula en dos cuotas, los&nbsp;<strong>pagos<\/strong>&nbsp;de las actividades se har\u00e1n efectivos durante&nbsp;<strong>los 10 primeros d\u00edas del mes de octubre y los 10 primeros d\u00edas del mes de febrero.&nbsp;<\/strong>Si en los 10 primeros d\u00edas no se ha pagado la actividad, se le comunicar\u00e1 por escrito y se le dar\u00e1n 5 d\u00edas m\u00e1s. Si a\u00fan as\u00ed no se produce el&nbsp;<strong>pago, se proceder\u00e1 a dar de<\/strong>&nbsp;<strong>baja al alumno\/a.<\/strong><\/p>\n\n\n\n<p>8.&nbsp;&nbsp;&nbsp;&nbsp;&nbsp;No se admitir\u00e1 ninguna inscripci\u00f3n sin este consentimiento informado convenientemente firmado por el padre\/madre o responsable del alumno\/a.<\/p>\n\n\n\n<p>9.&nbsp;&nbsp;&nbsp;&nbsp;&nbsp;La recogida de los ni\u00f1os\/as se realizar\u00e1 seg\u00fan el horario de finalizaci\u00f3n establecido para cada actividad. Los padres, madres o las personas encargadas de los ni\u00f1os\/as deber\u00e1n acudir puntuales a recogerlos y, en caso de no poder recogerlos al finalizar las actividades, por causa urgente y debidamente justificada, se comunicar\u00e1 al responsable de la actividad a la mayor brevedad posible.<\/p>\n\n\n\n<p>10.&nbsp;&nbsp;Todos los ni\u00f1os\/as ser\u00e1n recogidos por los padres, madres o tutores. Si fuera a acudir cualquier otra persona, debe avisarse con anterioridad y esta persona acudir identificada mediante documento.<\/p>\n\n\n\n<p>11.&nbsp;&nbsp;Ning\u00fan ni\u00f1o\/a se ir\u00e1 solo a casa si el padre\/madre o responsable legal no lo ha autorizado previamente.<\/p>\n\n\n\n<p>12.&nbsp;&nbsp;Los ni\u00f1os y ni\u00f1as que no tengan un&nbsp;<strong>comportamiento adecuado<\/strong>&nbsp;y su conducta perjudique al resto del grupo o al desarrollo normal de la actividad, no podr\u00e1n asistir a las actividades.<\/p>\n[\/et_pb_text][\/et_pb_column][\/et_pb_row][\/et_pb_section]","protected":false},"excerpt":{"rendered":"<p>Las\u00a0ACTIVIDADES EXTRAESCOLARES\u00a0\u00a0aportan al ni\u00f1o\/a muchos beneficios, ya que les permiten completar su aci\u00f3n y su desarrollo\u00a0personal. Adem\u00e1s, las actividades extraescolares se llevan a cabo en un entorno \u00f3ptimo para que los ni\u00f1os y ni\u00f1as aprendan a\u00a0trabajar en equipo\u00a0y a\u00a0socializar con otros. A la hora de elegir una actividad, es fundamental tener presentes los gustos, intereses [&hellip;]<\/p>\n","protected":false},"author":1,"featured_media":0,"parent":30,"menu_order":5,"comment_status":"open","ping_status":"closed","template":"","meta":{"_et_pb_use_builder":"on","_et_pb_old_content":"<!-- wp:paragraph -->\n<p>Las&nbsp;<strong>ACTIVIDADES EXTRAESCOLARES<\/strong>&nbsp;&nbsp;aportan al ni\u00f1o\/a muchos beneficios, ya que les permiten completar su aci\u00f3n y su desarrollo&nbsp;personal. Adem\u00e1s, las actividades extraescolares se llevan a cabo en un entorno \u00f3ptimo para que los ni\u00f1os y ni\u00f1as aprendan a&nbsp;trabajar en equipo&nbsp;y a&nbsp;socializar con otros.<\/p>\n<!-- \/wp:paragraph -->\n\n<!-- wp:paragraph -->\n<p>A la hora de elegir una actividad, es fundamental tener presentes los gustos, intereses y aptitudes del ni\u00f1o o la ni\u00f1a y contar con su opini\u00f3n favorable para que acudan con ganas y se sientan motivados.<\/p>\n<!-- \/wp:paragraph -->\n\n<!-- wp:image {\"id\":3490} -->\n<figure class=\"wp-block-image\"><img src=\"http:\/\/parroquiaanunciacion.com\/colegio\/wp-content\/uploads\/2019\/09\/extraescolares-anunciaci\u00f3n-19-20.png\" alt=\"\" class=\"wp-image-3490\"\/><\/figure>\n<!-- \/wp:image -->\n\n<!-- wp:paragraph -->\n<p>Para el buen funcionamiento de las&nbsp;<strong>ACTIVIDADES EXTRAESCOLARES<\/strong>, debemos adquirir una serie de compromisos y respetar las siguientes&nbsp;<strong>normas de funcionamiento<\/strong>:&nbsp;<\/p>\n<!-- \/wp:paragraph -->\n\n<!-- wp:paragraph -->\n<p>1.&nbsp;&nbsp;&nbsp;&nbsp;&nbsp;Las actividades extraescolares durar\u00e1n de octubre a mayo (ambos meses incluidos).<\/p>\n<!-- \/wp:paragraph -->\n\n<!-- wp:paragraph -->\n<p>2.&nbsp;&nbsp;&nbsp;&nbsp;&nbsp;Las actividades comenzar\u00e1n el&nbsp;<strong>lunes d\u00eda 7 de octubre.<\/strong><\/p>\n<!-- \/wp:paragraph -->\n\n<!-- wp:paragraph -->\n<p>3.&nbsp;&nbsp;&nbsp;&nbsp;&nbsp;El plazo de&nbsp;<strong>inscripci\u00f3n<\/strong>&nbsp;se realizar\u00e1&nbsp;<strong>antes del d\u00eda 3 de octubre&nbsp;<\/strong>en la secretar\u00eda del centro.&nbsp;&nbsp;<\/p>\n<!-- \/wp:paragraph -->\n\n<!-- wp:paragraph -->\n<p>4.&nbsp;&nbsp;&nbsp;&nbsp;&nbsp;El n\u00famero m\u00ednimo y m\u00e1ximo de alumnos\/as, depender\u00e1 de la actividad y ser\u00e1 determinado por el profesor\/a responsable de cada actividad.<\/p>\n<!-- \/wp:paragraph -->\n\n<!-- wp:paragraph -->\n<p>5.&nbsp;&nbsp;&nbsp;&nbsp;&nbsp;En caso de superar el n\u00famero m\u00e1ximo, la selecci\u00f3n se har\u00e1 seg\u00fan el orden de inscripci\u00f3n y el pago de la misma.<\/p>\n<!-- \/wp:paragraph -->\n\n<!-- wp:paragraph -->\n<p>6.&nbsp;&nbsp;&nbsp;&nbsp;&nbsp;El precio de la matr\u00edcula anual ser\u00e1 de 80\u20ac anuales que podr\u00e1n pagarse en dos cuotas de 40 \u20ac cada una (una en el mes de octubre y la otra en el mes de febrero)<\/p>\n<!-- \/wp:paragraph -->\n\n<!-- wp:paragraph -->\n<p>7.&nbsp;&nbsp;&nbsp;&nbsp;&nbsp;En caso de fraccionar el pago de la matr\u00edcula en dos cuotas, los&nbsp;<strong>pagos<\/strong>&nbsp;de las actividades se har\u00e1n efectivos durante&nbsp;<strong>los 10 primeros d\u00edas del mes de octubre y los 10 primeros d\u00edas del mes de febrero.&nbsp;<\/strong>Si en los 10 primeros d\u00edas no se ha pagado la actividad, se le comunicar\u00e1 por escrito y se le dar\u00e1n 5 d\u00edas m\u00e1s. Si a\u00fan as\u00ed no se produce el&nbsp;<strong>pago, se proceder\u00e1 a dar de<\/strong>&nbsp;<strong>baja al alumno\/a.<\/strong><\/p>\n<!-- \/wp:paragraph -->\n\n<!-- wp:paragraph -->\n<p>8.&nbsp;&nbsp;&nbsp;&nbsp;&nbsp;No se admitir\u00e1 ninguna inscripci\u00f3n sin este consentimiento informado convenientemente firmado por el padre\/madre o responsable del alumno\/a.<\/p>\n<!-- \/wp:paragraph -->\n\n<!-- wp:paragraph -->\n<p>9.&nbsp;&nbsp;&nbsp;&nbsp;&nbsp;La recogida de los ni\u00f1os\/as se realizar\u00e1 seg\u00fan el horario de finalizaci\u00f3n establecido para cada actividad. Los padres, madres o las personas encargadas de los ni\u00f1os\/as deber\u00e1n acudir puntuales a recogerlos y, en caso de no poder recogerlos al finalizar las actividades, por causa urgente y debidamente justificada, se comunicar\u00e1 al responsable de la actividad a la mayor brevedad posible.<\/p>\n<!-- \/wp:paragraph -->\n\n<!-- wp:paragraph -->\n<p>10.&nbsp;&nbsp;Todos los ni\u00f1os\/as ser\u00e1n recogidos por los padres, madres o tutores. Si fuera a acudir cualquier otra persona, debe avisarse con anterioridad y esta persona acudir identificada mediante documento.<\/p>\n<!-- \/wp:paragraph -->\n\n<!-- wp:paragraph -->\n<p>11.&nbsp;&nbsp;Ning\u00fan ni\u00f1o\/a se ir\u00e1 solo a casa si el padre\/madre o responsable legal no lo ha autorizado previamente.<\/p>\n<!-- \/wp:paragraph -->\n\n<!-- wp:paragraph -->\n<p>12.&nbsp;&nbsp;Los ni\u00f1os y ni\u00f1as que no tengan un&nbsp;<strong>comportamiento adecuado<\/strong>&nbsp;y su conducta perjudique al resto del grupo o al desarrollo normal de la actividad, no podr\u00e1n asistir a las actividades.<\/p>\n<!-- \/wp:paragraph -->","_et_gb_content_width":"","jetpack_post_was_ever_published":false,"footnotes":""},"class_list":["post-28","page","type-page","status-publish","hentry"],"jetpack_sharing_enabled":true,"jetpack_shortlink":"https:\/\/wp.me\/P2dxaQ-s","_links":{"self":[{"href":"https:\/\/parroquiaanunciacion.com\/colegio\/wp-json\/wp\/v2\/pages\/28","targetHints":{"allow":["GET"]}}],"collection":[{"href":"https:\/\/parroquiaanunciacion.com\/colegio\/wp-json\/wp\/v2\/pages"}],"about":[{"href":"https:\/\/parroquiaanunciacion.com\/colegio\/wp-json\/wp\/v2\/types\/page"}],"author":[{"embeddable":true,"href":"https:\/\/parroquiaanunciacion.com\/colegio\/wp-json\/wp\/v2\/users\/1"}],"replies":[{"embeddable":true,"href":"https:\/\/parroquiaanunciacion.com\/colegio\/wp-json\/wp\/v2\/comments?post=28"}],"version-history":[{"count":30,"href":"https:\/\/parroquiaanunciacion.com\/colegio\/wp-json\/wp\/v2\/pages\/28\/revisions"}],"predecessor-version":[{"id":3758,"href":"https:\/\/parroquiaanunciacion.com\/colegio\/wp-json\/wp\/v2\/pages\/28\/revisions\/3758"}],"up":[{"embeddable":true,"href":"https:\/\/parroquiaanunciacion.com\/colegio\/wp-json\/wp\/v2\/pages\/30"}],"wp:attachment":[{"href":"https:\/\/parroquiaanunciacion.com\/colegio\/wp-json\/wp\/v2\/media?parent=28"}],"curies":[{"name":"wp","href":"https:\/\/api.w.org\/{rel}","templated":true}]}}