{"id":30,"date":"2012-09-15T12:08:58","date_gmt":"2012-09-15T10:08:58","guid":{"rendered":"http:\/\/parroquiaanunciacion.com\/colegio\/?page_id=30"},"modified":"2017-01-18T22:15:33","modified_gmt":"2017-01-18T21:15:33","slug":"organizacion-y-servicios","status":"publish","type":"page","link":"https:\/\/parroquiaanunciacion.com\/colegio\/organizacion-y-servicios\/","title":{"rendered":"Departamento de Orientaci\u00f3n"},"content":{"rendered":"<p style=\"text-align: justify;\">El centro cuenta con un Equipo de Orientaci\u00f3n Educativa y Psicopedag\u00f3gica, as\u00ed como con dos profesoras especialistas en Pedagog\u00eda Terap\u00e9utica para atender las necesidades espec\u00edficas de los menores y\/o familias.<\/p>\n<p style=\"text-align: justify;\">El equipo psicopedag\u00f3gico se encuentra en continuo contacto con el equipo educativo para valorar casos en los que se presente alguna dificultad individual o colectiva dentro del proceso de aprendizaje y llevar a cabo un plan de actuaci\u00f3n.<\/p>\n<p>La actividad orientadora\u00a0 que este departamento realiza en Educaci\u00f3n Infantil y Primaria, tiene entre sus principales objetivos:<\/p>\n<ol>\n<li style=\"text-align: justify;\">Diagnosticar y prevenir casos que impliquen dificultades o deficiencias espec\u00edficas a nivel de estudio,\u00a0comportamiento,\u00a0rendimiento,\u00a0 personalidad, adaptaci\u00f3n,\u2026 orientando el correspondiente tratamiento y control.<\/li>\n<li>Atender alumnos que presentan alg\u00fan tipo de dificultad en su desarrollo funcional, psicomotriz, cognitivo, de aprendizaje, familiar, social o emocional.<\/li>\n<li>Hacer un seguimiento personalizado de la evoluci\u00f3n acad\u00e9mica y madurativa del alumno.<\/li>\n<li>Ofrecer un servicio de Asesoramiento Familiar para orientar a los padres en su rol educativo.<\/li>\n<li>Colaborar en el Asesoramiento al Equipo Docente para buscar las estrategias y t\u00e9cnicas m\u00e1s indicadas en cada caso.<\/li>\n<li>Velar para aportar las \u00faltimas metodolog\u00edas para mejorar la calidad y eficacia en las intervenciones.<\/li>\n<li>Hacer un seguimiento evolutivo b\u00e1sico de logopedia en los niveles de educaci\u00f3n infantil y primer ciclo de primaria, cuando el tutor o padres lo crean oportuno.<\/li>\n<li>Contribuir a la ense\u00f1anza personalizada.<\/li>\n<li>Atender de forma especial a la diversidad<\/li>\n<\/ol>\n<p>\u00c1mbitos de actuaci\u00f3n<\/p>\n<p style=\"text-align: justify;\">Se prioriza el car\u00e1cter preventivo de nuestras actuaciones, detectando cuanto antes posibles dificultades de aprendizaje, creando condiciones \u00f3ptimas que eviten la aparici\u00f3n de problemas, detectando lo antes posible las dificultades que aparezcan\u00a0 y promoviendo una atenci\u00f3n individual que repercuta en beneficio de todos.<\/p>\n<p>El marco de referencia de la actuaci\u00f3n del Departamento de Orientaci\u00f3n, para lograr estos objetivos, se concreta en los siguientes \u00e1mbitos:<\/p>\n<ol>\n<li style=\"text-align: justify;\">Apoyo al proceso de ense\u00f1anza-aprendizaje<br \/>\nFacilitar todas las actuaciones (evaluaciones psicopedag\u00f3gicas, curriculares, etc.) y orientaciones necesarias para que, partiendo de la situaci\u00f3n personal (curricular y psicopedag\u00f3gica) de cada alumno y del conocimiento de la misma, se puedan establecer las actividades, estrategias y herramientas oportunas para mejorar la autonom\u00eda del alumno y el desarrollo de su potencial de aprendizaje.<\/li>\n<li>Apoyo al plan de acci\u00f3n tutorial<br \/>\nApoyar toda la actuaci\u00f3n del profesorado en relaci\u00f3n a su acci\u00f3n con los alumnos y los padres en cuanto a asesoramiento personal, acad\u00e9mico, social, tutorial de grupo, etc.<\/li>\n<\/ol>\n<p><strong>AULAS DE PEDAGOG\u00cdA TERAPE\u00daTICA<\/strong><\/p>\n<p>Nuestro centro dispone de dos aulas de Pedagog\u00eda Terap\u00e9utica atendidas por dos especialistas.<\/p>\n<p style=\"text-align: justify;\">Desde estas aulas y bajo los principios de normalizaci\u00f3n, equidad e inclusi\u00f3n, se atiende a todos aquellos alumnos con necesidad espec\u00edfica de apoyo educativo que requieren, durante su escolaridad o parte de la misma, una atenci\u00f3n educativa diferente de la ordinaria por presentar:<\/p>\n<ul>\n<li style=\"text-align: justify;\">Necesidades educativas especiales (derivadas de discapacidad f\u00edsica, intelectual o sensorial, trastornos de la conducta y emociones, trastornos de la personalidad y del espectro autista, retraso madurativo asociado a alteraciones en el desarrollo evolutivo y trastornos de la comunicaci\u00f3n y el lenguaje).<\/li>\n<li style=\"text-align: justify;\">Dificultades espec\u00edficas de aprendizaje (dislexia, disortograf\u00eda, otras dificultades o retrasos significativos en la lectoescritura o discalculia).<\/li>\n<li>Altas capacidades intelectuales.<\/li>\n<li>Incorporaci\u00f3n tard\u00eda al sistema educativo espa\u00f1ol.<\/li>\n<li>Necesidades derivadas de condiciones personales y\/o de historia familiar.<\/li>\n<\/ul>\n<p style=\"text-align: justify;\">Han de ser determinadas a trav\u00e9s de la correspondiente evaluaci\u00f3n psicopedag\u00f3gica realizada por el Departamento de Orientaci\u00f3n (Equipo de Orientaci\u00f3n Educativa y Psicopedag\u00f3gica de la Consejer\u00eda de Educaci\u00f3n).<\/p>\n<p style=\"text-align: justify;\">Las aulas disponen de recursos materiales necesarios para atender diferentes necesidades educativas y \u00a0se utiliza una metodolog\u00eda activa donde se busca el aprendizaje por descubrimiento procurando que este sea significativo y \u00fatil para el alumno, abierta y flexible. Se trabaja desde una concepci\u00f3n global del alumno, valorando aspectos madurativos, funcionales, instrumentales, cognitivos, emocionales, familiares y sociales.<\/p>\n<p><img loading=\"lazy\" decoding=\"async\" data-attachment-id=\"1974\" data-permalink=\"https:\/\/parroquiaanunciacion.com\/colegio\/organizacion-y-servicios\/img_20160222_104126-1\/\" data-orig-file=\"https:\/\/parroquiaanunciacion.com\/colegio\/wp-content\/uploads\/2012\/09\/IMG_20160222_104126-1.jpg\" data-orig-size=\"4011,3060\" data-comments-opened=\"0\" data-image-meta=\"{&quot;aperture&quot;:&quot;0&quot;,&quot;credit&quot;:&quot;&quot;,&quot;camera&quot;:&quot;Aquaris E5&quot;,&quot;caption&quot;:&quot;&quot;,&quot;created_timestamp&quot;:&quot;1456137686&quot;,&quot;copyright&quot;:&quot;&quot;,&quot;focal_length&quot;:&quot;4.6&quot;,&quot;iso&quot;:&quot;100&quot;,&quot;shutter_speed&quot;:&quot;0.01&quot;,&quot;title&quot;:&quot;&quot;,&quot;orientation&quot;:&quot;0&quot;}\" data-image-title=\"IMG_20160222_104126 (1)\" data-image-description=\"\" data-image-caption=\"\" data-medium-file=\"https:\/\/parroquiaanunciacion.com\/colegio\/wp-content\/uploads\/2012\/09\/IMG_20160222_104126-1-300x229.jpg\" data-large-file=\"https:\/\/parroquiaanunciacion.com\/colegio\/wp-content\/uploads\/2012\/09\/IMG_20160222_104126-1-1024x781.jpg\" class=\"wp-image-1974 alignleft\" src=\"http:\/\/parroquiaanunciacion.com\/colegio\/wp-content\/uploads\/2012\/09\/IMG_20160222_104126-1-300x229.jpg\" alt=\"IMG_20160222_104126 (1)\" width=\"348\" height=\"266\" srcset=\"https:\/\/parroquiaanunciacion.com\/colegio\/wp-content\/uploads\/2012\/09\/IMG_20160222_104126-1-300x229.jpg 300w, https:\/\/parroquiaanunciacion.com\/colegio\/wp-content\/uploads\/2012\/09\/IMG_20160222_104126-1-1024x781.jpg 1024w\" sizes=\"(max-width: 348px) 100vw, 348px\" \/><img loading=\"lazy\" decoding=\"async\" data-attachment-id=\"1971\" data-permalink=\"https:\/\/parroquiaanunciacion.com\/colegio\/organizacion-y-servicios\/foto-pt1\/\" data-orig-file=\"https:\/\/parroquiaanunciacion.com\/colegio\/wp-content\/uploads\/2012\/09\/Foto-PT1.jpg\" data-orig-size=\"4208,2950\" data-comments-opened=\"0\" data-image-meta=\"{&quot;aperture&quot;:&quot;0&quot;,&quot;credit&quot;:&quot;&quot;,&quot;camera&quot;:&quot;Aquaris E5&quot;,&quot;caption&quot;:&quot;&quot;,&quot;created_timestamp&quot;:&quot;1456137492&quot;,&quot;copyright&quot;:&quot;&quot;,&quot;focal_length&quot;:&quot;4.6&quot;,&quot;iso&quot;:&quot;100&quot;,&quot;shutter_speed&quot;:&quot;0.02&quot;,&quot;title&quot;:&quot;&quot;,&quot;orientation&quot;:&quot;0&quot;}\" data-image-title=\"Foto PT1\" data-image-description=\"\" data-image-caption=\"\" data-medium-file=\"https:\/\/parroquiaanunciacion.com\/colegio\/wp-content\/uploads\/2012\/09\/Foto-PT1-300x210.jpg\" data-large-file=\"https:\/\/parroquiaanunciacion.com\/colegio\/wp-content\/uploads\/2012\/09\/Foto-PT1-1024x718.jpg\" class=\"wp-image-1971 aligncenter\" src=\"http:\/\/parroquiaanunciacion.com\/colegio\/wp-content\/uploads\/2012\/09\/Foto-PT1-300x210.jpg\" alt=\"Foto PT1\" width=\"383\" height=\"268\" srcset=\"https:\/\/parroquiaanunciacion.com\/colegio\/wp-content\/uploads\/2012\/09\/Foto-PT1-300x210.jpg 300w, https:\/\/parroquiaanunciacion.com\/colegio\/wp-content\/uploads\/2012\/09\/Foto-PT1-1024x718.jpg 1024w\" sizes=\"(max-width: 383px) 100vw, 383px\" \/><img loading=\"lazy\" decoding=\"async\" data-attachment-id=\"1975\" data-permalink=\"https:\/\/parroquiaanunciacion.com\/colegio\/organizacion-y-servicios\/img_20160222_104435\/\" data-orig-file=\"https:\/\/parroquiaanunciacion.com\/colegio\/wp-content\/uploads\/2012\/09\/IMG_20160222_104435.jpg\" data-orig-size=\"3120,4035\" data-comments-opened=\"0\" data-image-meta=\"{&quot;aperture&quot;:&quot;0&quot;,&quot;credit&quot;:&quot;&quot;,&quot;camera&quot;:&quot;Aquaris E5&quot;,&quot;caption&quot;:&quot;&quot;,&quot;created_timestamp&quot;:&quot;1456137875&quot;,&quot;copyright&quot;:&quot;&quot;,&quot;focal_length&quot;:&quot;4.6&quot;,&quot;iso&quot;:&quot;100&quot;,&quot;shutter_speed&quot;:&quot;0.02&quot;,&quot;title&quot;:&quot;&quot;,&quot;orientation&quot;:&quot;0&quot;}\" data-image-title=\"IMG_20160222_104435\" data-image-description=\"\" data-image-caption=\"\" data-medium-file=\"https:\/\/parroquiaanunciacion.com\/colegio\/wp-content\/uploads\/2012\/09\/IMG_20160222_104435-232x300.jpg\" data-large-file=\"https:\/\/parroquiaanunciacion.com\/colegio\/wp-content\/uploads\/2012\/09\/IMG_20160222_104435-792x1024.jpg\" class=\"size-medium wp-image-1975 alignright\" src=\"http:\/\/parroquiaanunciacion.com\/colegio\/wp-content\/uploads\/2012\/09\/IMG_20160222_104435-232x300.jpg\" alt=\"IMG_20160222_104435\" width=\"232\" height=\"300\" srcset=\"https:\/\/parroquiaanunciacion.com\/colegio\/wp-content\/uploads\/2012\/09\/IMG_20160222_104435-232x300.jpg 232w, https:\/\/parroquiaanunciacion.com\/colegio\/wp-content\/uploads\/2012\/09\/IMG_20160222_104435-792x1024.jpg 792w\" sizes=\"(max-width: 232px) 100vw, 232px\" \/><img loading=\"lazy\" decoding=\"async\" data-attachment-id=\"1973\" data-permalink=\"https:\/\/parroquiaanunciacion.com\/colegio\/organizacion-y-servicios\/img_20160222_115042\/\" data-orig-file=\"https:\/\/parroquiaanunciacion.com\/colegio\/wp-content\/uploads\/2012\/09\/IMG_20160222_115042.jpg\" data-orig-size=\"4208,3120\" data-comments-opened=\"0\" data-image-meta=\"{&quot;aperture&quot;:&quot;0&quot;,&quot;credit&quot;:&quot;&quot;,&quot;camera&quot;:&quot;Aquaris E5&quot;,&quot;caption&quot;:&quot;&quot;,&quot;created_timestamp&quot;:&quot;1456141843&quot;,&quot;copyright&quot;:&quot;&quot;,&quot;focal_length&quot;:&quot;4.6&quot;,&quot;iso&quot;:&quot;300&quot;,&quot;shutter_speed&quot;:&quot;0.05&quot;,&quot;title&quot;:&quot;&quot;,&quot;orientation&quot;:&quot;0&quot;}\" data-image-title=\"IMG_20160222_115042\" data-image-description=\"\" data-image-caption=\"\" data-medium-file=\"https:\/\/parroquiaanunciacion.com\/colegio\/wp-content\/uploads\/2012\/09\/IMG_20160222_115042-300x222.jpg\" data-large-file=\"https:\/\/parroquiaanunciacion.com\/colegio\/wp-content\/uploads\/2012\/09\/IMG_20160222_115042-1024x759.jpg\" class=\"alignnone wp-image-1973\" src=\"http:\/\/parroquiaanunciacion.com\/colegio\/wp-content\/uploads\/2012\/09\/IMG_20160222_115042-300x222.jpg\" alt=\"IMG_20160222_115042\" width=\"405\" height=\"300\" srcset=\"https:\/\/parroquiaanunciacion.com\/colegio\/wp-content\/uploads\/2012\/09\/IMG_20160222_115042-300x222.jpg 300w, https:\/\/parroquiaanunciacion.com\/colegio\/wp-content\/uploads\/2012\/09\/IMG_20160222_115042-1024x759.jpg 1024w\" sizes=\"(max-width: 405px) 100vw, 405px\" \/><\/p>\n<p>&nbsp;<\/p>\n<p><strong>PROGRAMA DE EDUCACI\u00d3N COMPENSATORIA<\/strong><\/p>\n<p style=\"text-align: justify;\">El centro atiende a \u00a0aquellos alumnos que presentan necesidad espec\u00edfica de apoyo educativo por condiciones asociadas a la historia escolar que se caracterizan por pertenecer a familias o entornos en situaci\u00f3n de desventaja o a otros colectivos social y culturalmente desfavorecidos, y que presentan dificultades con respecto al acceso, permanencia y promoci\u00f3n en el sistema educativo. As\u00ed, desde el centro se asegurar\u00e1 una actuaci\u00f3n lo m\u00e1s temprana posible, evitando de esta forma que el alumno acumule un desfase significativo.<\/p>\n<p>Las actuaciones de compensaci\u00f3n de desigualdades se desarrollar\u00e1n en dos niveles referidos al siguiente alumnado:<\/p>\n<ol>\n<li style=\"text-align: justify;\">Alumnado que presenta necesidades educativas asociadas a situaciones de desventaja socioeducativa que afectan a la historia escolar.<\/li>\n<li style=\"text-align: justify;\">Alumnado que presenta necesidades educativas por pertenecer a familias y entornos en situaci\u00f3n de desventaja socioeducativa y presentar un desfase curricular de dos o m\u00e1s cursos.<\/li>\n<\/ol>\n<p><strong>PROGRAMA DE INTERCULTURALIDAD<\/strong><\/p>\n<p style=\"text-align: justify;\">El centro lleva a cabo actuaciones de interculturalidad recogidas en el PAD, siendo responsables de ellas un\u00a0 coordinador de interculturalidad y teniendo como\u00a0 destinatarios a los \u00a0siguientes:<\/p>\n<ol>\n<li style=\"text-align: justify;\">El alumnado que se incorpora tard\u00edamente a nuestro sistema educativo procedente de pa\u00edses extranjeros, con la finalidad de facilitar su integraci\u00f3n escolar y social.<\/li>\n<li style=\"text-align: justify;\">El alumnado que desconoce la lengua espa\u00f1ola, con el objeto de dotarle de una competencia comunicativa que facilite tanto la mejora de la competencia curricular como su desarrollo personal y social.<\/li>\n<li style=\"text-align: justify;\">Todo el alumnado del centro con el principal objetivo de que \u00a0adquiera una competencia intercultural que favorezca su desarrollo personal y social.<\/li>\n<li style=\"text-align: justify;\">El profesorado de los centros educativos \u00a0con el fin de introducir la perspectiva intercultural en la pr\u00e1ctica educativa y en todos los planes y proyectos del centro, as\u00ed como favorecer la convivencia entre diferentes culturas.<\/li>\n<li>Las familias de los alumnos del centro promoviendo el intercambio entre las diferentes culturas.<\/li>\n<\/ol>\n<p style=\"text-align: justify;\">El centro permanece en contacto con el Aula de Dinamizaci\u00f3n Intercultural de Santander siendo apoyado por este organismo siempre que lo necesita en todas las actuaciones de este tipo.<\/p>\n<p><strong>\u00bf<\/strong><strong>C\u00f3mo detectamos las posibles dificultades?<\/strong><\/p>\n<ul>\n<li>En las tutor\u00edas.<\/li>\n<li>En las valoraciones de cada alumno hechas por el tutor y profesores en las juntas de evaluaci\u00f3n.<\/li>\n<li>En las entrevistas personales tutor-alumno.<\/li>\n<li>En las reuniones generales con padres.<\/li>\n<li>En las entrevistas personales con padres.<\/li>\n<li>A partir de la informaci\u00f3n que da cada profesor de \u00e1rea.<\/li>\n<li>En la observaci\u00f3n diaria.<\/li>\n<\/ul>\n<p><strong>\u00bfQu\u00e9 ofrecemos?<\/strong><\/p>\n<ul>\n<li>Actividades de refuerzo dentro del aula.<\/li>\n<li>Apoyo fuera del aula.<\/li>\n<li>Acompa\u00f1amiento personalizado.<\/li>\n<li>Actividades de apoyo y refuerzo de lectoescrituta.<\/li>\n<li>Desdobles en Lengua Castellana y Matem\u00e1ticas a partir de 1\u00baPrimaria.<\/li>\n<li>Adaptaciones Curriculares.<\/li>\n<li>Entrevistas individualizadas con alumnos y familias.<\/li>\n<li>Reuniones con familias.<\/li>\n<li>Tutor\u00edas organizadas.<\/li>\n<\/ul>\n<p><strong>\u00a0<\/strong><\/p>\n<p><strong>\u00a0<\/strong><\/p>\n","protected":false},"excerpt":{"rendered":"<p>El centro cuenta con un Equipo de Orientaci\u00f3n Educativa y Psicopedag\u00f3gica, as\u00ed como con dos profesoras especialistas en Pedagog\u00eda Terap\u00e9utica para atender las necesidades espec\u00edficas de los menores y\/o familias. El equipo psicopedag\u00f3gico se encuentra en continuo contacto con el equipo educativo para valorar casos en los que se presente alguna dificultad individual o colectiva [&hellip;]<\/p>\n","protected":false},"author":1,"featured_media":0,"parent":0,"menu_order":5,"comment_status":"open","ping_status":"closed","template":"","meta":{"_et_pb_use_builder":"","_et_pb_old_content":"","_et_gb_content_width":"","jetpack_post_was_ever_published":false,"footnotes":""},"class_list":["post-30","page","type-page","status-publish","hentry"],"jetpack_sharing_enabled":true,"jetpack_shortlink":"https:\/\/wp.me\/P2dxaQ-u","_links":{"self":[{"href":"https:\/\/parroquiaanunciacion.com\/colegio\/wp-json\/wp\/v2\/pages\/30","targetHints":{"allow":["GET"]}}],"collection":[{"href":"https:\/\/parroquiaanunciacion.com\/colegio\/wp-json\/wp\/v2\/pages"}],"about":[{"href":"https:\/\/parroquiaanunciacion.com\/colegio\/wp-json\/wp\/v2\/types\/page"}],"author":[{"embeddable":true,"href":"https:\/\/parroquiaanunciacion.com\/colegio\/wp-json\/wp\/v2\/users\/1"}],"replies":[{"embeddable":true,"href":"https:\/\/parroquiaanunciacion.com\/colegio\/wp-json\/wp\/v2\/comments?post=30"}],"version-history":[{"count":18,"href":"https:\/\/parroquiaanunciacion.com\/colegio\/wp-json\/wp\/v2\/pages\/30\/revisions"}],"predecessor-version":[{"id":2497,"href":"https:\/\/parroquiaanunciacion.com\/colegio\/wp-json\/wp\/v2\/pages\/30\/revisions\/2497"}],"wp:attachment":[{"href":"https:\/\/parroquiaanunciacion.com\/colegio\/wp-json\/wp\/v2\/media?parent=30"}],"curies":[{"name":"wp","href":"https:\/\/api.w.org\/{rel}","templated":true}]}}