{"id":32,"date":"2013-12-21T12:10:38","date_gmt":"2013-12-21T11:10:38","guid":{"rendered":"http:\/\/parroquiaanunciacion.com\/colegio\/?page_id=32"},"modified":"2020-03-01T17:57:15","modified_gmt":"2020-03-01T16:57:15","slug":"comedor","status":"publish","type":"page","link":"https:\/\/parroquiaanunciacion.com\/colegio\/organizacion-y-servicios\/comedor\/","title":{"rendered":"Comedor Escolar"},"content":{"rendered":"<p>[et_pb_section fb_built=\u00bb1&#8243; specialty=\u00bbon\u00bb _builder_version=\u00bb3.22.3&#8243;][et_pb_column type=\u00bb1_2&#8243; _builder_version=\u00bb3.25&#8243; custom_padding=\u00bb|||\u00bb parallax__hover=\u00bboff\u00bb parallax_method__hover=\u00bbon\u00bb custom_padding__hover=\u00bb|||\u00bb][et_pb_image src=\u00bbhttp:\/\/parroquiaanunciacion.com\/colegio\/wp-content\/uploads\/2020\/03\/img_menu_mar20-1024&#215;724.png\u00bb url=\u00bbhttp:\/\/parroquiaanunciacion.com\/colegio\/wp-content\/uploads\/2020\/03\/menu_mar20.pdf\u00bb url_new_window=\u00bbon\u00bb align_tablet=\u00bbcenter\u00bb align_phone=\u00bb\u00bb align_last_edited=\u00bbon|desktop\u00bb admin_label=\u00bbmenu spa\u00bb _builder_version=\u00bb4.3.4&#8243; hover_enabled=\u00bb0&#8243;][\/et_pb_image][et_pb_image src=\u00bbhttp:\/\/parroquiaanunciacion.com\/colegio\/wp-content\/uploads\/2020\/03\/img_eng_menu_mar20.png\u00bb url=\u00bbhttp:\/\/parroquiaanunciacion.com\/colegio\/wp-content\/uploads\/2020\/03\/menu_mar20_eng.pdf\u00bb url_new_window=\u00bbon\u00bb align_tablet=\u00bbcenter\u00bb align_phone=\u00bb\u00bb align_last_edited=\u00bbon|desktop\u00bb admin_label=\u00bbmenu eng\u00bb _builder_version=\u00bb4.3.4&#8243; hover_enabled=\u00bb0&#8243;][\/et_pb_image][\/et_pb_column][et_pb_column type=\u00bb1_2&#8243; specialty_columns=\u00bb2&#8243; _builder_version=\u00bb3.25&#8243; custom_padding=\u00bb|||\u00bb parallax__hover=\u00bboff\u00bb parallax_method__hover=\u00bbon\u00bb custom_padding__hover=\u00bb|||\u00bb][et_pb_row_inner admin_label=\u00bbFila\u00bb _builder_version=\u00bb3.25&#8243;][et_pb_column_inner saved_specialty_column_type=\u00bb1_2&#8243; _builder_version=\u00bb3.25&#8243; custom_padding=\u00bb|||\u00bb parallax__hover=\u00bboff\u00bb parallax_method__hover=\u00bbon\u00bb custom_padding__hover=\u00bb|||\u00bb][et_pb_text _builder_version=\u00bb3.27.4&#8243;]<\/p>\n<p style=\"text-align: left;\">En el colegio contamos con un servicio de comedor de <strong>elaboraci\u00f3n<\/strong> <strong>en el propio centro<\/strong> y con <strong>personal exclusivo<\/strong> para \u00e1reas de cocina y comedor.<br \/>\nLos alumnos se dividen en <strong>turnos<\/strong> seg\u00fan las edades.<br \/>\nLos padres reciben una <strong>informaci\u00f3n mensual<\/strong> sobre los distintos platos que componen el men\u00fa. Los men\u00fas, perfectamente equilibrados, se elaboran con productos frescos de primera calidad. Atendemos casos de <strong>alergia alimentaria<\/strong>.<\/p>\n<p style=\"text-align: left;\">Los alumnos pueden comer todos los d\u00edas en el colegio o bien d\u00edas sueltos.<\/p>\n<p style=\"text-align: justify;\">El comedor es considerado como un aula m\u00e1s donde los ni\u00f1os aprenden ejercicios de vida pr\u00e1ctica, servir, cuidar del entorno, cortes\u00eda y buenos h\u00e1bitos nutricionales.<\/p>\n<p>[\/et_pb_text][et_pb_image src=\u00bbhttp:\/\/parroquiaanunciacion.com\/colegio\/wp-content\/uploads\/2018\/09\/comedor_escolar.jpg\u00bb align=\u00bbcenter\u00bb align_tablet=\u00bbcenter\u00bb align_phone=\u00bb\u00bb align_last_edited=\u00bbon|desktop\u00bb _builder_version=\u00bb3.23&#8243;][\/et_pb_image][\/et_pb_column_inner][\/et_pb_row_inner][\/et_pb_column][\/et_pb_section]<\/p>\n","protected":false},"excerpt":{"rendered":"<p>En el colegio contamos con un servicio de comedor de elaboraci\u00f3n en el propio centro y con personal exclusivo para \u00e1reas de cocina y comedor. Los alumnos se dividen en turnos seg\u00fan las edades. Los padres reciben una informaci\u00f3n mensual sobre los distintos platos que componen el men\u00fa. Los men\u00fas, perfectamente equilibrados, se elaboran con [&hellip;]<\/p>\n","protected":false},"author":1,"featured_media":6,"parent":30,"menu_order":3,"comment_status":"open","ping_status":"closed","template":"","meta":{"_et_pb_use_builder":"on","_et_pb_old_content":"<p style=\"text-align: left;\">En el colegio contamos con un servicio de comedor de <strong>elaboraci\u00f3n<\/strong> <strong>en el propio centro<\/strong> y con <strong>personal exclusivo<\/strong> para \u00e1reas de cocina y comedor.<br \/>Los alumnos se dividen en <strong>turnos<\/strong> seg\u00fan las edades.<br \/>Los padres reciben una <strong>informaci\u00f3n mensual<\/strong> sobre los distintos platos que componen el men\u00fa. Los men\u00fas, perfectamente equilibrados, se elaboran con productos frescos de primera calidad. Atendemos casos de <strong>alergia alimentaria<\/strong>.<\/p><p style=\"text-align: left;\">Los alumnos pueden comer todos los d\u00edas en el colegio o bien d\u00edas sueltos.<\/p><p style=\"text-align: justify;\">El comedor es considerado como un aula m\u00e1s donde los ni\u00f1os aprenden ejercicios de vida pr\u00e1ctica, servir, cuidar del entorno, cortes\u00eda y buenos h\u00e1bitos nutricionales.<\/p><h2 style=\"text-align: center;\">\u00a0<\/h2><h2 style=\"text-align: center;\">\u00a0<a href=\"http:\/\/parroquiaanunciacion.com\/colegio\/wp-content\/uploads\/2013\/12\/men\u00fa-junio.png\"><img class=\"alignnone wp-image-3001 size-full\" src=\"http:\/\/parroquiaanunciacion.com\/colegio\/wp-content\/uploads\/2013\/12\/men\u00fa-junio.png\" alt=\"men\u00fa junio\" width=\"856\" height=\"557\" \/><img class=\"aligncenter wp-image-1631 size-large\" src=\"http:\/\/parroquiaanunciacion.com\/colegio\/wp-content\/uploads\/2013\/12\/comedor-768x1024.jpg\" alt=\"comedor\" width=\"670\" height=\"893\" \/><\/a><\/h2><h2 style=\"text-align: center;\">\u00a0<\/h2><h2 style=\"text-align: center;\">\u00a0<\/h2><p>\u00a0<\/p>","_et_gb_content_width":"","jetpack_post_was_ever_published":false,"footnotes":""},"class_list":["post-32","page","type-page","status-publish","has-post-thumbnail","hentry"],"jetpack_sharing_enabled":true,"jetpack_shortlink":"https:\/\/wp.me\/P2dxaQ-w","_links":{"self":[{"href":"https:\/\/parroquiaanunciacion.com\/colegio\/wp-json\/wp\/v2\/pages\/32","targetHints":{"allow":["GET"]}}],"collection":[{"href":"https:\/\/parroquiaanunciacion.com\/colegio\/wp-json\/wp\/v2\/pages"}],"about":[{"href":"https:\/\/parroquiaanunciacion.com\/colegio\/wp-json\/wp\/v2\/types\/page"}],"author":[{"embeddable":true,"href":"https:\/\/parroquiaanunciacion.com\/colegio\/wp-json\/wp\/v2\/users\/1"}],"replies":[{"embeddable":true,"href":"https:\/\/parroquiaanunciacion.com\/colegio\/wp-json\/wp\/v2\/comments?post=32"}],"version-history":[{"count":86,"href":"https:\/\/parroquiaanunciacion.com\/colegio\/wp-json\/wp\/v2\/pages\/32\/revisions"}],"predecessor-version":[{"id":3599,"href":"https:\/\/parroquiaanunciacion.com\/colegio\/wp-json\/wp\/v2\/pages\/32\/revisions\/3599"}],"up":[{"embeddable":true,"href":"https:\/\/parroquiaanunciacion.com\/colegio\/wp-json\/wp\/v2\/pages\/30"}],"wp:featuredmedia":[{"embeddable":true,"href":"https:\/\/parroquiaanunciacion.com\/colegio\/wp-json\/wp\/v2\/media\/6"}],"wp:attachment":[{"href":"https:\/\/parroquiaanunciacion.com\/colegio\/wp-json\/wp\/v2\/media?parent=32"}],"curies":[{"name":"wp","href":"https:\/\/api.w.org\/{rel}","templated":true}]}}