{"id":3690,"date":"2020-11-02T09:59:01","date_gmt":"2020-11-02T08:59:01","guid":{"rendered":"https:\/\/parroquiaanunciacion.com\/colegio\/?page_id=3690"},"modified":"2024-11-07T13:34:02","modified_gmt":"2024-11-07T12:34:02","slug":"comedor-escolar","status":"publish","type":"page","link":"https:\/\/parroquiaanunciacion.com\/colegio\/comedor-escolar\/","title":{"rendered":"Comedor Escolar"},"content":{"rendered":"<p>[et_pb_section fb_built=\u00bb1&#8243; _builder_version=\u00bb4.16&#8243; _module_preset=\u00bbdefault\u00bb global_colors_info=\u00bb{}\u00bb][et_pb_row _builder_version=\u00bb4.16&#8243; _module_preset=\u00bbdefault\u00bb global_colors_info=\u00bb{}\u00bb][et_pb_column type=\u00bb4_4&#8243; _builder_version=\u00bb4.16&#8243; _module_preset=\u00bbdefault\u00bb global_colors_info=\u00bb{}\u00bb][et_pb_text _builder_version=\u00bb4.18.0&#8243; _module_preset=\u00bbdefault\u00bb global_colors_info=\u00bb{}\u00bb]<\/p>\n<h1 style=\"text-align: center;\"><strong>El servicio de comedor escolar comenzar\u00e1 a funcionar el martes 1 de octubre en horario de 12:30h. a 15:00h.<\/strong><\/h1>\n<p>[\/et_pb_text][\/et_pb_column][\/et_pb_row][et_pb_row column_structure=\u00bb1_2,1_2&#8243; _builder_version=\u00bb4.18.0&#8243; _module_preset=\u00bbdefault\u00bb global_colors_info=\u00bb{}\u00bb][et_pb_column type=\u00bb1_2&#8243; _builder_version=\u00bb4.18.0&#8243; _module_preset=\u00bbdefault\u00bb global_colors_info=\u00bb{}\u00bb][et_pb_blurb title=\u00bbAqu\u00ed podr\u00e1s descargar el men\u00fa\u00bb url_new_window=\u00bbon\u00bb image=\u00bbhttps:\/\/parroquiaanunciacion.com\/colegio\/wp-content\/uploads\/2020\/11\/ComedorEscolar-Logo.png\u00bb _builder_version=\u00bb4.18.0&#8243; _module_preset=\u00bbdefault\u00bb global_colors_info=\u00bb{}\u00bb]<\/p>\n<p>Pr\u00f3ximamente.<\/p>\n<p>En el documento puedes encontrar los datos nutricionales y sugerencias complementarias para elaborar las cenas.<\/p>\n<p>[\/et_pb_blurb][\/et_pb_column][et_pb_column type=\u00bb1_2&#8243; _builder_version=\u00bb4.18.0&#8243; _module_preset=\u00bbdefault\u00bb global_colors_info=\u00bb{}\u00bb][et_pb_text _builder_version=\u00bb4.18.0&#8243; _module_preset=\u00bbdefault\u00bb global_colors_info=\u00bb{}\u00bb]<\/p>\n<p>El servicio de comedor escolar comenzar\u00e1 el d\u00eda 1 de octubre de 2024.<\/p>\n<p>El precio del comedor\u00a0es de 120\u20ac mensuales y 8\u20ac el d\u00eda suelto.<\/p>\n<p>Aquellas familias que necesiten que sus\u00a0hijos\/as hagan uso de este servicio y tengan dificultades econ\u00f3micas para pagarlo,\u00a0podr\u00e1n solicitar la beca de la parroquia o del colegio en secretar\u00eda. Para ello, deber\u00e1n\u00a0cumplimentar el siguiente formulario y aportar toda la documentaci\u00f3n para que la beca\u00a0<span>pueda tramitarse:\u00a0<\/span><\/p>\n<p>[\/et_pb_text][et_pb_button button_url=\u00bbhttps:\/\/forms.gle\/KvoWizxdirXxRrVX6&#8243; button_text=\u00bbSolicitud de Beca de Comedor 2024\/2025&#8243; button_alignment=\u00bbcenter\u00bb _builder_version=\u00bb4.27.2&#8243; _module_preset=\u00bbdefault\u00bb global_colors_info=\u00bb{}\u00bb][\/et_pb_button][\/et_pb_column][\/et_pb_row][\/et_pb_section]<\/p>\n","protected":false},"excerpt":{"rendered":"<p>El servicio de comedor escolar comenzar\u00e1 a funcionar el martes 1 de octubre en horario de 12:30h. a 15:00h.Pr\u00f3ximamente. En el documento puedes encontrar los datos nutricionales y sugerencias complementarias para elaborar las cenas.El servicio de comedor escolar comenzar\u00e1 el d\u00eda 1 de octubre de 2024. El precio del comedor\u00a0es de 120\u20ac mensuales y 8\u20ac [&hellip;]<\/p>\n","protected":false},"author":1,"featured_media":0,"parent":0,"menu_order":0,"comment_status":"closed","ping_status":"closed","template":"","meta":{"_et_pb_use_builder":"on","_et_pb_old_content":"","_et_gb_content_width":"","jetpack_post_was_ever_published":false,"footnotes":""},"class_list":["post-3690","page","type-page","status-publish","hentry"],"jetpack_sharing_enabled":true,"jetpack_shortlink":"https:\/\/wp.me\/P2dxaQ-Xw","_links":{"self":[{"href":"https:\/\/parroquiaanunciacion.com\/colegio\/wp-json\/wp\/v2\/pages\/3690","targetHints":{"allow":["GET"]}}],"collection":[{"href":"https:\/\/parroquiaanunciacion.com\/colegio\/wp-json\/wp\/v2\/pages"}],"about":[{"href":"https:\/\/parroquiaanunciacion.com\/colegio\/wp-json\/wp\/v2\/types\/page"}],"author":[{"embeddable":true,"href":"https:\/\/parroquiaanunciacion.com\/colegio\/wp-json\/wp\/v2\/users\/1"}],"replies":[{"embeddable":true,"href":"https:\/\/parroquiaanunciacion.com\/colegio\/wp-json\/wp\/v2\/comments?post=3690"}],"version-history":[{"count":19,"href":"https:\/\/parroquiaanunciacion.com\/colegio\/wp-json\/wp\/v2\/pages\/3690\/revisions"}],"predecessor-version":[{"id":3859,"href":"https:\/\/parroquiaanunciacion.com\/colegio\/wp-json\/wp\/v2\/pages\/3690\/revisions\/3859"}],"wp:attachment":[{"href":"https:\/\/parroquiaanunciacion.com\/colegio\/wp-json\/wp\/v2\/media?parent=3690"}],"curies":[{"name":"wp","href":"https:\/\/api.w.org\/{rel}","templated":true}]}}