{"id":3823,"date":"2023-06-02T09:33:09","date_gmt":"2023-06-02T07:33:09","guid":{"rendered":"https:\/\/parroquiaanunciacion.com\/colegio\/?page_id=3823"},"modified":"2023-06-02T09:33:09","modified_gmt":"2023-06-02T07:33:09","slug":"plan-de-convivencia-escolar","status":"publish","type":"page","link":"https:\/\/parroquiaanunciacion.com\/colegio\/plan-de-convivencia-escolar\/","title":{"rendered":"Plan de Convivencia Escolar"},"content":{"rendered":"\n[et_pb_section fb_built=\u00bb1&#8243; theme_builder_area=\u00bbpost_content\u00bb _builder_version=\u00bb4.21.0&#8243; _module_preset=\u00bbdefault\u00bb][et_pb_row _builder_version=\u00bb4.21.0&#8243; _module_preset=\u00bbdefault\u00bb column_structure=\u00bb1_3,2_3&#8243; theme_builder_area=\u00bbpost_content\u00bb][et_pb_column _builder_version=\u00bb4.21.0&#8243; _module_preset=\u00bbdefault\u00bb type=\u00bb1_3&#8243; theme_builder_area=\u00bbpost_content\u00bb][et_pb_image src=\u00bbhttps:\/\/parroquiaanunciacion.com\/colegio\/wp-content\/uploads\/2023\/06\/IMG_0452-1024&#215;768.jpg\u00bb _builder_version=\u00bb4.21.0&#8243; _module_preset=\u00bbdefault\u00bb theme_builder_area=\u00bbpost_content\u00bb title_text=\u00bbIMG_0452&#8243; hover_enabled=\u00bb0&#8243; sticky_enabled=\u00bb0&#8243;][\/et_pb_image][\/et_pb_column][et_pb_column _builder_version=\u00bb4.21.0&#8243; _module_preset=\u00bbdefault\u00bb type=\u00bb2_3&#8243; theme_builder_area=\u00bbpost_content\u00bb][et_pb_blurb title=\u00bbPlan de Convivencia Escolar\u00bb _builder_version=\u00bb4.21.0&#8243; _module_preset=\u00bbdefault\u00bb theme_builder_area=\u00bbpost_content\u00bb hover_enabled=\u00bb0&#8243; sticky_enabled=\u00bb0&#8243; use_icon=\u00bbon\u00bb font_icon=\u00bb&#xf004;||fa||900&#8243; icon_placement=\u00bbleft\u00bb text_orientation=\u00bbjustified\u00bb header_level=\u00bbh3&#8243; content_max_width=\u00bb721px\u00bb]<p style=\"font-weight: 400;\">La convivencia escolar es uno de los aspectos fundamentales dentro de los principios de la educaci\u00f3n, ya que es clave en el proceso de socializaci\u00f3n del alumnado. Es necesario regular esta cuesti\u00f3n para potenciar su mejora y correcto desarrollo con el objetivo de lograr un plan de convivencia basado en valores como la empat\u00eda, el respeto, la igualdad y la tolerancia.<\/p>\n<p style=\"font-weight: 400;\">Este documento sirve para velar por el buen funcionamiento del centro educativo y recoge todo lo relevante para que esto se lleve a cabo.<\/p>[\/et_pb_blurb][\/et_pb_column][\/et_pb_row][et_pb_row _builder_version=\u00bb4.21.0&#8243; _module_preset=\u00bbdefault\u00bb column_structure=\u00bb1_3,1_3,1_3&#8243; theme_builder_area=\u00bbpost_content\u00bb][et_pb_column _builder_version=\u00bb4.21.0&#8243; _module_preset=\u00bbdefault\u00bb type=\u00bb1_3&#8243; theme_builder_area=\u00bbpost_content\u00bb][\/et_pb_column][et_pb_column _builder_version=\u00bb4.21.0&#8243; _module_preset=\u00bbdefault\u00bb type=\u00bb1_3&#8243; theme_builder_area=\u00bbpost_content\u00bb][et_pb_blurb title=\u00bbDescargar Plan de Convivencia Escolar\u00bb image=\u00bbhttps:\/\/parroquiaanunciacion.com\/colegio\/wp-content\/uploads\/2023\/06\/pdf.png\u00bb _builder_version=\u00bb4.21.0&#8243; _module_preset=\u00bbdefault\u00bb theme_builder_area=\u00bbpost_content\u00bb title_text=\u00bbpdf\u00bb hover_enabled=\u00bb0&#8243; sticky_enabled=\u00bb0&#8243; image_icon_width=\u00bb30%\u00bb header_level=\u00bbh2&#8243; header_text_align=\u00bbcenter\u00bb url=\u00bbhttps:\/\/parroquiaanunciacion.com\/colegio\/wp-content\/uploads\/2023\/06\/PLAN-DE-CONVIVENCIA-WEB.pdf\u00bb link_option_url=\u00bbhttps:\/\/parroquiaanunciacion.com\/colegio\/wp-content\/uploads\/2023\/06\/PLAN-DE-CONVIVENCIA-WEB.pdf\u00bb url_new_window=\u00bbon\u00bb][\/et_pb_blurb][\/et_pb_column][et_pb_column _builder_version=\u00bb4.21.0&#8243; _module_preset=\u00bbdefault\u00bb type=\u00bb1_3&#8243; theme_builder_area=\u00bbpost_content\u00bb][\/et_pb_column][\/et_pb_row][\/et_pb_section]\n","protected":false},"excerpt":{"rendered":"<p>La convivencia escolar es uno de los aspectos fundamentales dentro de los principios de la educaci\u00f3n, ya que es clave en el proceso de socializaci\u00f3n del alumnado. Es necesario regular esta cuesti\u00f3n para potenciar su mejora y correcto desarrollo con el objetivo de lograr un plan de convivencia basado en valores como la empat\u00eda, el [&hellip;]<\/p>\n","protected":false},"author":1,"featured_media":0,"parent":0,"menu_order":0,"comment_status":"closed","ping_status":"closed","template":"","meta":{"_et_pb_use_builder":"on","_et_pb_old_content":"","_et_gb_content_width":"","jetpack_post_was_ever_published":false,"footnotes":""},"class_list":["post-3823","page","type-page","status-publish","hentry"],"jetpack_sharing_enabled":true,"jetpack_shortlink":"https:\/\/wp.me\/P2dxaQ-ZF","_links":{"self":[{"href":"https:\/\/parroquiaanunciacion.com\/colegio\/wp-json\/wp\/v2\/pages\/3823","targetHints":{"allow":["GET"]}}],"collection":[{"href":"https:\/\/parroquiaanunciacion.com\/colegio\/wp-json\/wp\/v2\/pages"}],"about":[{"href":"https:\/\/parroquiaanunciacion.com\/colegio\/wp-json\/wp\/v2\/types\/page"}],"author":[{"embeddable":true,"href":"https:\/\/parroquiaanunciacion.com\/colegio\/wp-json\/wp\/v2\/users\/1"}],"replies":[{"embeddable":true,"href":"https:\/\/parroquiaanunciacion.com\/colegio\/wp-json\/wp\/v2\/comments?post=3823"}],"version-history":[{"count":3,"href":"https:\/\/parroquiaanunciacion.com\/colegio\/wp-json\/wp\/v2\/pages\/3823\/revisions"}],"predecessor-version":[{"id":3831,"href":"https:\/\/parroquiaanunciacion.com\/colegio\/wp-json\/wp\/v2\/pages\/3823\/revisions\/3831"}],"wp:attachment":[{"href":"https:\/\/parroquiaanunciacion.com\/colegio\/wp-json\/wp\/v2\/media?parent=3823"}],"curies":[{"name":"wp","href":"https:\/\/api.w.org\/{rel}","templated":true}]}}